{"id":16,"date":"2024-05-22T13:40:16","date_gmt":"2024-05-22T13:40:16","guid":{"rendered":"https:\/\/startersites.io\/blocksy\/furniture\/?page_id=16"},"modified":"2026-03-24T14:51:15","modified_gmt":"2026-03-24T12:51:15","slug":"schetika","status":"publish","type":"page","link":"https:\/\/past-perfect.gr\/fr\/schetika\/","title":{"rendered":"A propos de"},"content":{"rendered":"<div class=\"wp-block-greenshift-blocks-container alignwide gspb_container gspb_container-gsbp-bdd2e83\" id=\"gspb_container-id-gsbp-bdd2e83\"><div class=\"gspb_backgroundOverlay\"><\/div><h2 style=\"margin-top:0;\" class=\"ct-dynamic-data wp-elements-f81743ea2a408759fd06141c4c623161 has-text-color has-white-color has-large-font-size\">A propos de<\/h2>\n\n<\/div>\n\n\n\n<div class=\"wp-block-greenshift-blocks-container gspb_container gspb_container-gsbp-2bf8d53\" id=\"gspb_container-id-gsbp-2bf8d53\">\n<h2 id=\"gspb_heading-id-gsbp-b352ba4\" class=\"gspb_heading gspb_heading-id-gsbp-b352ba4\">Restauration cr\u00e9ative et amour des belles choses anciennes<\/h2>\n\n\n\n<div id=\"gspb_text-id-gsbp-4c722aa\" class=\"gspb_text gspb_text-id-gsbp-4c722aa\">Chez Past Perfect, nous combinons l'esth\u00e9tique du pass\u00e9 avec des mat\u00e9riaux modernes et des techniques de peinture \u00e0 la craie pour rehausser la valeur de chaque vieux meuble. La cr\u00e9ativit\u00e9, la connaissance et l'amour du fait main sont dans notre ADN.<\/div>\n<\/div>\n\n\n\n<div class=\"wp-block-greenshift-blocks-image gspb_image gspb_image-id-gsbp-88cf875\" id=\"gspb_image-id-gsbp-88cf875\"><img decoding=\"async\" src=\"https:\/\/past-perfect.gr\/wp-content\/uploads\/2025\/06\/\u03a3\u03c7\u03b5\u03c4\u03b9\u03ba\u03ac-Image-1.webp\" data-src=\"\" alt=\"A propos de \" loading=\"lazy\" width=\"1944\" height=\"759\"\/><\/div>\n\n\n\n<div class=\"wp-block-greenshift-blocks-container gspb_container gspb_container-gsbp-dd774a8\" id=\"gspb_container-id-gsbp-dd774a8\">\n<h2 id=\"gspb_heading-id-gsbp-fe0767a\" class=\"gspb_heading gspb_heading-id-gsbp-fe0767a\">Qui sommes-nous ?<\/h2>\n\n\n\n<div id=\"gspb_text-id-gsbp-65e14f4\" class=\"gspb_text gspb_text-id-gsbp-65e14f4\">Notre amour pour l'intemporel, le fait main et l'art de la restauration a \u00e9t\u00e9 le point de d\u00e9part de la cr\u00e9ation de Past Perfect. Nous avons commenc\u00e9 avec l'objectif de transmettre la beaut\u00e9 de la technique de la peinture \u00e0 la craie et de redonner vie \u00e0 des objets anciens, en respectant leur histoire et en mettant l'accent sur le style personnel.<\/div>\n<\/div>\n\n\n\n<div class=\"wp-block-greenshift-blocks-row gspb_row gspb_row-id-gsbp-f1d35d1 gspb_row--gutter-custom-0\" id=\"gspb_row-id-gsbp-f1d35d1\"><div class=\"gspb_row__content\"> \n<div class=\"wp-block-greenshift-blocks-row-column gspb_row__col--4 gspb_col-id-gsbp-04f1928\" id=\"gspb_col-id-gsbp-04f1928\">\n<div class=\"wp-block-greenshift-blocks-image gspb_image gspb_image-id-gsbp-4639f57\" id=\"gspb_image-id-gsbp-4639f57\"><img decoding=\"async\" src=\"https:\/\/past-perfect.gr\/wp-content\/uploads\/2025\/06\/\u03a7\u03c1\u03b9\u03c3\u03c4\u03af\u03bd\u03b1-\u0393\u03bf\u03cd\u03bd\u03b1\u03c1\u03b7-New.webp\" data-src=\"\" alt=\"Christina Gounari\" loading=\"lazy\" width=\"624\" height=\"625\"\/><\/div>\n\n\n\n<div class=\"wp-block-greenshift-blocks-container gspb_container gspb_container-gsbp-fbd916a\" id=\"gspb_container-id-gsbp-fbd916a\">\n<h6 id=\"gspb_heading-id-gsbp-cdbc7a9\" class=\"gspb_heading gspb_heading-id-gsbp-cdbc7a9\">Christina Gounari<\/h6>\n\n\n\n<div id=\"gspb_text-id-gsbp-d18015d\" class=\"gspb_text gspb_text-id-gsbp-d18015d\">Propri\u00e9taire<\/div>\n<\/div>\n<\/div>\n\n\n\n<div class=\"wp-block-greenshift-blocks-row-column gspb_row__col--8 gspb_col-id-gsbp-01b940f\" id=\"gspb_col-id-gsbp-01b940f\">\n<div id=\"gspb_text-id-gsbp-0bdf6dc\" class=\"gspb_text gspb_text-id-gsbp-0bdf6dc\">L'\u00e2me de Past Perfect, c'est Christina Goounari. Forte de nombreuses ann\u00e9es d'exp\u00e9rience dans le domaine de la d\u00e9coration et de l'\u00e9ducation, elle allie sa passion pour la cr\u00e9ation \u00e0 son amour des r\u00e9sultats naturels, \u00e9cologiques et esth\u00e9tiques.<br><br>Christina propose des ateliers de restauration dans des environnements physiques et en ligne, guidant des dizaines de personnes \u00e0 s'exprimer \u00e0 travers l'art de la peinture \u00e0 la craie. Chaque projet, chaque cr\u00e9ation, est l'occasion de donner une nouvelle vie \u00e0 quelque chose que nous aimons d\u00e9j\u00e0.<\/div>\n\n\n\n<h5 id=\"gspb_heading-id-gsbp-d6fcb1d\" class=\"gspb_heading gspb_heading-id-gsbp-d6fcb1d\">\"\u00c0 travers chaque s\u00e9minaire et chaque produit que nous proposons, nous voulons transmettre la valeur de l'authenticit\u00e9, de la qualit\u00e9 et du soin apport\u00e9 \u00e0 la fabrication.<\/h5>\n<\/div>\n <\/div><\/div>\n\n\n\n<div class=\"wp-block-greenshift-blocks-row gspb_row gspb_row-id-gsbp-472aee0 gspb_row--gutter-custom-0\" id=\"gspb_row-id-gsbp-472aee0\"><div class=\"gspb_row__content\"> \n<div class=\"wp-block-greenshift-blocks-row-column gspb_row__col--6 gspb_col-id-gsbp-7cd92c2\" id=\"gspb_col-id-gsbp-7cd92c2\">\n<h3 id=\"gspb_heading-id-gsbp-3e538a3\" class=\"gspb_heading gspb_heading-id-gsbp-3e538a3\">Nous sommes l\u00e0 pour vous inspirer<\/h3>\n\n\n\n<div id=\"gspb_text-id-gsbp-97564a5\" class=\"gspb_text gspb_text-id-gsbp-97564a5\">Si vous souhaitez apprendre \u00e0 transformer votre espace ou commencer votre propre voyage cr\u00e9atif avec la peinture \u00e0 la craie, nous sommes l\u00e0 pour vous guider. Avec des produits, des conseils et des tutoriels qui respectent votre style et votre personnalit\u00e9.<\/div>\n\n\n\n<div class=\"gspb_button_wrapper gspb_button-id-gsbp-489e23f\" id=\"gspb_button-id-gsbp-489e23f\"><a class=\"wp-block-greenshift-blocks-buttonbox gspb-buttonbox wp-element-button\" href=\"https:\/\/past-perfect.gr\/%cf%83%ce%b5%ce%bc%ce%b9%ce%bd%ce%ac%cf%81%ce%b9%ce%b1\/\" rel=\"noopener\"><span class=\"gspb-buttonbox-textwrap\"><span class=\"gspb-buttonbox-text\"><span class=\"gspb-buttonbox-title\">En savoir plus sur nos s\u00e9minaires<\/span><\/span><span class=\"gspb-buttonbox-icon\"><svg xmlns=\"http:\/\/www.w3.org\/2000\/svg\" style=\"width:5rem;height:5rem;margin:10px\" viewbox=\"0 0 20 13.549\">\n  <path d=\"M19.755 7.402c-.015.018-.02.04-.037.057l-5.806 5.806a.965.965 0 0 1-1.369 0 .967.967 0 0 1 0-1.368l4.155-4.155H.968a.968.968 0 1 1 0-1.935h15.73l-4.155-4.155A.967.967 0 1 1 13.912.284l5.806 5.806c.02.02.028.047.046.069a.957.957 0 0 1 .162.244c.099.237.099.505 0 .743a.96.96 0 0 1-.17.256Z\"><\/path>\n<\/svg><\/span><\/span><\/a><\/div>\n<\/div>\n\n\n\n<div class=\"wp-block-greenshift-blocks-row-column gspb_row__col--6 gspb_col-id-gsbp-c0774bd\" id=\"gspb_col-id-gsbp-c0774bd\">\n<div class=\"wp-block-greenshift-blocks-image gspb_image gspb_image-id-gsbp-f86ed57\" id=\"gspb_image-id-gsbp-f86ed57\"><img decoding=\"async\" src=\"https:\/\/past-perfect.gr\/wp-content\/uploads\/2025\/06\/\u0395\u03af\u03bc\u03b1\u03c3\u03c4\u03b5-\u03b5\u03b4\u03ce-\u03b3\u03b9\u03b1-\u03bd\u03b1-\u03c3\u03b5-\u03b5\u03bc\u03c0\u03bd\u03b5\u03cd\u03c3\u03bf\u03c5\u03bc\u03b5.webp\" data-src=\"\" alt=\"\" loading=\"lazy\" width=\"954\" height=\"882\"\/><\/div>\n<\/div>\n <\/div><\/div>\n\n\n\n<div class=\"wp-block-greenshift-blocks-row alignfull gspb_row gspb_row-id-gsbp-3f48ec3 gspb_row--gutter-custom-0\" id=\"gspb_row-id-gsbp-3f48ec3\"><div class=\"gspb_row__content\"> \n<div class=\"wp-block-greenshift-blocks-row-column gspb_row__col--6 gspb_row__col--xs-12 gspb_col-id-gsbp-7878ec3\" id=\"gspb_col-id-gsbp-7878ec3\">\n<div class=\"wp-block-greenshift-blocks-image gspb_image gspb_image-id-gsbp-5942efa\" id=\"gspb_image-id-gsbp-5942efa\"><img decoding=\"async\" src=\"https:\/\/past-perfect.gr\/wp-content\/uploads\/2024\/05\/subscribe-section-image.webp\" data-src=\"\" alt=\"\" loading=\"lazy\" width=\"80\" height=\"192\"\/><\/div>\n\n\n\n<div class=\"wp-block-greenshift-blocks-container gspb_container gspb_container-gsbp-caf7120\" id=\"gspb_container-id-gsbp-caf7120\">\n<h3 id=\"gspb_heading-id-gsbp-eb18828\" class=\"gspb_heading gspb_heading-id-gsbp-eb18828\">Inspiration, couleur et style pour chaque cr\u00e9ation<\/h3>\n\n\n\n<div id=\"gspb_text-id-gsbp-153861e\" class=\"gspb_text gspb_text-id-gsbp-153861e\">Suivez-nous pour d\u00e9couvrir de nouvelles id\u00e9es, des produits uniques et des conseils de bricolage qui vous aideront \u00e0 transformer chaque coin de votre maison.<\/div>\n<\/div>\n<\/div>\n\n\n\n<div class=\"wp-block-greenshift-blocks-row-column gspb_row__col--6 gspb_row__col--xs-12 gspb_col-id-gsbp-2abc868\" id=\"gspb_col-id-gsbp-2abc868\"><div class=\"ct-block-wrapper\">\n<div class=\"ct-newsletter-subscribe-block\">\t<form action=\"https:\/\/past-perfect.us20.list-manage.com\/subscribe?u=e63b9ff40372520268eff734e&amp;id=e9c7ab5646\" method=\"post\" target=\"_blank\" class=\"ct-newsletter-subscribe-form\" data-provider=\"mailchimp:e9c7ab5646\" style=\"--theme-form-text-initial-color:var(--wp--preset--color--palette-color-5);--theme-form-text-focus-color:var(--wp--preset--color--palette-color-5);--theme-form-field-border-initial-color:var(--wp--preset--color--palette-color-5);--theme-form-field-border-focus-color:var(--wp--preset--color--palette-color-5);\">\n\n\t\t<div class=\"ct-newsletter-subscribe-form-elements\" data-columns=\"2\" data-container=\"boxed\">\n\t\t\t\n\t\t\t<input\n\t\t\t\ttype=\"email\"\n\t\t\t\tname=\"EMAIL\"\n\t\t\t\tplaceholder=\"Votre e-mail *\"\n\t\t\t\ttitle=\"Adresse e-mail\"\n\t\t\t\taria-label=\"Adresse e-mail\"\n\t\t\t\trequired>\n\n\t\t\t<button class=\"wp-element-button\" >\n\t\t\t\tS'inscrire\t\t\t<\/button>\n\t\t<\/div>\n\n\t\t\n\t\t<div class=\"ct-newsletter-subscribe-message\"><\/div>\n\t<\/form>\n\n<\/div>\n\n<\/div><\/div>\n <\/div><\/div>","protected":false},"excerpt":{"rendered":"","protected":false},"author":1,"featured_media":0,"parent":0,"menu_order":0,"comment_status":"closed","ping_status":"closed","template":"","meta":{"_gspb_post_css":".gspb_container-id-gsbp-2bf8d53,.gspb_container-id-gsbp-bdd2e83{flex-direction:column;box-sizing:border-box}#gspb_container-id-gsbp-2bf8d53.gspb_container>p:last-of-type,#gspb_container-id-gsbp-bdd2e83.gspb_container>p:last-of-type,#gspb_container-id-gsbp-caf7120.gspb_container>p:last-of-type,#gspb_container-id-gsbp-dd774a8.gspb_container>p:last-of-type,#gspb_container-id-gsbp-fbd916a.gspb_container>p:last-of-type{margin-bottom:0}#gspb_container-id-gsbp-bdd2e83.gspb_container{position:relative;display:flex;flex-direction:column;justify-content:center;align-items:center;margin-top:50px;margin-bottom:60px;overflow:hidden}@media (max-width:991.98px){#gspb_container-id-gsbp-bdd2e83.gspb_container{margin-top:30px;margin-bottom:40px}}#gspb_container-id-gsbp-bdd2e83.gspb_container,#gspb_container-id-gsbp-bdd2e83.gspb_container>.gspb_backgroundOverlay{border-top-left-radius:30px;border-top-right-radius:30px;border-bottom-right-radius:30px;border-bottom-left-radius:30px}@media (max-width:991.98px){#gspb_container-id-gsbp-bdd2e83.gspb_container{border-top-left-radius:20px;border-top-right-radius:20px;border-bottom-right-radius:20px;border-bottom-left-radius:20px}}@media (max-width:991.98px){#gspb_container-id-gsbp-bdd2e83.gspb_container>.gspb_backgroundOverlay{border-top-left-radius:20px;border-top-right-radius:20px;border-bottom-right-radius:20px;border-bottom-left-radius:20px}}#gspb_container-id-gsbp-bdd2e83.gspb_container{background-size:cover;background-repeat:no-repeat}@media (max-width:575.98px){#gspb_container-id-gsbp-bdd2e83.gspb_container{background-position:38% 40%}}#gspb_container-id-gsbp-bdd2e83.gspb_container{background-image:url(https:\/\/past-perfect.gr\/wp-content\/uploads\/2025\/06\/\u03a3\u03c7\u03b5\u03c4\u03b9\u03ba\u03ac.webp);isolation:isolate;box-sizing:border-box;height:350px}#gspb_container-id-gsbp-bdd2e83.gspb_container:hover{background-size:cover}#gspb_container-id-gsbp-bdd2e83.gspb_container>.gspb_backgroundOverlay{position:absolute;top:0;left:0;width:100%;height:100%;z-index:-1;opacity:1;background-color:#15242082}@media (max-width:991.98px){#gspb_container-id-gsbp-bdd2e83.gspb_container{height:300px}}#gspb_container-id-gsbp-2bf8d53.gspb_container{position:relative;display:flex;flex-direction:column;align-items:center;margin-bottom:50px}@media (max-width:991.98px){#gspb_container-id-gsbp-2bf8d53.gspb_container{margin-bottom:40px}}#gspb_container-id-gsbp-2bf8d53.gspb_container{box-sizing:border-box}@media (max-width:575.98px){#gspb_heading-id-gsbp-b352ba4,#gspb_heading-id-gsbp-b352ba4 .gsap-g-line{text-align:center!important}}.gspb_text-id-gsbp-4c722aa,.gspb_text-id-gsbp-4c722aa .gsap-g-line{text-align:center!important}.gspb_text-id-gsbp-4c722aa{max-width:550px}#gspb_image-id-gsbp-88cf875 img{vertical-align:top;display:inline-block;box-sizing:border-box;max-width:100%;height:auto}.gspb_container-id-gsbp-dd774a8{flex-direction:column;box-sizing:border-box}#gspb_container-id-gsbp-dd774a8.gspb_container{position:relative;display:flex;flex-direction:column;align-items:center;margin-bottom:50px}@media (max-width:991.98px){#gspb_container-id-gsbp-dd774a8.gspb_container{margin-bottom:40px}}#gspb_container-id-gsbp-dd774a8.gspb_container,div[id^=gspb_col-id]{box-sizing:border-box}#gspb_heading-id-gsbp-b352ba4,#gspb_heading-id-gsbp-fe0767a{color:var(--wp--preset--color--palette-color-1, var(--theme-palette-color-1, #007490));margin-top:0}.gspb_text-id-gsbp-65e14f4,.gspb_text-id-gsbp-65e14f4 .gsap-g-line{text-align:center!important}.gspb_text-id-gsbp-65e14f4{max-width:550px}#gspb_row-id-gsbp-f1d35d1{justify-content:space-between;margin-top:0;display:flex;flex-wrap:wrap;margin-bottom:100px}#gspb_row-id-gsbp-f1d35d1>.gspb_row__content{display:flex;justify-content:space-between;margin:0 auto;width:100%;flex-wrap:wrap;row-gap:30px}div[id^=gspb_col-id]{position:relative;padding:var(--gs-row-column-padding, 15px min(3vw, 20px))}body.gspb-bodyfront #gspb_row-id-gsbp-f1d35d1>.gspb_row__content{width:var(--theme-container-width, 1200px);max-width:var(--theme-normal-container-max-width, 1200px)}@media (max-width:991.98px){#gspb_row-id-gsbp-f1d35d1{margin-bottom:80px}}#gspb_col-id-gsbp-04f1928.gspb_row__col--4{width:calc(33.333333333333336% - 15px)}@media (max-width:991.98px){#gspb_col-id-gsbp-04f1928.gspb_row__col--4{width:calc(33.333333333333336% - 15px)}}@media (max-width:767.98px){#gspb_col-id-gsbp-04f1928.gspb_row__col--4{width:calc(33.333333333333336% - 15px)}}@media (max-width:575.98px){#gspb_col-id-gsbp-04f1928.gspb_row__col--4{width:100%}}.gspb_row #gspb_col-id-gsbp-04f1928.gspb_row__col--4{padding:0}#gspb_image-id-gsbp-4639f57 img,#gspb_image-id-gsbp-88cf875 img{border-top-left-radius:20px;border-top-right-radius:20px;border-bottom-right-radius:20px;border-bottom-left-radius:20px}.gspb_container-id-gsbp-fbd916a{flex-direction:column;box-sizing:border-box}#gspb_container-id-gsbp-fbd916a.gspb_container{position:relative;padding:10px 20px;background-color:var(--wp--preset--color--palette-color-8, var(--theme-palette-color-8, #ffffff))}body.gspb-bodyfront #gspb_container-id-gsbp-fbd916a.gspb_container{position:absolute;bottom:30px;left:30px}@media (max-width:991.98px){body.gspb-bodyfront #gspb_container-id-gsbp-fbd916a.gspb_container{bottom:20px;left:20px}}#gspb_container-id-gsbp-fbd916a.gspb_container,#gspb_container-id-gsbp-fbd916a.gspb_container>.gspb_backgroundOverlay{border-top-left-radius:10px;border-top-right-radius:10px;border-bottom-right-radius:10px;border-bottom-left-radius:10px}@media (max-width:991.98px){#gspb_container-id-gsbp-fbd916a.gspb_container{background-color:var(--wp--preset--color--palette-color-8, var(--theme-palette-color-8, #ffffff))}}@media (max-width:767.98px){#gspb_container-id-gsbp-fbd916a.gspb_container{background-color:var(--wp--preset--color--palette-color-8, var(--theme-palette-color-8, #ffffff))}}@media (max-width:575.98px){#gspb_container-id-gsbp-fbd916a.gspb_container{background-color:var(--wp--preset--color--palette-color-8, var(--theme-palette-color-8, #ffffff))}}#gspb_container-id-gsbp-fbd916a.gspb_container{box-sizing:border-box}body.gspb-bodyfront #gspb_container-id-gsbp-fbd916a.gspb_container{max-width:fit-content}#gspb_heading-id-gsbp-cdbc7a9{margin-top:0;margin-bottom:0}#gspb_col-id-gsbp-01b940f.gspb_row__col--8{width:calc(66.66666666666667% - 15px)}@media (max-width:991.98px){#gspb_col-id-gsbp-01b940f.gspb_row__col--8{width:calc(66.66666666666667% - 15px)}}@media (max-width:767.98px){#gspb_col-id-gsbp-01b940f.gspb_row__col--8{width:calc(66.66666666666667% - 15px)}}@media (max-width:575.98px){#gspb_col-id-gsbp-01b940f.gspb_row__col--8{width:100%}}.gspb_row #gspb_col-id-gsbp-01b940f.gspb_row__col--8{padding:50px}@media (max-width:575.98px){.gspb_row #gspb_col-id-gsbp-01b940f.gspb_row__col--8{padding:10px}}body #gspb_col-id-gsbp-01b940f.gspb_row__col--8{display:flex;align-items:center;column-gap:50px}@media (max-width:575.98px){body #gspb_col-id-gsbp-01b940f.gspb_row__col--8{flex-direction:column;column-gap:0}.gspb_text-id-gsbp-0bdf6dc{margin-bottom:25px!important}}#gspb_heading-id-gsbp-d6fcb1d{color:var(--wp--preset--color--palette-color-1, var(--theme-palette-color-1, #007490))}#gspb_row-id-gsbp-472aee0{justify-content:space-between;margin-top:0;display:flex;flex-wrap:wrap;align-content:center;margin-bottom:100px}#gspb_row-id-gsbp-472aee0>.gspb_row__content{display:flex;justify-content:space-between;margin:0 auto;width:100%;flex-wrap:wrap}@media (max-width:575.98px){#gspb_row-id-gsbp-472aee0>.gspb_row__content{row-gap:50px}}#gspb_row-id-gsbp-472aee0>.gspb_row__content{align-items:center}body.gspb-bodyfront #gspb_row-id-gsbp-472aee0>.gspb_row__content{width:var(--theme-container-width, 1200px);max-width:var(--theme-normal-container-max-width, 1200px)}@media (max-width:991.98px){#gspb_row-id-gsbp-472aee0{margin-bottom:80px}}#gspb_col-id-gsbp-7cd92c2.gspb_row__col--6{width:calc(50% - 25px)}@media (max-width:991.98px){#gspb_col-id-gsbp-7cd92c2.gspb_row__col--6{width:calc(50% - 25px)}}@media (max-width:767.98px){#gspb_col-id-gsbp-7cd92c2.gspb_row__col--6{width:calc(50% - 25px)}}@media (max-width:575.98px){#gspb_col-id-gsbp-7cd92c2.gspb_row__col--6{width:100%}}@media (min-width:992px){body.gspb-bodyfront #gspb_col-id-gsbp-7cd92c2.gspb_row__col--6{width:calc(40% - 0px - 25px)}}.gspb_row #gspb_col-id-gsbp-7cd92c2.gspb_row__col--6{padding:0}@media (max-width:575.98px){#gspb_heading-id-gsbp-3e538a3,#gspb_heading-id-gsbp-3e538a3 .gsap-g-line{text-align:center!important}}#gspb_heading-id-gsbp-3e538a3{color:var(--wp--preset--color--palette-color-1, var(--theme-palette-color-1, #007490));margin-top:0}@media (max-width:575.98px){.gspb_text-id-gsbp-97564a5,.gspb_text-id-gsbp-97564a5 .gsap-g-line{text-align:center!important}}.gspb_text-id-gsbp-97564a5{margin-bottom:40px!important}#gspb_button-id-gsbp-489e23f{display:flex;justify-content:flex-start}#gspb_button-id-gsbp-489e23f .gspb-buttonbox-text{display:flex;flex-direction:column}#gspb_button-id-gsbp-489e23f>.gspb-buttonbox{box-sizing:border-box}#gspb_button-id-gsbp-489e23f>.gspb-buttonbox>.gspb-buttonbox-textwrap>.gspb-buttonbox-icon{display:flex}#gspb_button-id-gsbp-489e23f>.gspb-buttonbox .gspb-buttonbox-icon svg{height:15px!important;width:15px!important;min-width:15px!important;fill:currentColor!important;margin:0!important}#gspb_button-id-gsbp-489e23f>.gspb-buttonbox .gspb-buttonbox-icon svg path{fill:currentColor!important}#gspb_button-id-gsbp-489e23f>.gspb-buttonbox>.gspb-buttonbox-textwrap{display:flex;flex-direction:row;align-items:center}#gspb_button-id-gsbp-489e23f .gspb-buttonbox-icon{margin-left:13px}@media (max-width:575.98px){#gspb_button-id-gsbp-489e23f{justify-content:center}}#gspb_col-id-gsbp-c0774bd.gspb_row__col--6{width:calc(50% - 25px)}@media (max-width:991.98px){#gspb_col-id-gsbp-c0774bd.gspb_row__col--6{width:calc(50% - 25px)}}@media (max-width:767.98px){#gspb_col-id-gsbp-c0774bd.gspb_row__col--6{width:calc(50% - 25px)}}@media (max-width:575.98px){#gspb_col-id-gsbp-c0774bd.gspb_row__col--6{width:100%}}@media (min-width:992px){body.gspb-bodyfront #gspb_col-id-gsbp-c0774bd.gspb_row__col--6{width:calc(60% - 0px - 25px)}}.gspb_row #gspb_col-id-gsbp-2abc868.gspb_row__col--6,.gspb_row #gspb_col-id-gsbp-7878ec3.gspb_row__col--6,.gspb_row #gspb_col-id-gsbp-c0774bd.gspb_row__col--6{padding:0}#gspb_image-id-gsbp-4639f57 img,#gspb_image-id-gsbp-5942efa img,#gspb_image-id-gsbp-f86ed57 img{vertical-align:top;display:inline-block;box-sizing:border-box;max-width:100%;height:auto}#gspb_image-id-gsbp-f86ed57 img{border-top-left-radius:20px;border-top-right-radius:20px;border-bottom-right-radius:20px;border-bottom-left-radius:20px}#gspb_row-id-gsbp-3f48ec3{justify-content:space-between;margin-top:0;display:flex;flex-wrap:wrap;align-content:center;margin-bottom:0;padding-top:50px;padding-bottom:50px;background-color:var(--wp--preset--color--palette-color-1, var(--theme-palette-color-1, #007490))}#gspb_row-id-gsbp-3f48ec3>.gspb_row__content{display:flex;justify-content:space-between;margin:0 auto;width:100%;flex-wrap:wrap}.gspb_row{position:relative}@media (max-width:575.98px){#gspb_row-id-gsbp-3f48ec3>.gspb_row__content{row-gap:30px}}#gspb_row-id-gsbp-3f48ec3>.gspb_row__content{align-items:center}body.gspb-bodyfront #gspb_row-id-gsbp-3f48ec3>.gspb_row__content{width:var(--theme-container-width, 1200px);max-width:var(--theme-normal-container-max-width, 1200px)}@media (max-width:991.98px){#gspb_row-id-gsbp-3f48ec3{background-color:var(--wp--preset--color--palette-color-1, var(--theme-palette-color-1, #007490))}}@media (max-width:767.98px){#gspb_row-id-gsbp-3f48ec3{background-color:var(--wp--preset--color--palette-color-1, var(--theme-palette-color-1, #007490))}}@media (max-width:575.98px){#gspb_row-id-gsbp-3f48ec3{background-color:var(--wp--preset--color--palette-color-1, var(--theme-palette-color-1, #007490))}}#gspb_col-id-gsbp-7878ec3.gspb_row__col--6{width:calc(50% - 25px)}@media (max-width:991.98px){#gspb_col-id-gsbp-7878ec3.gspb_row__col--6{width:calc(50% - 25px)}}@media (max-width:767.98px){#gspb_col-id-gsbp-7878ec3.gspb_row__col--6{width:calc(50% - 25px)}}@media (max-width:575.98px){#gspb_col-id-gsbp-7878ec3.gspb_row__col--6{width:100%}}body #gspb_col-id-gsbp-7878ec3.gspb_row__col--6{display:flex;align-items:center;column-gap:30px}@media (max-width:575.98px){body #gspb_col-id-gsbp-7878ec3.gspb_row__col--6{justify-content:center}}#gspb_image-id-gsbp-5942efa img{width:80px}@media (max-width:575.98px){body #gspb_image-id-gsbp-5942efa{display:none!important}}@media (min-width:768px) and (max-width:991.98px){body #gspb_image-id-gsbp-5942efa{display:none!important}}#gspb_image-id-gsbp-5942efa{height:auto}@media (max-width:991.98px){#gspb_image-id-gsbp-5942efa,#gspb_image-id-gsbp-5942efa img{height:auto}}@media (max-width:767.98px){#gspb_image-id-gsbp-5942efa,#gspb_image-id-gsbp-5942efa img{height:auto}}@media (max-width:575.98px){#gspb_image-id-gsbp-5942efa,#gspb_image-id-gsbp-5942efa img{height:auto}}.gspb_container-id-gsbp-caf7120{flex-direction:column;box-sizing:border-box}#gspb_container-id-gsbp-caf7120.gspb_container{position:relative;box-sizing:border-box}#gspb_heading-id-gsbp-eb18828{font-size:17px}@media (max-width:575.98px){#gspb_heading-id-gsbp-eb18828,#gspb_heading-id-gsbp-eb18828 .gsap-g-line{text-align:center!important}}#gspb_heading-id-gsbp-eb18828{color:#fff;margin-top:0;margin-bottom:15px}.gspb_text-id-gsbp-153861e{font-size:15px}@media (max-width:575.98px){.gspb_text-id-gsbp-153861e,.gspb_text-id-gsbp-153861e .gsap-g-line{text-align:center!important}}.gspb_text-id-gsbp-153861e{color:var(--wp--preset--color--palette-color-5, var(--theme-palette-color-5, #E2EDEF))}#gspb_col-id-gsbp-2abc868.gspb_row__col--6{width:calc(50% - 25px)}@media (max-width:991.98px){#gspb_col-id-gsbp-2abc868.gspb_row__col--6{width:calc(50% - 25px)}}@media (max-width:767.98px){#gspb_col-id-gsbp-2abc868.gspb_row__col--6{width:calc(50% - 25px)}}@media (max-width:575.98px){#gspb_col-id-gsbp-2abc868.gspb_row__col--6{width:100%}}","footnotes":""},"class_list":["post-16","page","type-page","status-publish","hentry"],"blocksy_meta":{"has_hero_section":"disabled","vertical_spacing_source":"custom","content_area_spacing":"none","styles_descriptor":{"styles":{"desktop":"","tablet":"","mobile":""},"google_fonts":[],"version":6}},"_links":{"self":[{"href":"https:\/\/past-perfect.gr\/fr\/wp-json\/wp\/v2\/pages\/16","targetHints":{"allow":["GET"]}}],"collection":[{"href":"https:\/\/past-perfect.gr\/fr\/wp-json\/wp\/v2\/pages"}],"about":[{"href":"https:\/\/past-perfect.gr\/fr\/wp-json\/wp\/v2\/types\/page"}],"author":[{"embeddable":true,"href":"https:\/\/past-perfect.gr\/fr\/wp-json\/wp\/v2\/users\/1"}],"replies":[{"embeddable":true,"href":"https:\/\/past-perfect.gr\/fr\/wp-json\/wp\/v2\/comments?post=16"}],"version-history":[{"count":0,"href":"https:\/\/past-perfect.gr\/fr\/wp-json\/wp\/v2\/pages\/16\/revisions"}],"wp:attachment":[{"href":"https:\/\/past-perfect.gr\/fr\/wp-json\/wp\/v2\/media?parent=16"}],"curies":[{"name":"wp","href":"https:\/\/api.w.org\/{rel}","templated":true}]}}