{"id":928,"date":"2025-06-06T13:16:19","date_gmt":"2025-06-06T10:16:19","guid":{"rendered":"https:\/\/past-perfect.gr\/?page_id=928"},"modified":"2026-03-24T14:52:02","modified_gmt":"2026-03-24T12:52:02","slug":"politique-epistrophone","status":"publish","type":"page","link":"https:\/\/past-perfect.gr\/fr\/politiki-epistrofon\/","title":{"rendered":"Politique de retour"},"content":{"rendered":"<p>Chez Past Perfect, nous accordons une attention particuli\u00e8re \u00e0 la qualit\u00e9 de nos produits et nous traitons chaque commande avec coh\u00e9rence et responsabilit\u00e9. Veuillez lire attentivement notre politique de retour afin que la proc\u00e9dure soit claire.<\/p>\n\n\n\n<h1 class=\"wp-block-heading\" id=\"1-\u03c0\u03c1\u03bf\u03ca\u03cc\u03bd\u03c4\u03b1-\u03c0\u03bf\u03c5-\u03b4\u03b5\u03bd-\u03b5\u03c0\u03b9\u03c3\u03c4\u03c1\u03ad\u03c6\u03bf\u03bd\u03c4\u03b1\u03b9\">1. Produits non remboursables<\/h1>\n\n\n\n<p>Pour des raisons de qualit\u00e9, d'hygi\u00e8ne et pour garantir l'excellent \u00e9tat des produits, nous n'acceptons pas les retours pour les articles suivants :<\/p>\n\n\n\n<ul class=\"wp-block-list\">\n<li>Petites couleurs 150ml<\/li>\n\n\n\n<li>Transferts<\/li>\n\n\n\n<li>Tissus<\/li>\n\n\n\n<li>Meubles vendus pr\u00eats \u00e0 l'emploi, restaur\u00e9s et\/ou vendus \"en l'\u00e9tat\"<\/li>\n<\/ul>\n\n\n\n<p>Nous vous recommandons de lire attentivement les descriptions et de voir les photos des produits avant de les acheter.<\/p>\n\n\n\n<h1 class=\"wp-block-heading\" id=\"2-\u03bc\u03b5\u03b3\u03ac\u03bb\u03b1-\u03c7\u03c1\u03ce\u03bc\u03b1\u03c4\u03b1-750ml\">2. Grandes couleurs 750ml<\/h1>\n\n\n\n<p>Les grandes couleurs peuvent \u00eatre retourn\u00e9es dans les 3 jours calendaires suivant la date de r\u00e9ception, \u00e0 condition que :<\/p>\n\n\n\n<ul class=\"wp-block-list\">\n<li>Ils n'ont pas \u00e9t\u00e9 ouverts ou utilis\u00e9s,<\/li>\n\n\n\n<li>L'emballage est intact et propre,<\/li>\n\n\n\n<li>Il existe une preuve d'achat.<\/li>\n<\/ul>\n\n\n\n<p>Apr\u00e8s 7 jours, aucun retour ne peut \u00eatre accept\u00e9.<\/p>\n\n\n\n<h1 class=\"wp-block-heading\" id=\"3-\u03ac\u03bb\u03bb\u03b1-\u03c0\u03c1\u03bf\u03ca\u03cc\u03bd\u03c4\u03b1\">3. Autres produits<\/h1>\n\n\n\n<p>Pour tous les autres articles, les retours sont accept\u00e9s dans les 15 jours calendaires suivant la r\u00e9ception. A titre indicatif, les articles suivants sont inclus :<\/p>\n\n\n\n<ul class=\"wp-block-list\">\n<li>Pinceaux et outils de peinture<\/li>\n\n\n\n<li>Pochoirs et moules d\u00e9coratifs<\/li>\n\n\n\n<li>Boutons et \u00e9l\u00e9ments d\u00e9coratifs de meubles<\/li>\n\n\n\n<li>Mat\u00e9riaux de finition (vernis, cires, gla\u00e7ures, etc.)<\/li>\n\n\n\n<li>Petits objets et accessoires<\/li>\n<\/ul>\n\n\n\n<p>Les produits doivent \u00eatre inutilis\u00e9s, dans leur emballage d'origine et accompagn\u00e9s de la preuve d'achat.<\/p>\n\n\n\n<h1 class=\"wp-block-heading\" id=\"4-\u03b4\u03b9\u03b1\u03b4\u03b9\u03ba\u03b1\u03c3\u03af\u03b1-\u03b5\u03c0\u03b9\u03c3\u03c4\u03c1\u03bf\u03c6\u03ae\u03c2\">4. Proc\u00e9dure de retour<\/h1>\n\n\n\n<ol class=\"wp-block-list\">\n<li>Contactez-nous par e-mail ou par t\u00e9l\u00e9phone, en indiquant le num\u00e9ro de commande et le produit que vous souhaitez retourner.<\/li>\n\n\n\n<li>Vous recevrez des instructions d\u00e9taill\u00e9es pour l'envoi.<\/li>\n\n\n\n<li>Les frais de retour sont \u00e0 la charge du client, sauf si le produit est d\u00e9fectueux ou a \u00e9t\u00e9 envoy\u00e9 de mani\u00e8re incorrecte.<\/li>\n\n\n\n<li>Une fois que nous avons re\u00e7u et inspect\u00e9 le produit, un bon de cr\u00e9dit est \u00e9mis pour les achats futurs. Aucun remboursement n'est effectu\u00e9, quelles que soient les circonstances.<\/li>\n<\/ol>\n\n\n\n<h1 class=\"wp-block-heading\" id=\"5-\u03b5\u03bb\u03b1\u03c4\u03c4\u03c9\u03bc\u03b1\u03c4\u03b9\u03ba\u03ac-\u03ae-\u03bb\u03b1\u03bd\u03b8\u03b1\u03c3\u03bc\u03ad\u03bd\u03b1-\u03c0\u03c1\u03bf\u03ca\u03cc\u03bd\u03c4\u03b1\">5. Produits d\u00e9fectueux ou incorrects<\/h1>\n\n\n\n<p>Si vous recevez un produit qui a \u00e9t\u00e9 endommag\u00e9 pendant le transport ou qui ne correspond pas \u00e0 votre commande, veuillez nous en informer dans les 48 heures suivant la r\u00e9ception en nous envoyant une photo. Nous prendrons rapidement des dispositions pour remplacer le produit ou \u00e9mettre un bon d'achat.<\/p>\n\n\n\n<h1 class=\"wp-block-heading\" id=\"\u03c3\u03b7\u03bc\u03b1\u03bd\u03c4\u03b9\u03ba\u03ad\u03c2-\u03b4\u03b9\u03b5\u03c5\u03ba\u03c1\u03b9\u03bd\u03af\u03c3\u03b5\u03b9\u03c2\">Pr\u00e9cisions importantes<\/h1>\n\n\n\n<ul class=\"wp-block-list\">\n<li>Aucun retour n'est accept\u00e9 pour les produits qui ont \u00e9t\u00e9 utilis\u00e9s ou qui ne sont pas dans leur \u00e9tat\/emballage d'origine.<\/li>\n\n\n\n<li>Aucun remboursement n'est effectu\u00e9. La valeur du remboursement est restitu\u00e9e exclusivement sous la forme d'un bon d'achat \u00e0 valoir sur des achats ult\u00e9rieurs.<\/li>\n\n\n\n<li>Les produits retourn\u00e9s sans communication pr\u00e9alable peuvent ne pas \u00eatre accept\u00e9s.<\/li>\n<\/ul>\n\n\n\n<p>Derni\u00e8re mise \u00e0 jour : Octobre 2025<\/p>","protected":false},"excerpt":{"rendered":"<p>\u03a3\u03c4\u03bf Past Perfect \u03b4\u03af\u03bd\u03bf\u03c5\u03bc\u03b5 \u03b9\u03b4\u03b9\u03b1\u03af\u03c4\u03b5\u03c1\u03b7 \u03c0\u03c1\u03bf\u03c3\u03bf\u03c7\u03ae \u03c3\u03c4\u03b7\u03bd \u03c0\u03bf\u03b9\u03cc\u03c4\u03b7\u03c4\u03b1 \u03c4\u03c9\u03bd \u03c0\u03c1\u03bf\u03ca\u03cc\u03bd\u03c4\u03c9\u03bd \u03bc\u03b1\u03c2 \u03ba\u03b1\u03b9 \u03c6\u03c1\u03bf\u03bd\u03c4\u03af\u03b6\u03bf\u03c5\u03bc\u03b5 \u03ba\u03ac\u03b8\u03b5 \u03c0\u03b1\u03c1\u03b1\u03b3\u03b3\u03b5\u03bb\u03af\u03b1 \u03bc\u03b5 \u03c3\u03c5\u03bd\u03ad\u03c0\u03b5\u03b9\u03b1 \u03ba\u03b1\u03b9 \u03c5\u03c0\u03b5\u03c5\u03b8\u03c5\u03bd\u03cc\u03c4\u03b7\u03c4\u03b1. \u03a0\u03b1\u03c1\u03b1\u03ba\u03b1\u03bb\u03bf\u03cd\u03bc\u03b5 \u03b4\u03b9\u03b1\u03b2\u03ac\u03c3\u03c4\u03b5 \u03c0\u03c1\u03bf\u03c3\u03b5\u03ba\u03c4\u03b9\u03ba\u03ac \u03c4\u03b7\u03bd \u03c0\u03bf\u03bb\u03b9\u03c4\u03b9\u03ba\u03ae \u03b5\u03c0\u03b9\u03c3\u03c4\u03c1\u03bf\u03c6\u03ce\u03bd \u03bc\u03b1\u03c2, \u03ce\u03c3\u03c4\u03b5 \u03b7 \u03b4\u03b9\u03b1\u03b4\u03b9\u03ba\u03b1\u03c3\u03af\u03b1 \u03bd\u03b1 \u03b5\u03af\u03bd\u03b1\u03b9 \u03be\u03b5\u03ba\u03ac\u03b8\u03b1\u03c1\u03b7. 1. \u03a0\u03c1\u03bf\u03ca\u03cc\u03bd\u03c4\u03b1 \u03c0\u03bf\u03c5 \u03b4\u03b5\u03bd \u03b5\u03c0\u03b9\u03c3\u03c4\u03c1\u03ad\u03c6\u03bf\u03bd\u03c4\u03b1\u03b9 \u0393\u03b9\u03b1 \u03bb\u03cc\u03b3\u03bf\u03c5\u03c2 \u03c0\u03bf\u03b9\u03cc\u03c4\u03b7\u03c4\u03b1\u03c2, \u03c5\u03b3\u03b9\u03b5\u03b9\u03bd\u03ae\u03c2 \u03ba\u03b1\u03b9 \u03b4\u03b9\u03b1\u03c3\u03c6\u03ac\u03bb\u03b9\u03c3\u03b7\u03c2 \u03c4\u03b7\u03c2 \u03ac\u03c1\u03b9\u03c3\u03c4\u03b7\u03c2 \u03ba\u03b1\u03c4\u03ac\u03c3\u03c4\u03b1\u03c3\u03b7\u03c2 \u03c4\u03c9\u03bd \u03c0\u03c1\u03bf\u03ca\u03cc\u03bd\u03c4\u03c9\u03bd, \u03b4\u03b5\u03bd \u03b4\u03b5\u03c7\u03cc\u03bc\u03b1\u03c3\u03c4\u03b5 \u03b5\u03c0\u03b9\u03c3\u03c4\u03c1\u03bf\u03c6\u03ad\u03c2 \u03b3\u03b9\u03b1 \u03c4\u03b1 \u03c0\u03b1\u03c1\u03b1\u03ba\u03ac\u03c4\u03c9 \u03b5\u03af\u03b4\u03b7: [&hellip;]<\/p>\n","protected":false},"author":1,"featured_media":0,"parent":0,"menu_order":0,"comment_status":"closed","ping_status":"closed","template":"","meta":{"_gspb_post_css":"","footnotes":""},"class_list":["post-928","page","type-page","status-publish","hentry"],"blocksy_meta":[],"_links":{"self":[{"href":"https:\/\/past-perfect.gr\/fr\/wp-json\/wp\/v2\/pages\/928","targetHints":{"allow":["GET"]}}],"collection":[{"href":"https:\/\/past-perfect.gr\/fr\/wp-json\/wp\/v2\/pages"}],"about":[{"href":"https:\/\/past-perfect.gr\/fr\/wp-json\/wp\/v2\/types\/page"}],"author":[{"embeddable":true,"href":"https:\/\/past-perfect.gr\/fr\/wp-json\/wp\/v2\/users\/1"}],"replies":[{"embeddable":true,"href":"https:\/\/past-perfect.gr\/fr\/wp-json\/wp\/v2\/comments?post=928"}],"version-history":[{"count":0,"href":"https:\/\/past-perfect.gr\/fr\/wp-json\/wp\/v2\/pages\/928\/revisions"}],"wp:attachment":[{"href":"https:\/\/past-perfect.gr\/fr\/wp-json\/wp\/v2\/media?parent=928"}],"curies":[{"name":"wp","href":"https:\/\/api.w.org\/{rel}","templated":true}]}}