{"id":1011,"date":"2020-05-24T19:31:24","date_gmt":"2020-05-24T16:31:24","guid":{"rendered":"https:\/\/past-perfect.gr\/product\/nordic-chic-dark-wax\/"},"modified":"2025-06-06T13:38:27","modified_gmt":"2025-06-06T10:38:27","slug":"nordic-chic-dark-wax","status":"publish","type":"product","link":"https:\/\/past-perfect.gr\/fr\/katastima\/diy-proionta\/nordic-chic\/keria-vernikia\/nordic-chic-dark-wax\/","title":{"rendered":"Cire fonc\u00e9e Nordic Chic (200ml)"},"content":{"rendered":"<p>Une cire soyeuse et vieillissante qui permet de cr\u00e9er des patines et des ombres sur les surfaces peintes. Les bougies Nordic Chic sont \u00e0 base de 100% ingr\u00e9dients naturels purs, principalement de la cire d'abeille. Elles sont les seules sur le march\u00e9 grec \u00e0 \u00eatre certifi\u00e9es \u00e9cologiques et \u00e0 ne pas avoir d'odeur g\u00eanante.<\/p>","protected":false},"excerpt":{"rendered":"<p>Cire de vieillissement \u00e0 utiliser avec les peintures \u00e0 la craie \u00e0 partir de 100% ingr\u00e9dients naturels purs, certifi\u00e9s \u00e9cologiques et inodores. Conditionnement 200ml<\/p>","protected":false},"featured_media":1012,"comment_status":"closed","ping_status":"open","template":"","meta":{"_gspb_post_css":""},"product_brand":[],"product_cat":[87,88,92],"product_tag":[],"class_list":{"0":"post-1011","1":"product","2":"type-product","3":"status-publish","4":"has-post-thumbnail","6":"product_cat-diy-proionta","7":"product_cat-nordic-chic","8":"product_cat-keria-vernikia","10":"first","11":"instock","12":"taxable","13":"shipping-taxable","14":"purchasable","15":"product-type-simple"},"ct_brands":[],"_links":{"self":[{"href":"https:\/\/past-perfect.gr\/fr\/wp-json\/wp\/v2\/product\/1011","targetHints":{"allow":["GET"]}}],"collection":[{"href":"https:\/\/past-perfect.gr\/fr\/wp-json\/wp\/v2\/product"}],"about":[{"href":"https:\/\/past-perfect.gr\/fr\/wp-json\/wp\/v2\/types\/product"}],"replies":[{"embeddable":true,"href":"https:\/\/past-perfect.gr\/fr\/wp-json\/wp\/v2\/comments?post=1011"}],"wp:featuredmedia":[{"embeddable":true,"href":"https:\/\/past-perfect.gr\/fr\/wp-json\/wp\/v2\/media\/1012"}],"wp:attachment":[{"href":"https:\/\/past-perfect.gr\/fr\/wp-json\/wp\/v2\/media?parent=1011"}],"wp:term":[{"taxonomy":"product_brand","embeddable":true,"href":"https:\/\/past-perfect.gr\/fr\/wp-json\/wp\/v2\/product_brand?post=1011"},{"taxonomy":"product_cat","embeddable":true,"href":"https:\/\/past-perfect.gr\/fr\/wp-json\/wp\/v2\/product_cat?post=1011"},{"taxonomy":"product_tag","embeddable":true,"href":"https:\/\/past-perfect.gr\/fr\/wp-json\/wp\/v2\/product_tag?post=1011"}],"curies":[{"name":"wp","href":"https:\/\/api.w.org\/{rel}","templated":true}]}}