{"id":1107,"date":"2021-04-22T15:17:25","date_gmt":"2021-04-22T12:17:25","guid":{"rendered":"https:\/\/past-perfect.gr\/product\/redesign-mould-seashore-treasures\/"},"modified":"2025-06-06T13:38:46","modified_gmt":"2025-06-06T10:38:46","slug":"remodeler-les-moules-tresors-du-bord-de-mer","status":"publish","type":"product","link":"https:\/\/past-perfect.gr\/fr\/katastima\/diy-proionta\/transfers-moulds\/redesign-mould-seashore-treasures\/","title":{"rendered":"Moule \u00e0 redessiner - Tr\u00e9sors de la mer"},"content":{"rendered":"<p>Moules en silicone de haute qualit\u00e9, id\u00e9aux pour l'argile, la r\u00e9sine et de nombreux autres mat\u00e9riaux.<\/p>\n<p>R\u00e9sistant \u00e0 la chaleur et aux aliments.<\/p>","protected":false},"excerpt":{"rendered":"<p>\u03a5\u03c8\u03b7\u03bb\u03ae\u03c2 \u03c0\u03bf\u03b9\u03cc\u03c4\u03b7\u03c4\u03b1\u03c2 \u03ba\u03b1\u03bb\u03bf\u03cd\u03c0\u03b9\u03b1 \u03c3\u03b9\u03bb\u03b9\u03ba\u03cc\u03bd\u03b7\u03c2 \u03b9\u03b4\u03b1\u03bd\u03b9\u03ba\u03ac \u03b3\u03b9\u03b1 \u03c7\u03c1\u03ae\u03c3\u03b7 \u03bc\u03b5 \u03c0\u03b7\u03bb\u03cc, \u03c1\u03b7\u03c4\u03af\u03bd\u03b7 \u03ba\u03b1\u03b9 \u03c0\u03bf\u03bb\u03bb\u03ac \u03ac\u03bb\u03bb\u03b1 \u03c5\u03bb\u03b9\u03ba\u03ac. \u0391\u03bd\u03b8\u03b5\u03ba\u03c4\u03b9\u03ba\u03b1 \u03c3\u03c4\u03b7 \u03b8\u03b5\u03c1\u03bc\u03cc\u03c4\u03b7\u03c4\u03b1 \u03ba\u03b1\u03b9 \u03b1\u03c3\u03c6\u03b1\u03bb\u03ae \u03b3\u03b9\u03b1 \u03c4\u03c1\u03cc\u03c6\u03b9\u03bc\u03b1.<\/p>","protected":false},"featured_media":1108,"comment_status":"closed","ping_status":"open","template":"","meta":{"_gspb_post_css":""},"product_brand":[],"product_cat":[87,93],"product_tag":[],"class_list":{"0":"post-1107","1":"product","2":"type-product","3":"status-publish","4":"has-post-thumbnail","6":"product_cat-diy-proionta","7":"product_cat-transfers-moulds","9":"first","10":"outofstock","11":"sale","12":"sold-individually","13":"taxable","14":"shipping-taxable","15":"purchasable","16":"product-type-simple"},"ct_brands":[],"_links":{"self":[{"href":"https:\/\/past-perfect.gr\/fr\/wp-json\/wp\/v2\/product\/1107","targetHints":{"allow":["GET"]}}],"collection":[{"href":"https:\/\/past-perfect.gr\/fr\/wp-json\/wp\/v2\/product"}],"about":[{"href":"https:\/\/past-perfect.gr\/fr\/wp-json\/wp\/v2\/types\/product"}],"replies":[{"embeddable":true,"href":"https:\/\/past-perfect.gr\/fr\/wp-json\/wp\/v2\/comments?post=1107"}],"wp:featuredmedia":[{"embeddable":true,"href":"https:\/\/past-perfect.gr\/fr\/wp-json\/wp\/v2\/media\/1108"}],"wp:attachment":[{"href":"https:\/\/past-perfect.gr\/fr\/wp-json\/wp\/v2\/media?parent=1107"}],"wp:term":[{"taxonomy":"product_brand","embeddable":true,"href":"https:\/\/past-perfect.gr\/fr\/wp-json\/wp\/v2\/product_brand?post=1107"},{"taxonomy":"product_cat","embeddable":true,"href":"https:\/\/past-perfect.gr\/fr\/wp-json\/wp\/v2\/product_cat?post=1107"},{"taxonomy":"product_tag","embeddable":true,"href":"https:\/\/past-perfect.gr\/fr\/wp-json\/wp\/v2\/product_tag?post=1107"}],"curies":[{"name":"wp","href":"https:\/\/api.w.org\/{rel}","templated":true}]}}