{"id":1125,"date":"2021-07-16T16:04:40","date_gmt":"2021-07-16T13:04:40","guid":{"rendered":"https:\/\/past-perfect.gr\/product\/sage-o-m\/"},"modified":"2026-03-26T18:27:07","modified_gmt":"2026-03-26T16:27:07","slug":"dire-o-m","status":"publish","type":"product","link":"https:\/\/past-perfect.gr\/fr\/katastima\/diy-proionta\/nordic-chic\/chromata-outdoor-more\/sage-o-m\/","title":{"rendered":"Sage (O &amp; M)"},"content":{"rendered":"<p>Il s'agit d'une peinture d\u00e9corative innovante, tr\u00e8s durable, pour meubles, murs ext\u00e9rieurs et autres, \u00e0 base d'eau, qui n'a pas besoin d'\u00eatre scell\u00e9e avec de la cire ou du vernis. Elle laisse une finition satin\u00e9e lisse et imperm\u00e9able que vous allez adorer !<br \/>\nNordic Chic Outdoor &amp; more convient aussi bien \u00e0 l'int\u00e9rieur qu'\u00e0 l'ext\u00e9rieur et peut \u00eatre appliqu\u00e9 sur toutes les surfaces sans n\u00e9cessiter de pr\u00e9paration ou d'appr\u00eat particulier. Elle ne contient pas de compos\u00e9s organiques volatils (COV) ni de solvants et, comme tous les produits Nordic Chic, elle est respectueuse de l'homme et de l'environnement.<br \/>\nIl est id\u00e9al pour les occasions o\u00f9 vous souhaitez changer la couleur de vos meubles sans style particulier. Il allie une durabilit\u00e9 maximale \u00e0 un minimum d'efforts (puisqu'il n'est pas n\u00e9cessaire de proc\u00e9der \u00e0 un scellement suppl\u00e9mentaire) pour les surfaces tr\u00e8s sollicit\u00e9es telles que les armoires de cuisine, les tables, les plans de travail, etc.<\/p>","protected":false},"excerpt":{"rendered":"<p>La version Nordic Chic avec vernis int\u00e9gr\u00e9. SAGE Sauge Vert sauge. Il est subtil, frais et apaisant. Il aide \u00e0 se d\u00e9tendre et \u00e0 se calmer tout en donnant de la personnalit\u00e9 \u00e0 l'espace. Il s'int\u00e8gre parfaitement dans un d\u00e9cor country chic.<\/p>","protected":false},"featured_media":1126,"comment_status":"closed","ping_status":"closed","template":"","meta":{"_gspb_post_css":""},"product_brand":[],"product_cat":[87,88,95],"product_tag":[],"class_list":{"0":"post-1125","1":"product","2":"type-product","3":"status-publish","4":"has-post-thumbnail","6":"product_cat-diy-proionta","7":"product_cat-nordic-chic","8":"product_cat-chromata-outdoor-more","10":"first","11":"outofstock","12":"sale","13":"taxable","14":"shipping-taxable","15":"purchasable","16":"product-type-simple"},"ct_brands":[],"_links":{"self":[{"href":"https:\/\/past-perfect.gr\/fr\/wp-json\/wp\/v2\/product\/1125","targetHints":{"allow":["GET"]}}],"collection":[{"href":"https:\/\/past-perfect.gr\/fr\/wp-json\/wp\/v2\/product"}],"about":[{"href":"https:\/\/past-perfect.gr\/fr\/wp-json\/wp\/v2\/types\/product"}],"replies":[{"embeddable":true,"href":"https:\/\/past-perfect.gr\/fr\/wp-json\/wp\/v2\/comments?post=1125"}],"wp:featuredmedia":[{"embeddable":true,"href":"https:\/\/past-perfect.gr\/fr\/wp-json\/wp\/v2\/media\/1126"}],"wp:attachment":[{"href":"https:\/\/past-perfect.gr\/fr\/wp-json\/wp\/v2\/media?parent=1125"}],"wp:term":[{"taxonomy":"product_brand","embeddable":true,"href":"https:\/\/past-perfect.gr\/fr\/wp-json\/wp\/v2\/product_brand?post=1125"},{"taxonomy":"product_cat","embeddable":true,"href":"https:\/\/past-perfect.gr\/fr\/wp-json\/wp\/v2\/product_cat?post=1125"},{"taxonomy":"product_tag","embeddable":true,"href":"https:\/\/past-perfect.gr\/fr\/wp-json\/wp\/v2\/product_tag?post=1125"}],"curies":[{"name":"wp","href":"https:\/\/api.w.org\/{rel}","templated":true}]}}