{"id":1135,"date":"2021-10-08T16:20:14","date_gmt":"2021-10-08T13:20:14","guid":{"rendered":"https:\/\/past-perfect.gr\/product\/table-runner-charline-white-greengate\/"},"modified":"2026-04-29T16:19:58","modified_gmt":"2026-04-29T13:19:58","slug":"chemin-de-table-charline-white-greengate","status":"publish","type":"product","link":"https:\/\/past-perfect.gr\/fr\/katastima\/home-decor\/greengate-home-decor\/yfasmatina-eidi\/table-runner-charline-white-greengate\/","title":{"rendered":"Chemin de table Charline blanc - Greengate"},"content":{"rendered":"","protected":false},"excerpt":{"rendered":"<p>Chemin de table en coton avec des fleurs rouges et roses et le logo GreenGate. Un chemin de table sp\u00e9cial ajoute toujours un style, une couleur et un caract\u00e8re uniques \u00e0 notre table.<\/p>\n<p>Collection : GreenGate Charline<br \/>\nCouleur :Blanc<\/p>\n<p>&nbsp;<\/p>","protected":false},"featured_media":1136,"comment_status":"closed","ping_status":"closed","template":"","meta":{"_gspb_post_css":""},"product_brand":[],"product_cat":[97,96,98],"product_tag":[],"class_list":{"0":"post-1135","1":"product","2":"type-product","3":"status-publish","4":"has-post-thumbnail","6":"product_cat-greengate-home-decor","7":"product_cat-home-decor","8":"product_cat-yfasmatina-eidi","10":"first","11":"outofstock","12":"taxable","13":"shipping-taxable","14":"purchasable","15":"product-type-simple"},"ct_brands":[],"_links":{"self":[{"href":"https:\/\/past-perfect.gr\/fr\/wp-json\/wp\/v2\/product\/1135","targetHints":{"allow":["GET"]}}],"collection":[{"href":"https:\/\/past-perfect.gr\/fr\/wp-json\/wp\/v2\/product"}],"about":[{"href":"https:\/\/past-perfect.gr\/fr\/wp-json\/wp\/v2\/types\/product"}],"replies":[{"embeddable":true,"href":"https:\/\/past-perfect.gr\/fr\/wp-json\/wp\/v2\/comments?post=1135"}],"wp:featuredmedia":[{"embeddable":true,"href":"https:\/\/past-perfect.gr\/fr\/wp-json\/wp\/v2\/media\/1136"}],"wp:attachment":[{"href":"https:\/\/past-perfect.gr\/fr\/wp-json\/wp\/v2\/media?parent=1135"}],"wp:term":[{"taxonomy":"product_brand","embeddable":true,"href":"https:\/\/past-perfect.gr\/fr\/wp-json\/wp\/v2\/product_brand?post=1135"},{"taxonomy":"product_cat","embeddable":true,"href":"https:\/\/past-perfect.gr\/fr\/wp-json\/wp\/v2\/product_cat?post=1135"},{"taxonomy":"product_tag","embeddable":true,"href":"https:\/\/past-perfect.gr\/fr\/wp-json\/wp\/v2\/product_tag?post=1135"}],"curies":[{"name":"wp","href":"https:\/\/api.w.org\/{rel}","templated":true}]}}