{"id":1228,"date":"2021-10-08T16:54:48","date_gmt":"2021-10-08T13:54:48","guid":{"rendered":"https:\/\/past-perfect.gr\/product\/creamer-alice-white-greengate\/"},"modified":"2025-09-11T02:08:37","modified_gmt":"2025-09-10T23:08:37","slug":"cremier-alice-white-greengate","status":"publish","type":"product","link":"https:\/\/past-perfect.gr\/fr\/katastima\/home-decor\/greengate-home-decor\/greengate-everyday-collection\/creamer-alice-white-greengate\/","title":{"rendered":"Cr\u00e9mier Alice blanc - Greengate"},"content":{"rendered":"","protected":false},"excerpt":{"rendered":"<p>Pot \u00e0 lait de la s\u00e9rie Everyday de Greengate, de couleur blanche classique et avec le c\u00e9l\u00e8bre motif en relief avec des rayures qui le rendent vraiment remarquable. Il peut \u00eatre magnifiquement combin\u00e9 avec le reste de la gamme Alice, de toutes les couleurs, comme le sucrier, la th\u00e9i\u00e8re, les assiettes, etc., ainsi qu'avec la porcelaine sp\u00e9ciale des autres gammes de GreenGate. Et lorsqu'il n'est pas utilis\u00e9 pour la cr\u00e8me ou le lait, il peut facilement faire un joli vase improvis\u00e9 pour un petit bouquet de fleurs fra\u00eeches.<\/p>\n<p>Collection : GreenGate Alice (Tous les jours)<br \/>\nCouleur :Blanc<\/p>\n<p>La gamme Everyday de GreenGate est une gamme de produits en gr\u00e8s de qualit\u00e9 qui se d\u00e9cline en plusieurs couleurs. Ils sont propos\u00e9s \u00e0 des prix tr\u00e8s comp\u00e9titifs pour leur qualit\u00e9 et sont con\u00e7us pour compl\u00e9ter les collections de porcelaine danoise existantes et futures de GreenGate.<\/p>\n<p>Ils conviennent pour le micro-ondes et le lave-vaisselle.<\/p>","protected":false},"featured_media":1143,"comment_status":"closed","ping_status":"open","template":"","meta":{"_gspb_post_css":""},"product_brand":[],"product_cat":[185,97,96,99],"product_tag":[],"class_list":{"0":"post-1228","1":"product","2":"type-product","3":"status-publish","4":"has-post-thumbnail","6":"product_cat-greengate-everyday-collection","7":"product_cat-greengate-home-decor","8":"product_cat-home-decor","9":"product_cat-porselanes","11":"first","12":"instock","13":"taxable","14":"shipping-taxable","15":"purchasable","16":"product-type-simple"},"ct_brands":[],"_links":{"self":[{"href":"https:\/\/past-perfect.gr\/fr\/wp-json\/wp\/v2\/product\/1228","targetHints":{"allow":["GET"]}}],"collection":[{"href":"https:\/\/past-perfect.gr\/fr\/wp-json\/wp\/v2\/product"}],"about":[{"href":"https:\/\/past-perfect.gr\/fr\/wp-json\/wp\/v2\/types\/product"}],"replies":[{"embeddable":true,"href":"https:\/\/past-perfect.gr\/fr\/wp-json\/wp\/v2\/comments?post=1228"}],"wp:featuredmedia":[{"embeddable":true,"href":"https:\/\/past-perfect.gr\/fr\/wp-json\/wp\/v2\/media\/1143"}],"wp:attachment":[{"href":"https:\/\/past-perfect.gr\/fr\/wp-json\/wp\/v2\/media?parent=1228"}],"wp:term":[{"taxonomy":"product_brand","embeddable":true,"href":"https:\/\/past-perfect.gr\/fr\/wp-json\/wp\/v2\/product_brand?post=1228"},{"taxonomy":"product_cat","embeddable":true,"href":"https:\/\/past-perfect.gr\/fr\/wp-json\/wp\/v2\/product_cat?post=1228"},{"taxonomy":"product_tag","embeddable":true,"href":"https:\/\/past-perfect.gr\/fr\/wp-json\/wp\/v2\/product_tag?post=1228"}],"curies":[{"name":"wp","href":"https:\/\/api.w.org\/{rel}","templated":true}]}}