{"id":1230,"date":"2021-10-09T09:22:05","date_gmt":"2021-10-09T06:22:05","guid":{"rendered":"https:\/\/past-perfect.gr\/product\/latte-cup-alice-lavender-greengate-copy\/"},"modified":"2026-04-01T20:49:08","modified_gmt":"2026-04-01T17:49:08","slug":"tasse-a-cafe-alice-lavande-greengate-copy","status":"publish","type":"product","link":"https:\/\/past-perfect.gr\/fr\/katastima\/home-decor\/greengate-home-decor\/porselanes\/koupes\/latte-cup-alice-lavender-greengate-copy\/","title":{"rendered":"Tasse \u00e0 caf\u00e9 Alice lavande - Greengate"},"content":{"rendered":"","protected":false},"excerpt":{"rendered":"<p>Tasse \u00e0 caf\u00e9 de la s\u00e9rie Everyday de Greengate en couleur lavande. Avec le c\u00e9l\u00e8bre motif gaufr\u00e9 \u00e0 rayures, il peut \u00eatre magnifiquement combin\u00e9 avec le reste de la s\u00e9rie Alice, de toutes les couleurs, comme le sucrier, la th\u00e9i\u00e8re, les assiettes, etc., ainsi qu'avec la porcelaine sp\u00e9ciale des autres s\u00e9ries de GreenGate. En plus d'une tasse, il peut \u00eatre utilis\u00e9 comme un petit pot, un bol ou m\u00eame une trousse \u00e0 crayons.   Capacit\u00e9 300ml<\/p>\n<p>Collection : GreenGate Alice (Tous les jours)<br \/>\nCouleur : Lavande<\/p>\n<p>La gamme Everyday de GreenGate est une gamme de produits en gr\u00e8s de qualit\u00e9 qui se d\u00e9cline en plusieurs couleurs. Ils sont propos\u00e9s \u00e0 des prix tr\u00e8s comp\u00e9titifs pour leur qualit\u00e9 et sont con\u00e7us pour compl\u00e9ter les collections de porcelaine danoise existantes et futures de GreenGate.<\/p>\n<p>Ils conviennent pour le micro-ondes et le lave-vaisselle.<\/p>","protected":false},"featured_media":1153,"comment_status":"closed","ping_status":"open","template":"","meta":{"_gspb_post_css":""},"product_brand":[],"product_cat":[185,97,96,298,99],"product_tag":[],"class_list":{"0":"post-1230","1":"product","2":"type-product","3":"status-publish","4":"has-post-thumbnail","6":"product_cat-greengate-everyday-collection","7":"product_cat-greengate-home-decor","8":"product_cat-home-decor","9":"product_cat-koupes","10":"product_cat-porselanes","12":"first","13":"instock","14":"taxable","15":"shipping-taxable","16":"purchasable","17":"product-type-simple"},"ct_brands":[],"_links":{"self":[{"href":"https:\/\/past-perfect.gr\/fr\/wp-json\/wp\/v2\/product\/1230","targetHints":{"allow":["GET"]}}],"collection":[{"href":"https:\/\/past-perfect.gr\/fr\/wp-json\/wp\/v2\/product"}],"about":[{"href":"https:\/\/past-perfect.gr\/fr\/wp-json\/wp\/v2\/types\/product"}],"replies":[{"embeddable":true,"href":"https:\/\/past-perfect.gr\/fr\/wp-json\/wp\/v2\/comments?post=1230"}],"wp:featuredmedia":[{"embeddable":true,"href":"https:\/\/past-perfect.gr\/fr\/wp-json\/wp\/v2\/media\/1153"}],"wp:attachment":[{"href":"https:\/\/past-perfect.gr\/fr\/wp-json\/wp\/v2\/media?parent=1230"}],"wp:term":[{"taxonomy":"product_brand","embeddable":true,"href":"https:\/\/past-perfect.gr\/fr\/wp-json\/wp\/v2\/product_brand?post=1230"},{"taxonomy":"product_cat","embeddable":true,"href":"https:\/\/past-perfect.gr\/fr\/wp-json\/wp\/v2\/product_cat?post=1230"},{"taxonomy":"product_tag","embeddable":true,"href":"https:\/\/past-perfect.gr\/fr\/wp-json\/wp\/v2\/product_tag?post=1230"}],"curies":[{"name":"wp","href":"https:\/\/api.w.org\/{rel}","templated":true}]}}