{"id":1234,"date":"2021-10-09T09:43:57","date_gmt":"2021-10-09T06:43:57","guid":{"rendered":"https:\/\/past-perfect.gr\/?post_type=product&#038;p=1234"},"modified":"2026-01-04T18:10:26","modified_gmt":"2026-01-04T16:10:26","slug":"theiere-alice-greengate","status":"publish","type":"product","link":"https:\/\/past-perfect.gr\/fr\/katastima\/home-decor\/greengate-home-decor\/greengate-everyday-collection\/teapot-alice-greengate\/","title":{"rendered":"Th\u00e9i\u00e8re Alice \u2013 Greengate"},"content":{"rendered":"<p>La th\u00e9i\u00e8re Alice ajoute une touche romantique et charmante \u00e0 votre service \u00e0 th\u00e9. Fabriqu\u00e9e en porcelaine, elle se distingue par son design \u00e9l\u00e9gant et intemporel et est disponible en plusieurs couleurs, afin que vous puissiez choisir celle qui correspond le mieux \u00e0 votre style et cr\u00e9er un service \u00e0 th\u00e9 raffin\u00e9.<\/p>","protected":false},"excerpt":{"rendered":"<p>Th\u00e9i\u00e8re de la s\u00e9rie Everyday de Greengate ,  avec son c\u00e9l\u00e8bre motif en relief \u00e0 rayures. Elle peut \u00eatre combin\u00e9e \u00e0 merveille avec le reste de la s\u00e9rie Alice, quelle que soit la couleur, comme le sucrier, le pot \u00e0 lait, les assiettes, etc., ou  les porcelaines sp\u00e9ciales des autres s\u00e9ries de GreenGate, ainsi qu'avec les jolis couvercles de th\u00e9i\u00e8re de la m\u00eame marque.   Capacit\u00e9 1 l<\/p>\n<p>Collection : GreenGate Alice (Tous les jours)<\/p>\n<p>La gamme Everyday de GreenGate est une gamme de produits en gr\u00e8s de qualit\u00e9 qui se d\u00e9cline en plusieurs couleurs. Ils sont propos\u00e9s \u00e0 des prix tr\u00e8s comp\u00e9titifs pour leur qualit\u00e9 et sont con\u00e7us pour compl\u00e9ter les collections de porcelaine danoise existantes et futures de GreenGate.<\/p>\n<p>Ils conviennent pour le micro-ondes et le lave-vaisselle.<\/p>","protected":false},"featured_media":1178,"comment_status":"closed","ping_status":"closed","template":"","meta":{"_gspb_post_css":""},"product_brand":[],"product_cat":[185,97,96,99],"product_tag":[],"class_list":{"0":"post-1234","1":"product","2":"type-product","3":"status-publish","4":"has-post-thumbnail","6":"product_cat-greengate-everyday-collection","7":"product_cat-greengate-home-decor","8":"product_cat-home-decor","9":"product_cat-porselanes","11":"first","12":"instock","13":"taxable","14":"shipping-taxable","15":"purchasable","16":"product-type-variable"},"ct_brands":[],"_links":{"self":[{"href":"https:\/\/past-perfect.gr\/fr\/wp-json\/wp\/v2\/product\/1234","targetHints":{"allow":["GET"]}}],"collection":[{"href":"https:\/\/past-perfect.gr\/fr\/wp-json\/wp\/v2\/product"}],"about":[{"href":"https:\/\/past-perfect.gr\/fr\/wp-json\/wp\/v2\/types\/product"}],"replies":[{"embeddable":true,"href":"https:\/\/past-perfect.gr\/fr\/wp-json\/wp\/v2\/comments?post=1234"}],"wp:featuredmedia":[{"embeddable":true,"href":"https:\/\/past-perfect.gr\/fr\/wp-json\/wp\/v2\/media\/1178"}],"wp:attachment":[{"href":"https:\/\/past-perfect.gr\/fr\/wp-json\/wp\/v2\/media?parent=1234"}],"wp:term":[{"taxonomy":"product_brand","embeddable":true,"href":"https:\/\/past-perfect.gr\/fr\/wp-json\/wp\/v2\/product_brand?post=1234"},{"taxonomy":"product_cat","embeddable":true,"href":"https:\/\/past-perfect.gr\/fr\/wp-json\/wp\/v2\/product_cat?post=1234"},{"taxonomy":"product_tag","embeddable":true,"href":"https:\/\/past-perfect.gr\/fr\/wp-json\/wp\/v2\/product_tag?post=1234"}],"curies":[{"name":"wp","href":"https:\/\/api.w.org\/{rel}","templated":true}]}}