{"id":1240,"date":"2021-10-11T08:55:42","date_gmt":"2021-10-11T05:55:42","guid":{"rendered":"https:\/\/past-perfect.gr\/product\/teacup-thilde-greengate\/"},"modified":"2026-04-01T20:49:07","modified_gmt":"2026-04-01T17:49:07","slug":"tasse-a-the-thilde-greengate","status":"publish","type":"product","link":"https:\/\/past-perfect.gr\/fr\/katastima\/home-decor\/greengate-home-decor\/porselanes\/koupes\/teacup-thilde-greengate\/","title":{"rendered":"Tasse \u00e0 th\u00e9 Thilde blanc - Greengate"},"content":{"rendered":"","protected":false},"excerpt":{"rendered":"<p>Grande tasse de la s\u00e9rie Thilde de Greengate en authentique porcelaine danoise. Il peut \u00eatre utilis\u00e9 pour le caf\u00e9, le th\u00e9, le chocolat chaud et peut \u00eatre combin\u00e9 avec tous les autres ustensiles de la m\u00eame s\u00e9rie.  Capacit\u00e9 400ml<\/p>\n<p>Collection : GreenGate Thilde<\/p>\n<p>Convient pour le micro-ondes et le lave-vaisselle.<\/p>","protected":false},"featured_media":1176,"comment_status":"closed","ping_status":"open","template":"","meta":{"_gspb_post_css":""},"product_brand":[],"product_cat":[97,96,298,99],"product_tag":[],"class_list":{"0":"post-1240","1":"product","2":"type-product","3":"status-publish","4":"has-post-thumbnail","6":"product_cat-greengate-home-decor","7":"product_cat-home-decor","8":"product_cat-koupes","9":"product_cat-porselanes","11":"first","12":"instock","13":"taxable","14":"shipping-taxable","15":"purchasable","16":"product-type-simple"},"ct_brands":[],"_links":{"self":[{"href":"https:\/\/past-perfect.gr\/fr\/wp-json\/wp\/v2\/product\/1240","targetHints":{"allow":["GET"]}}],"collection":[{"href":"https:\/\/past-perfect.gr\/fr\/wp-json\/wp\/v2\/product"}],"about":[{"href":"https:\/\/past-perfect.gr\/fr\/wp-json\/wp\/v2\/types\/product"}],"replies":[{"embeddable":true,"href":"https:\/\/past-perfect.gr\/fr\/wp-json\/wp\/v2\/comments?post=1240"}],"wp:featuredmedia":[{"embeddable":true,"href":"https:\/\/past-perfect.gr\/fr\/wp-json\/wp\/v2\/media\/1176"}],"wp:attachment":[{"href":"https:\/\/past-perfect.gr\/fr\/wp-json\/wp\/v2\/media?parent=1240"}],"wp:term":[{"taxonomy":"product_brand","embeddable":true,"href":"https:\/\/past-perfect.gr\/fr\/wp-json\/wp\/v2\/product_brand?post=1240"},{"taxonomy":"product_cat","embeddable":true,"href":"https:\/\/past-perfect.gr\/fr\/wp-json\/wp\/v2\/product_cat?post=1240"},{"taxonomy":"product_tag","embeddable":true,"href":"https:\/\/past-perfect.gr\/fr\/wp-json\/wp\/v2\/product_tag?post=1240"}],"curies":[{"name":"wp","href":"https:\/\/api.w.org\/{rel}","templated":true}]}}