{"id":1246,"date":"2021-10-11T09:57:15","date_gmt":"2021-10-11T06:57:15","guid":{"rendered":"https:\/\/past-perfect.gr\/product\/teapot-thilde-greengate\/"},"modified":"2026-01-10T13:57:17","modified_gmt":"2026-01-10T11:57:17","slug":"theiere-thilde-greengate","status":"publish","type":"product","link":"https:\/\/past-perfect.gr\/fr\/katastima\/home-decor\/greengate-home-decor\/greengate-everyday-collection\/teapot-thilde-greengate\/","title":{"rendered":"Th\u00e9i\u00e8re Thilde blanche - Greengate"},"content":{"rendered":"","protected":false},"excerpt":{"rendered":"<p>Th\u00e9i\u00e8re de la s\u00e9rie Thilde de Greengate, avec des fleurs, fabriqu\u00e9e \u00e0 la main en porcelaine danoise. Elle peut \u00eatre magnifiquement combin\u00e9e avec la m\u00eame s\u00e9rie Thilde ou la s\u00e9rie Everyday, de n'importe quelle couleur, comme le sucrier, le pot \u00e0 lait, les assiettes, etc., ainsi qu'avec la porcelaine sp\u00e9ciale des autres s\u00e9ries de GreenGate et les chapeaux de th\u00e9i\u00e8re de la m\u00eame soci\u00e9t\u00e9.   Capacit\u00e9 1 lt.<\/p>\n<p>Collection : GreenGate Thilde<\/p>\n<p>Ils conviennent pour le micro-ondes et le lave-vaisselle.<\/p>","protected":false},"featured_media":1181,"comment_status":"closed","ping_status":"closed","template":"","meta":{"_gspb_post_css":""},"product_brand":[],"product_cat":[185,97,96,99],"product_tag":[],"class_list":{"0":"post-1246","1":"product","2":"type-product","3":"status-publish","4":"has-post-thumbnail","6":"product_cat-greengate-everyday-collection","7":"product_cat-greengate-home-decor","8":"product_cat-home-decor","9":"product_cat-porselanes","11":"first","12":"outofstock","13":"taxable","14":"shipping-taxable","15":"purchasable","16":"product-type-simple"},"ct_brands":[],"_links":{"self":[{"href":"https:\/\/past-perfect.gr\/fr\/wp-json\/wp\/v2\/product\/1246","targetHints":{"allow":["GET"]}}],"collection":[{"href":"https:\/\/past-perfect.gr\/fr\/wp-json\/wp\/v2\/product"}],"about":[{"href":"https:\/\/past-perfect.gr\/fr\/wp-json\/wp\/v2\/types\/product"}],"replies":[{"embeddable":true,"href":"https:\/\/past-perfect.gr\/fr\/wp-json\/wp\/v2\/comments?post=1246"}],"wp:featuredmedia":[{"embeddable":true,"href":"https:\/\/past-perfect.gr\/fr\/wp-json\/wp\/v2\/media\/1181"}],"wp:attachment":[{"href":"https:\/\/past-perfect.gr\/fr\/wp-json\/wp\/v2\/media?parent=1246"}],"wp:term":[{"taxonomy":"product_brand","embeddable":true,"href":"https:\/\/past-perfect.gr\/fr\/wp-json\/wp\/v2\/product_brand?post=1246"},{"taxonomy":"product_cat","embeddable":true,"href":"https:\/\/past-perfect.gr\/fr\/wp-json\/wp\/v2\/product_cat?post=1246"},{"taxonomy":"product_tag","embeddable":true,"href":"https:\/\/past-perfect.gr\/fr\/wp-json\/wp\/v2\/product_tag?post=1246"}],"curies":[{"name":"wp","href":"https:\/\/api.w.org\/{rel}","templated":true}]}}