{"id":1248,"date":"2021-10-11T10:05:01","date_gmt":"2021-10-11T07:05:01","guid":{"rendered":"https:\/\/past-perfect.gr\/product\/teapot-mozy-white-greengate\/"},"modified":"2025-09-11T02:08:36","modified_gmt":"2025-09-10T23:08:36","slug":"theiere-mozy-blanc-greengate","status":"publish","type":"product","link":"https:\/\/past-perfect.gr\/fr\/katastima\/home-decor\/greengate-home-decor\/greengate-everyday-collection\/teapot-mozy-white-greengate\/","title":{"rendered":"Th\u00e9i\u00e8re Mozy blanc - Greengate"},"content":{"rendered":"","protected":false},"excerpt":{"rendered":"<p>Th\u00e9i\u00e8re de la s\u00e9rie Mozy de Greengate, avec des fleurs bleues, fabriqu\u00e9e \u00e0 la main en porcelaine danoise. Elle peut \u00eatre magnifiquement combin\u00e9e avec la m\u00eame s\u00e9rie Mozy ou la s\u00e9rie Everyday, de n'importe quelle couleur, comme le sucrier, le pot \u00e0 lait, les assiettes, etc., ainsi qu'avec la porcelaine sp\u00e9ciale des autres s\u00e9ries de GreenGate et les chapeaux de th\u00e9i\u00e8re de la m\u00eame soci\u00e9t\u00e9.   Capacit\u00e9 1 lt.<\/p>\n<p>Collection : GreenGate Mozy<\/p>\n<p>Ils conviennent pour le micro-ondes et le lave-vaisselle.<\/p>","protected":false},"featured_media":1179,"comment_status":"closed","ping_status":"open","template":"","meta":{"_gspb_post_css":""},"product_brand":[],"product_cat":[185,97,96,99],"product_tag":[],"class_list":{"0":"post-1248","1":"product","2":"type-product","3":"status-publish","4":"has-post-thumbnail","6":"product_cat-greengate-everyday-collection","7":"product_cat-greengate-home-decor","8":"product_cat-home-decor","9":"product_cat-porselanes","11":"first","12":"instock","13":"taxable","14":"shipping-taxable","15":"purchasable","16":"product-type-simple"},"ct_brands":[],"_links":{"self":[{"href":"https:\/\/past-perfect.gr\/fr\/wp-json\/wp\/v2\/product\/1248","targetHints":{"allow":["GET"]}}],"collection":[{"href":"https:\/\/past-perfect.gr\/fr\/wp-json\/wp\/v2\/product"}],"about":[{"href":"https:\/\/past-perfect.gr\/fr\/wp-json\/wp\/v2\/types\/product"}],"replies":[{"embeddable":true,"href":"https:\/\/past-perfect.gr\/fr\/wp-json\/wp\/v2\/comments?post=1248"}],"wp:featuredmedia":[{"embeddable":true,"href":"https:\/\/past-perfect.gr\/fr\/wp-json\/wp\/v2\/media\/1179"}],"wp:attachment":[{"href":"https:\/\/past-perfect.gr\/fr\/wp-json\/wp\/v2\/media?parent=1248"}],"wp:term":[{"taxonomy":"product_brand","embeddable":true,"href":"https:\/\/past-perfect.gr\/fr\/wp-json\/wp\/v2\/product_brand?post=1248"},{"taxonomy":"product_cat","embeddable":true,"href":"https:\/\/past-perfect.gr\/fr\/wp-json\/wp\/v2\/product_cat?post=1248"},{"taxonomy":"product_tag","embeddable":true,"href":"https:\/\/past-perfect.gr\/fr\/wp-json\/wp\/v2\/product_tag?post=1248"}],"curies":[{"name":"wp","href":"https:\/\/api.w.org\/{rel}","templated":true}]}}