{"id":1250,"date":"2021-10-11T11:01:16","date_gmt":"2021-10-11T08:01:16","guid":{"rendered":"https:\/\/past-perfect.gr\/product\/latte-cup-addison-greengate\/"},"modified":"2026-04-01T20:49:07","modified_gmt":"2026-04-01T17:49:07","slug":"latte-cup-addison-greengate","status":"publish","type":"product","link":"https:\/\/past-perfect.gr\/fr\/katastima\/home-decor\/greengate-home-decor\/porselanes\/koupes\/latte-cup-addison-greengate\/","title":{"rendered":"Tasse \u00e0 caf\u00e9 Addison blanc - Greengate"},"content":{"rendered":"","protected":false},"excerpt":{"rendered":"<p>Tasse \u00e0 caf\u00e9 de la s\u00e9rie Addison de Greengate en authentique porcelaine danoise. Elle peut \u00eatre combin\u00e9e avec toute la vaisselle de la m\u00eame s\u00e9rie et des autres s\u00e9ries de Greengate gr\u00e2ce \u00e0 la logique Mix &amp; Match.  En plus d'une tasse, il peut \u00eatre utilis\u00e9 comme un petit pot, un bol ou m\u00eame une trousse \u00e0 crayons.   Capacit\u00e9 300ml<\/p>\n<p>Collection : GreenGate Addison<\/p>\n<p>Convient pour le micro-ondes et le lave-vaisselle.<\/p>","protected":false},"featured_media":1152,"comment_status":"closed","ping_status":"open","template":"","meta":{"_gspb_post_css":""},"product_brand":[],"product_cat":[97,96,298,99],"product_tag":[],"class_list":{"0":"post-1250","1":"product","2":"type-product","3":"status-publish","4":"has-post-thumbnail","6":"product_cat-greengate-home-decor","7":"product_cat-home-decor","8":"product_cat-koupes","9":"product_cat-porselanes","11":"first","12":"instock","13":"taxable","14":"shipping-taxable","15":"purchasable","16":"product-type-simple"},"ct_brands":[],"_links":{"self":[{"href":"https:\/\/past-perfect.gr\/fr\/wp-json\/wp\/v2\/product\/1250","targetHints":{"allow":["GET"]}}],"collection":[{"href":"https:\/\/past-perfect.gr\/fr\/wp-json\/wp\/v2\/product"}],"about":[{"href":"https:\/\/past-perfect.gr\/fr\/wp-json\/wp\/v2\/types\/product"}],"replies":[{"embeddable":true,"href":"https:\/\/past-perfect.gr\/fr\/wp-json\/wp\/v2\/comments?post=1250"}],"wp:featuredmedia":[{"embeddable":true,"href":"https:\/\/past-perfect.gr\/fr\/wp-json\/wp\/v2\/media\/1152"}],"wp:attachment":[{"href":"https:\/\/past-perfect.gr\/fr\/wp-json\/wp\/v2\/media?parent=1250"}],"wp:term":[{"taxonomy":"product_brand","embeddable":true,"href":"https:\/\/past-perfect.gr\/fr\/wp-json\/wp\/v2\/product_brand?post=1250"},{"taxonomy":"product_cat","embeddable":true,"href":"https:\/\/past-perfect.gr\/fr\/wp-json\/wp\/v2\/product_cat?post=1250"},{"taxonomy":"product_tag","embeddable":true,"href":"https:\/\/past-perfect.gr\/fr\/wp-json\/wp\/v2\/product_tag?post=1250"}],"curies":[{"name":"wp","href":"https:\/\/api.w.org\/{rel}","templated":true}]}}