{"id":1256,"date":"2021-10-11T11:19:03","date_gmt":"2021-10-11T08:19:03","guid":{"rendered":"https:\/\/past-perfect.gr\/product\/dinner-plate-alice-red-greengate\/"},"modified":"2026-04-29T16:19:58","modified_gmt":"2026-04-29T13:19:58","slug":"assiette-a-diner-alice-red-greengate","status":"publish","type":"product","link":"https:\/\/past-perfect.gr\/fr\/katastima\/home-decor\/greengate-home-decor\/greengate-everyday-collection\/dinner-plate-alice-red-greengate\/","title":{"rendered":"Assiette plate Alice rouge - Greengate"},"content":{"rendered":"","protected":false},"excerpt":{"rendered":"<p>Assiette plate de la s\u00e9rie Everyday de Greengate, de couleur rouge, avec le c\u00e9l\u00e8bre motif gaufr\u00e9 \u00e0 rayures. Elle peut \u00eatre magnifiquement combin\u00e9e avec le reste de la gamme Alice, de toutes les couleurs, comme les th\u00e9i\u00e8res, les pots \u00e0 lait, les soucoupes, etc., et les autres porcelaines sp\u00e9ciales des autres gammes de GreenGate, comme la gamme Charline.<\/p>\n<p>Collection : GreenGate Alice (Tous les jours)<br \/>\nCouleur : rouge<\/p>\n<p>La gamme Everyday de GreenGate est une gamme de produits en gr\u00e8s de qualit\u00e9 qui se d\u00e9cline en plusieurs couleurs. Ils sont propos\u00e9s \u00e0 des prix tr\u00e8s comp\u00e9titifs pour leur qualit\u00e9 et sont con\u00e7us pour compl\u00e9ter les collections de porcelaine danoise existantes et futures de GreenGate.<\/p>\n<p>Ils conviennent pour le micro-ondes et le lave-vaisselle.<\/p>","protected":false},"featured_media":1147,"comment_status":"closed","ping_status":"closed","template":"","meta":{"_gspb_post_css":""},"product_brand":[],"product_cat":[185,97,96,99],"product_tag":[],"class_list":{"0":"post-1256","1":"product","2":"type-product","3":"status-publish","4":"has-post-thumbnail","6":"product_cat-greengate-everyday-collection","7":"product_cat-greengate-home-decor","8":"product_cat-home-decor","9":"product_cat-porselanes","11":"first","12":"outofstock","13":"taxable","14":"shipping-taxable","15":"purchasable","16":"product-type-simple"},"ct_brands":[],"_links":{"self":[{"href":"https:\/\/past-perfect.gr\/fr\/wp-json\/wp\/v2\/product\/1256","targetHints":{"allow":["GET"]}}],"collection":[{"href":"https:\/\/past-perfect.gr\/fr\/wp-json\/wp\/v2\/product"}],"about":[{"href":"https:\/\/past-perfect.gr\/fr\/wp-json\/wp\/v2\/types\/product"}],"replies":[{"embeddable":true,"href":"https:\/\/past-perfect.gr\/fr\/wp-json\/wp\/v2\/comments?post=1256"}],"wp:featuredmedia":[{"embeddable":true,"href":"https:\/\/past-perfect.gr\/fr\/wp-json\/wp\/v2\/media\/1147"}],"wp:attachment":[{"href":"https:\/\/past-perfect.gr\/fr\/wp-json\/wp\/v2\/media?parent=1256"}],"wp:term":[{"taxonomy":"product_brand","embeddable":true,"href":"https:\/\/past-perfect.gr\/fr\/wp-json\/wp\/v2\/product_brand?post=1256"},{"taxonomy":"product_cat","embeddable":true,"href":"https:\/\/past-perfect.gr\/fr\/wp-json\/wp\/v2\/product_cat?post=1256"},{"taxonomy":"product_tag","embeddable":true,"href":"https:\/\/past-perfect.gr\/fr\/wp-json\/wp\/v2\/product_tag?post=1256"}],"curies":[{"name":"wp","href":"https:\/\/api.w.org\/{rel}","templated":true}]}}