{"id":1258,"date":"2021-10-11T11:25:41","date_gmt":"2021-10-11T08:25:41","guid":{"rendered":"https:\/\/past-perfect.gr\/product\/spoon-alice-red-greengate\/"},"modified":"2025-09-11T02:08:36","modified_gmt":"2025-09-10T23:08:36","slug":"cuillere-alice-rouge-greengate","status":"publish","type":"product","link":"https:\/\/past-perfect.gr\/fr\/katastima\/home-decor\/greengate-home-decor\/greengate-everyday-collection\/spoon-alice-red-greengate\/","title":{"rendered":"Cuill\u00e8re Alice rouge - Greengate"},"content":{"rendered":"","protected":false},"excerpt":{"rendered":"<p>Petite cuill\u00e8re en c\u00e9ramique de la s\u00e9rie Everyday de Greengate en couleur rouge... Elle peut \u00eatre combin\u00e9e magnifiquement avec le reste de la s\u00e9rie Alice, de toutes les couleurs, comme les tasses, les sucriers, les soucoupes, etc., et les autres porcelaines sp\u00e9ciales des autres s\u00e9ries de GreenGate, comme la s\u00e9rie Charline.<\/p>\n<p>Collection : GreenGate Alice (Tous les jours)<br \/>\nCouleur : rouge<\/p>\n<p>La gamme Everyday de GreenGate est une gamme de produits en gr\u00e8s de qualit\u00e9 qui se d\u00e9cline en plusieurs couleurs. Ils sont propos\u00e9s \u00e0 des prix tr\u00e8s comp\u00e9titifs pour leur qualit\u00e9 et sont con\u00e7us pour compl\u00e9ter les collections de porcelaine danoise existantes et futures de GreenGate.<\/p>\n<p>Ils conviennent pour le micro-ondes et le lave-vaisselle.<\/p>","protected":false},"featured_media":1164,"comment_status":"closed","ping_status":"open","template":"","meta":{"_gspb_post_css":""},"product_brand":[],"product_cat":[185,97,96,99],"product_tag":[],"class_list":{"0":"post-1258","1":"product","2":"type-product","3":"status-publish","4":"has-post-thumbnail","6":"product_cat-greengate-everyday-collection","7":"product_cat-greengate-home-decor","8":"product_cat-home-decor","9":"product_cat-porselanes","11":"first","12":"instock","13":"taxable","14":"shipping-taxable","15":"purchasable","16":"product-type-simple"},"ct_brands":[],"_links":{"self":[{"href":"https:\/\/past-perfect.gr\/fr\/wp-json\/wp\/v2\/product\/1258","targetHints":{"allow":["GET"]}}],"collection":[{"href":"https:\/\/past-perfect.gr\/fr\/wp-json\/wp\/v2\/product"}],"about":[{"href":"https:\/\/past-perfect.gr\/fr\/wp-json\/wp\/v2\/types\/product"}],"replies":[{"embeddable":true,"href":"https:\/\/past-perfect.gr\/fr\/wp-json\/wp\/v2\/comments?post=1258"}],"wp:featuredmedia":[{"embeddable":true,"href":"https:\/\/past-perfect.gr\/fr\/wp-json\/wp\/v2\/media\/1164"}],"wp:attachment":[{"href":"https:\/\/past-perfect.gr\/fr\/wp-json\/wp\/v2\/media?parent=1258"}],"wp:term":[{"taxonomy":"product_brand","embeddable":true,"href":"https:\/\/past-perfect.gr\/fr\/wp-json\/wp\/v2\/product_brand?post=1258"},{"taxonomy":"product_cat","embeddable":true,"href":"https:\/\/past-perfect.gr\/fr\/wp-json\/wp\/v2\/product_cat?post=1258"},{"taxonomy":"product_tag","embeddable":true,"href":"https:\/\/past-perfect.gr\/fr\/wp-json\/wp\/v2\/product_tag?post=1258"}],"curies":[{"name":"wp","href":"https:\/\/api.w.org\/{rel}","templated":true}]}}