{"id":1264,"date":"2021-10-11T14:30:55","date_gmt":"2021-10-11T11:30:55","guid":{"rendered":"https:\/\/past-perfect.gr\/product\/napkin-alva-white-greengate\/"},"modified":"2026-01-10T13:50:26","modified_gmt":"2026-01-10T11:50:26","slug":"serviette-alva-blanc-greengate","status":"publish","type":"product","link":"https:\/\/past-perfect.gr\/fr\/katastima\/home-decor\/greengate-home-decor\/greengate-everyday-collection\/napkin-alva-white-greengate\/","title":{"rendered":"Serviette de table en tissu Alva blanc - Greengate"},"content":{"rendered":"","protected":false},"excerpt":{"rendered":"<p>Serviette en tissu de la s\u00e9rie Alva de Greengate, en bleu clair et blanc, \u00e0 combiner avec la s\u00e9rie Everyday, de toutes les couleurs, comme les th\u00e9i\u00e8res, les assiettes, les tasses, etc. ainsi qu'avec les porcelaines sp\u00e9ciales des autres s\u00e9ries de GreenGate.<\/p>\n<p>Collection : GreenGate Alva<\/p>\n<p>&nbsp;<\/p>","protected":false},"featured_media":1149,"comment_status":"closed","ping_status":"closed","template":"","meta":{"_gspb_post_css":""},"product_brand":[],"product_cat":[185,97,96,99,98],"product_tag":[],"class_list":{"0":"post-1264","1":"product","2":"type-product","3":"status-publish","4":"has-post-thumbnail","6":"product_cat-greengate-everyday-collection","7":"product_cat-greengate-home-decor","8":"product_cat-home-decor","9":"product_cat-porselanes","10":"product_cat-yfasmatina-eidi","12":"first","13":"instock","14":"taxable","15":"shipping-taxable","16":"purchasable","17":"product-type-simple"},"ct_brands":[],"_links":{"self":[{"href":"https:\/\/past-perfect.gr\/fr\/wp-json\/wp\/v2\/product\/1264","targetHints":{"allow":["GET"]}}],"collection":[{"href":"https:\/\/past-perfect.gr\/fr\/wp-json\/wp\/v2\/product"}],"about":[{"href":"https:\/\/past-perfect.gr\/fr\/wp-json\/wp\/v2\/types\/product"}],"replies":[{"embeddable":true,"href":"https:\/\/past-perfect.gr\/fr\/wp-json\/wp\/v2\/comments?post=1264"}],"wp:featuredmedia":[{"embeddable":true,"href":"https:\/\/past-perfect.gr\/fr\/wp-json\/wp\/v2\/media\/1149"}],"wp:attachment":[{"href":"https:\/\/past-perfect.gr\/fr\/wp-json\/wp\/v2\/media?parent=1264"}],"wp:term":[{"taxonomy":"product_brand","embeddable":true,"href":"https:\/\/past-perfect.gr\/fr\/wp-json\/wp\/v2\/product_brand?post=1264"},{"taxonomy":"product_cat","embeddable":true,"href":"https:\/\/past-perfect.gr\/fr\/wp-json\/wp\/v2\/product_cat?post=1264"},{"taxonomy":"product_tag","embeddable":true,"href":"https:\/\/past-perfect.gr\/fr\/wp-json\/wp\/v2\/product_tag?post=1264"}],"curies":[{"name":"wp","href":"https:\/\/api.w.org\/{rel}","templated":true}]}}