{"id":1266,"date":"2021-10-11T14:41:52","date_gmt":"2021-10-11T11:41:52","guid":{"rendered":"https:\/\/past-perfect.gr\/product\/napkin-ellie-white-greengate\/"},"modified":"2026-01-10T13:48:59","modified_gmt":"2026-01-10T11:48:59","slug":"serviette-de-table-ellie-white-greengate","status":"publish","type":"product","link":"https:\/\/past-perfect.gr\/fr\/katastima\/home-decor\/greengate-home-decor\/chartopetsetes\/napkin-ellie-white-greengate\/","title":{"rendered":"Serviette Ellie blanche - Greengate"},"content":{"rendered":"","protected":false},"excerpt":{"rendered":"<p>Serviettes de table de la s\u00e9rie Ellie de Greengate en paquet de 20 pi\u00e8ces. Peut \u00eatre utilis\u00e9e seule ou en combinaison avec toute autre gamme Greengate.<\/p>\n<p>Collection : GreenGate Ellie<\/p>\n<p>&nbsp;<\/p>","protected":false},"featured_media":1155,"comment_status":"closed","ping_status":"closed","template":"","meta":{"_gspb_post_css":""},"product_brand":[],"product_cat":[97,96,100],"product_tag":[],"class_list":{"0":"post-1266","1":"product","2":"type-product","3":"status-publish","4":"has-post-thumbnail","6":"product_cat-greengate-home-decor","7":"product_cat-home-decor","8":"product_cat-chartopetsetes","10":"first","11":"outofstock","12":"taxable","13":"shipping-taxable","14":"purchasable","15":"product-type-simple"},"ct_brands":[],"_links":{"self":[{"href":"https:\/\/past-perfect.gr\/fr\/wp-json\/wp\/v2\/product\/1266","targetHints":{"allow":["GET"]}}],"collection":[{"href":"https:\/\/past-perfect.gr\/fr\/wp-json\/wp\/v2\/product"}],"about":[{"href":"https:\/\/past-perfect.gr\/fr\/wp-json\/wp\/v2\/types\/product"}],"replies":[{"embeddable":true,"href":"https:\/\/past-perfect.gr\/fr\/wp-json\/wp\/v2\/comments?post=1266"}],"wp:featuredmedia":[{"embeddable":true,"href":"https:\/\/past-perfect.gr\/fr\/wp-json\/wp\/v2\/media\/1155"}],"wp:attachment":[{"href":"https:\/\/past-perfect.gr\/fr\/wp-json\/wp\/v2\/media?parent=1266"}],"wp:term":[{"taxonomy":"product_brand","embeddable":true,"href":"https:\/\/past-perfect.gr\/fr\/wp-json\/wp\/v2\/product_brand?post=1266"},{"taxonomy":"product_cat","embeddable":true,"href":"https:\/\/past-perfect.gr\/fr\/wp-json\/wp\/v2\/product_cat?post=1266"},{"taxonomy":"product_tag","embeddable":true,"href":"https:\/\/past-perfect.gr\/fr\/wp-json\/wp\/v2\/product_tag?post=1266"}],"curies":[{"name":"wp","href":"https:\/\/api.w.org\/{rel}","templated":true}]}}