{"id":1268,"date":"2021-10-11T14:52:55","date_gmt":"2021-10-11T11:52:55","guid":{"rendered":"https:\/\/past-perfect.gr\/product\/napkin-sienna-dusty-mint-greengate\/"},"modified":"2025-06-06T13:39:20","modified_gmt":"2025-06-06T10:39:20","slug":"serviette-de-table-sienna-dusty-mint-greengate","status":"publish","type":"product","link":"https:\/\/past-perfect.gr\/fr\/katastima\/home-decor\/greengate-home-decor\/chartopetsetes\/napkin-sienna-dusty-mint-greengate\/","title":{"rendered":"Serviette de table Sienna dusty mint - Greengate"},"content":{"rendered":"","protected":false},"excerpt":{"rendered":"<p>Serviettes de table Greengate de la s\u00e9rie Sienna en paquet de 20 pi\u00e8ces. Peut \u00eatre utilis\u00e9 seul ou en combinaison avec toute autre gamme Greengate.<\/p>\n<p>Collection : GreenGate Sienna<\/p>\n<p>&nbsp;<\/p>","protected":false},"featured_media":1157,"comment_status":"closed","ping_status":"open","template":"","meta":{"_gspb_post_css":""},"product_brand":[],"product_cat":[97,96,100],"product_tag":[],"class_list":{"0":"post-1268","1":"product","2":"type-product","3":"status-publish","4":"has-post-thumbnail","6":"product_cat-greengate-home-decor","7":"product_cat-home-decor","8":"product_cat-chartopetsetes","10":"first","11":"instock","12":"taxable","13":"shipping-taxable","14":"purchasable","15":"product-type-simple"},"ct_brands":[],"_links":{"self":[{"href":"https:\/\/past-perfect.gr\/fr\/wp-json\/wp\/v2\/product\/1268","targetHints":{"allow":["GET"]}}],"collection":[{"href":"https:\/\/past-perfect.gr\/fr\/wp-json\/wp\/v2\/product"}],"about":[{"href":"https:\/\/past-perfect.gr\/fr\/wp-json\/wp\/v2\/types\/product"}],"replies":[{"embeddable":true,"href":"https:\/\/past-perfect.gr\/fr\/wp-json\/wp\/v2\/comments?post=1268"}],"wp:featuredmedia":[{"embeddable":true,"href":"https:\/\/past-perfect.gr\/fr\/wp-json\/wp\/v2\/media\/1157"}],"wp:attachment":[{"href":"https:\/\/past-perfect.gr\/fr\/wp-json\/wp\/v2\/media?parent=1268"}],"wp:term":[{"taxonomy":"product_brand","embeddable":true,"href":"https:\/\/past-perfect.gr\/fr\/wp-json\/wp\/v2\/product_brand?post=1268"},{"taxonomy":"product_cat","embeddable":true,"href":"https:\/\/past-perfect.gr\/fr\/wp-json\/wp\/v2\/product_cat?post=1268"},{"taxonomy":"product_tag","embeddable":true,"href":"https:\/\/past-perfect.gr\/fr\/wp-json\/wp\/v2\/product_tag?post=1268"}],"curies":[{"name":"wp","href":"https:\/\/api.w.org\/{rel}","templated":true}]}}