{"id":1279,"date":"2021-10-11T15:21:30","date_gmt":"2021-10-11T12:21:30","guid":{"rendered":"https:\/\/past-perfect.gr\/product\/teabag-holder-clementine-greengate\/"},"modified":"2026-01-04T22:21:07","modified_gmt":"2026-01-04T20:21:07","slug":"porte-sachet-de-the-clementine-greengate","status":"publish","type":"product","link":"https:\/\/past-perfect.gr\/fr\/katastima\/home-decor\/greengate-home-decor\/porselanes\/teabag-holder-clementine-greengate\/","title":{"rendered":"Porte-sachet de th\u00e9 Cl\u00e9mentine - Greengate"},"content":{"rendered":"","protected":false},"excerpt":{"rendered":"<p>Porte-th\u00e9i\u00e8re romantique de la s\u00e9rie Clementine de Greengate, qui accompagne la th\u00e9i\u00e8re pour accueillir le th\u00e9 qui en est extrait. C'est un si bel objet qu'il peut facilement \u00eatre utilis\u00e9 \u00e0 d'autres fins, comme pour les sucreries sur la table, pour poser un couvert usag\u00e9, pour les petites r\u00e9sos, etc.<\/p>\n<p>Collection : GreenGate Clementine<\/p>\n<p>Ils conviennent pour le micro-ondes et le lave-vaisselle.<\/p>","protected":false},"featured_media":1280,"comment_status":"closed","ping_status":"closed","template":"","meta":{"_gspb_post_css":""},"product_brand":[],"product_cat":[97,96,99],"product_tag":[101],"class_list":{"0":"post-1279","1":"product","2":"type-product","3":"status-publish","4":"has-post-thumbnail","6":"product_cat-greengate-home-decor","7":"product_cat-home-decor","8":"product_cat-porselanes","9":"product_tag-greengate","11":"first","12":"outofstock","13":"taxable","14":"shipping-taxable","15":"purchasable","16":"product-type-simple"},"ct_brands":[],"_links":{"self":[{"href":"https:\/\/past-perfect.gr\/fr\/wp-json\/wp\/v2\/product\/1279","targetHints":{"allow":["GET"]}}],"collection":[{"href":"https:\/\/past-perfect.gr\/fr\/wp-json\/wp\/v2\/product"}],"about":[{"href":"https:\/\/past-perfect.gr\/fr\/wp-json\/wp\/v2\/types\/product"}],"replies":[{"embeddable":true,"href":"https:\/\/past-perfect.gr\/fr\/wp-json\/wp\/v2\/comments?post=1279"}],"wp:featuredmedia":[{"embeddable":true,"href":"https:\/\/past-perfect.gr\/fr\/wp-json\/wp\/v2\/media\/1280"}],"wp:attachment":[{"href":"https:\/\/past-perfect.gr\/fr\/wp-json\/wp\/v2\/media?parent=1279"}],"wp:term":[{"taxonomy":"product_brand","embeddable":true,"href":"https:\/\/past-perfect.gr\/fr\/wp-json\/wp\/v2\/product_brand?post=1279"},{"taxonomy":"product_cat","embeddable":true,"href":"https:\/\/past-perfect.gr\/fr\/wp-json\/wp\/v2\/product_cat?post=1279"},{"taxonomy":"product_tag","embeddable":true,"href":"https:\/\/past-perfect.gr\/fr\/wp-json\/wp\/v2\/product_tag?post=1279"}],"curies":[{"name":"wp","href":"https:\/\/api.w.org\/{rel}","templated":true}]}}