{"id":1327,"date":"2022-01-18T17:32:34","date_gmt":"2022-01-18T15:32:34","guid":{"rendered":"https:\/\/past-perfect.gr\/product\/epiplopano-jacquard-aslan\/"},"modified":"2025-06-06T13:39:37","modified_gmt":"2025-06-06T10:39:37","slug":"epiplopano-jacquard-aslan","status":"publish","type":"product","link":"https:\/\/past-perfect.gr\/fr\/katastima\/home-decor\/yfasmata-epiploseon\/epiplopano-jacquard-aslan\/","title":{"rendered":"Pull en jacquard ASLAN"},"content":{"rendered":"<p>Epiplopan jacquard Aslan de haute qualit\u00e9.<\/p>\n<p>Largeur 280 cm - 345grm\/m2<\/p>\n<p>30% coton - 70% polyester<\/p>\n<p>Endurance 23.000 cycles<\/p>","protected":false},"excerpt":{"rendered":"<p>Epiplopan jacquard Aslan de haute qualit\u00e9. Le prix se r\u00e9f\u00e8re \u00e0 1 m\u00e8tre<\/p>\n<p>Largeur 280 cm - 345grm\/m2<\/p>\n<p>30% coton - 70% polyester<\/p>\n<p>Endurance 23.000 cycles<\/p>","protected":false},"featured_media":1328,"comment_status":"closed","ping_status":"open","template":"","meta":{"_gspb_post_css":""},"product_brand":[],"product_cat":[96,103],"product_tag":[],"class_list":{"0":"post-1327","1":"product","2":"type-product","3":"status-publish","4":"has-post-thumbnail","6":"product_cat-home-decor","7":"product_cat-yfasmata-epiploseon","9":"first","10":"instock","11":"taxable","12":"shipping-taxable","13":"purchasable","14":"product-type-simple"},"ct_brands":[],"_links":{"self":[{"href":"https:\/\/past-perfect.gr\/fr\/wp-json\/wp\/v2\/product\/1327","targetHints":{"allow":["GET"]}}],"collection":[{"href":"https:\/\/past-perfect.gr\/fr\/wp-json\/wp\/v2\/product"}],"about":[{"href":"https:\/\/past-perfect.gr\/fr\/wp-json\/wp\/v2\/types\/product"}],"replies":[{"embeddable":true,"href":"https:\/\/past-perfect.gr\/fr\/wp-json\/wp\/v2\/comments?post=1327"}],"wp:featuredmedia":[{"embeddable":true,"href":"https:\/\/past-perfect.gr\/fr\/wp-json\/wp\/v2\/media\/1328"}],"wp:attachment":[{"href":"https:\/\/past-perfect.gr\/fr\/wp-json\/wp\/v2\/media?parent=1327"}],"wp:term":[{"taxonomy":"product_brand","embeddable":true,"href":"https:\/\/past-perfect.gr\/fr\/wp-json\/wp\/v2\/product_brand?post=1327"},{"taxonomy":"product_cat","embeddable":true,"href":"https:\/\/past-perfect.gr\/fr\/wp-json\/wp\/v2\/product_cat?post=1327"},{"taxonomy":"product_tag","embeddable":true,"href":"https:\/\/past-perfect.gr\/fr\/wp-json\/wp\/v2\/product_tag?post=1327"}],"curies":[{"name":"wp","href":"https:\/\/api.w.org\/{rel}","templated":true}]}}