{"id":1344,"date":"2022-01-26T10:43:03","date_gmt":"2022-01-26T08:43:03","guid":{"rendered":"https:\/\/past-perfect.gr\/product\/nordic-chic-crackle\/"},"modified":"2025-06-06T13:39:42","modified_gmt":"2025-06-06T10:39:42","slug":"nordic-chic-crackle","status":"publish","type":"product","link":"https:\/\/past-perfect.gr\/fr\/katastima\/diy-proionta\/nordic-chic\/ylika-technotropion\/nordic-chic-crackle\/","title":{"rendered":"Nordic Chic Crackle"},"content":{"rendered":"<p>Nous commen\u00e7ons g\u00e9n\u00e9ralement par peindre la surface avec une couleur, puis nous appliquons une couche de craquel\u00e9 et, lorsqu'elle est s\u00e8che, nous peignons une autre couleur par-dessus. Lorsque la deuxi\u00e8me couleur s\u00e8che, elle laisse appara\u00eetre des fissures \u00e0 travers lesquelles la couleur de base appara\u00eet.<\/p>\n<p>Selon la mani\u00e8re dont vous l'appliquez, les fissures appara\u00eetront sous des formes diff\u00e9rentes. Exp\u00e9rimentez diff\u00e9rentes mani\u00e8res d'appliquer le produit pour obtenir des r\u00e9sultats diff\u00e9rents.<\/p>\n<p>Crackle est un produit facile \u00e0 utiliser et respectueux de l'environnement.<\/p>\n<p>Disponible en emballage de 400 ml<\/p>\n<p>&nbsp;<\/p>","protected":false},"excerpt":{"rendered":"<p>Nordic Chic Crackle est un m\u00e9dium transparent visqueux qui permet aux peintures \u00e0 base d'eau de \"craquer\" et \u00e0 la couleur de base ou \u00e0 la surface d'origine de transpara\u00eetre, cr\u00e9ant ainsi de grandes fissures. Le craquel\u00e9 reproduit l'aspect raffin\u00e9 et vieilli d'une surface \"effiloch\u00e9e\/ab\u00eem\u00e9e\".<\/p>","protected":false},"featured_media":1345,"comment_status":"closed","ping_status":"open","template":"","meta":{"_gspb_post_css":""},"product_brand":[],"product_cat":[87,88,107],"product_tag":[],"class_list":{"0":"post-1344","1":"product","2":"type-product","3":"status-publish","4":"has-post-thumbnail","6":"product_cat-diy-proionta","7":"product_cat-nordic-chic","8":"product_cat-ylika-technotropion","10":"first","11":"instock","12":"taxable","13":"shipping-taxable","14":"purchasable","15":"product-type-simple"},"ct_brands":[],"_links":{"self":[{"href":"https:\/\/past-perfect.gr\/fr\/wp-json\/wp\/v2\/product\/1344","targetHints":{"allow":["GET"]}}],"collection":[{"href":"https:\/\/past-perfect.gr\/fr\/wp-json\/wp\/v2\/product"}],"about":[{"href":"https:\/\/past-perfect.gr\/fr\/wp-json\/wp\/v2\/types\/product"}],"replies":[{"embeddable":true,"href":"https:\/\/past-perfect.gr\/fr\/wp-json\/wp\/v2\/comments?post=1344"}],"wp:featuredmedia":[{"embeddable":true,"href":"https:\/\/past-perfect.gr\/fr\/wp-json\/wp\/v2\/media\/1345"}],"wp:attachment":[{"href":"https:\/\/past-perfect.gr\/fr\/wp-json\/wp\/v2\/media?parent=1344"}],"wp:term":[{"taxonomy":"product_brand","embeddable":true,"href":"https:\/\/past-perfect.gr\/fr\/wp-json\/wp\/v2\/product_brand?post=1344"},{"taxonomy":"product_cat","embeddable":true,"href":"https:\/\/past-perfect.gr\/fr\/wp-json\/wp\/v2\/product_cat?post=1344"},{"taxonomy":"product_tag","embeddable":true,"href":"https:\/\/past-perfect.gr\/fr\/wp-json\/wp\/v2\/product_tag?post=1344"}],"curies":[{"name":"wp","href":"https:\/\/api.w.org\/{rel}","templated":true}]}}