{"id":1347,"date":"2022-01-27T08:53:30","date_gmt":"2022-01-27T06:53:30","guid":{"rendered":"https:\/\/past-perfect.gr\/product\/easy-topcoat-sponge\/"},"modified":"2025-06-06T13:39:42","modified_gmt":"2025-06-06T10:39:42","slug":"eponge-easy-topcoat","status":"publish","type":"product","link":"https:\/\/past-perfect.gr\/fr\/katastima\/diy-proionta\/nordic-chic\/pinela-ergaleia\/easy-topcoat-sponge\/","title":{"rendered":"\u00c9ponge pour l'application de vernis - Easy TopCoat Sponge"},"content":{"rendered":"<p>Eponge sp\u00e9cialement con\u00e7ue pour l'application uniforme du vernis sur toutes les surfaces, vous \u00e9vitant ainsi le risque de brossage.<\/p>\n<p>Id\u00e9alement utilis\u00e9 avec les produits Top Coat, Glaze et Woody de Nordic Chic.<\/p>","protected":false},"excerpt":{"rendered":"<p>Eponge sp\u00e9cialement con\u00e7ue pour l'application uniforme du vernis sur toutes les surfaces, vous \u00e9vitant ainsi le risque de brossage.<\/p>\n<p>Id\u00e9alement utilis\u00e9 avec les produits Top Coat, Glaze et Woody de Nordic Chic.<\/p>","protected":false},"featured_media":1348,"comment_status":"closed","ping_status":"open","template":"","meta":{"_gspb_post_css":""},"product_brand":[],"product_cat":[87,88,91],"product_tag":[],"class_list":{"0":"post-1347","1":"product","2":"type-product","3":"status-publish","4":"has-post-thumbnail","6":"product_cat-diy-proionta","7":"product_cat-nordic-chic","8":"product_cat-pinela-ergaleia","10":"first","11":"instock","12":"sold-individually","13":"taxable","14":"shipping-taxable","15":"purchasable","16":"product-type-simple"},"ct_brands":[],"_links":{"self":[{"href":"https:\/\/past-perfect.gr\/fr\/wp-json\/wp\/v2\/product\/1347","targetHints":{"allow":["GET"]}}],"collection":[{"href":"https:\/\/past-perfect.gr\/fr\/wp-json\/wp\/v2\/product"}],"about":[{"href":"https:\/\/past-perfect.gr\/fr\/wp-json\/wp\/v2\/types\/product"}],"replies":[{"embeddable":true,"href":"https:\/\/past-perfect.gr\/fr\/wp-json\/wp\/v2\/comments?post=1347"}],"wp:featuredmedia":[{"embeddable":true,"href":"https:\/\/past-perfect.gr\/fr\/wp-json\/wp\/v2\/media\/1348"}],"wp:attachment":[{"href":"https:\/\/past-perfect.gr\/fr\/wp-json\/wp\/v2\/media?parent=1347"}],"wp:term":[{"taxonomy":"product_brand","embeddable":true,"href":"https:\/\/past-perfect.gr\/fr\/wp-json\/wp\/v2\/product_brand?post=1347"},{"taxonomy":"product_cat","embeddable":true,"href":"https:\/\/past-perfect.gr\/fr\/wp-json\/wp\/v2\/product_cat?post=1347"},{"taxonomy":"product_tag","embeddable":true,"href":"https:\/\/past-perfect.gr\/fr\/wp-json\/wp\/v2\/product_tag?post=1347"}],"curies":[{"name":"wp","href":"https:\/\/api.w.org\/{rel}","templated":true}]}}