{"id":1508,"date":"2023-05-28T10:32:55","date_gmt":"2023-05-28T07:32:55","guid":{"rendered":"https:\/\/past-perfect.gr\/product\/meadows-3-sheets-hokus-pokus-petite-transfer\/"},"modified":"2025-06-06T13:40:43","modified_gmt":"2025-06-06T10:40:43","slug":"meadows-3-feuilles-hokus-pokus-petite-transfert","status":"publish","type":"product","link":"https:\/\/past-perfect.gr\/fr\/katastima\/diy-proionta\/transfers-moulds\/hokus-pokus-transfers\/meadows-3-sheets-hokus-pokus-petite-transfer\/","title":{"rendered":"MEADOWS - 3 feuilles, Hocus Pocus Petite Transfert"},"content":{"rendered":"","protected":false},"excerpt":{"rendered":"<p class=\"p1\">Les Hokus Pokus de transfert sont faciles \u00e0 appliquer, ils fonctionnent presque comme des graffitis et d\u00e9corent vos meubles avec de merveilleuses performances. Ils sont tr\u00e8s d\u00e9taill\u00e9s et \u00e9l\u00e9gants et peuvent \u00eatre appliqu\u00e9s sur une vari\u00e9t\u00e9 de surfaces lisses telles que le bois, les meubles peints, le verre, les miroirs et plus encore. Ils sont d\u00e9coup\u00e9s aux dimensions qui nous conviennent et s'adaptent facilement pour cr\u00e9er votre propre \u0153uvre d'art.<\/p>\n<p>&nbsp;<\/p>","protected":false},"featured_media":1509,"comment_status":"closed","ping_status":"open","template":"","meta":{"_gspb_post_css":""},"product_brand":[],"product_cat":[87,108,93],"product_tag":[],"class_list":{"0":"post-1508","1":"product","2":"type-product","3":"status-publish","4":"has-post-thumbnail","6":"product_cat-diy-proionta","7":"product_cat-hokus-pokus-transfers","8":"product_cat-transfers-moulds","10":"first","11":"outofstock","12":"sold-individually","13":"taxable","14":"shipping-taxable","15":"purchasable","16":"product-type-simple"},"ct_brands":[],"_links":{"self":[{"href":"https:\/\/past-perfect.gr\/fr\/wp-json\/wp\/v2\/product\/1508","targetHints":{"allow":["GET"]}}],"collection":[{"href":"https:\/\/past-perfect.gr\/fr\/wp-json\/wp\/v2\/product"}],"about":[{"href":"https:\/\/past-perfect.gr\/fr\/wp-json\/wp\/v2\/types\/product"}],"replies":[{"embeddable":true,"href":"https:\/\/past-perfect.gr\/fr\/wp-json\/wp\/v2\/comments?post=1508"}],"wp:featuredmedia":[{"embeddable":true,"href":"https:\/\/past-perfect.gr\/fr\/wp-json\/wp\/v2\/media\/1509"}],"wp:attachment":[{"href":"https:\/\/past-perfect.gr\/fr\/wp-json\/wp\/v2\/media?parent=1508"}],"wp:term":[{"taxonomy":"product_brand","embeddable":true,"href":"https:\/\/past-perfect.gr\/fr\/wp-json\/wp\/v2\/product_brand?post=1508"},{"taxonomy":"product_cat","embeddable":true,"href":"https:\/\/past-perfect.gr\/fr\/wp-json\/wp\/v2\/product_cat?post=1508"},{"taxonomy":"product_tag","embeddable":true,"href":"https:\/\/past-perfect.gr\/fr\/wp-json\/wp\/v2\/product_tag?post=1508"}],"curies":[{"name":"wp","href":"https:\/\/api.w.org\/{rel}","templated":true}]}}