{"id":1545,"date":"2023-08-31T08:47:37","date_gmt":"2023-08-31T05:47:37","guid":{"rendered":"https:\/\/past-perfect.gr\/product\/nordic-chic-flat-angled-brush\/"},"modified":"2025-06-06T13:40:58","modified_gmt":"2025-06-06T10:40:58","slug":"nordic-chic-flat-angled-brush","status":"publish","type":"product","link":"https:\/\/past-perfect.gr\/fr\/katastima\/diy-proionta\/nordic-chic\/pinela-ergaleia\/nordic-chic-flat-angled-brush\/","title":{"rendered":"Pinceau plat angulaire Nordic Chic"},"content":{"rendered":"<div class=\"product-short-description\">\n<p>Les pinceaux de Nordic Chic, dot\u00e9s de poils synth\u00e9tiques sp\u00e9ciaux, sont con\u00e7us pour assurer un flux de peinture lisse et r\u00e9gulier sur toutes les surfaces, r\u00e9duisant ainsi la possibilit\u00e9 de rainures dans les coups de pinceau.<br \/>\nIls sont con\u00e7us pour \u00eatre confortables, durables et faciles \u00e0 prendre en main, ont un connecteur en acier inoxydable et sont faciles \u00e0 nettoyer.<\/p>\n<p>Elles sont id\u00e9ales pour les couleurs \u00e0 l'eau et \u00e0 la craie, ainsi que pour les vernis Nordic Chic.<\/p>\n<p>&nbsp;<\/p>\n<\/div>","protected":false},"excerpt":{"rendered":"<p>Pinceau d'angle plat synth\u00e9tique 2\u2033, sp\u00e9cialement con\u00e7u pour peindre les angles et les coupes avec facilit\u00e9. Id\u00e9al pour peindre des surfaces int\u00e9rieures de diff\u00e9rentes couleurs,<\/p>","protected":false},"featured_media":1546,"comment_status":"closed","ping_status":"open","template":"","meta":{"_gspb_post_css":""},"product_brand":[],"product_cat":[87,88,91],"product_tag":[],"class_list":{"0":"post-1545","1":"product","2":"type-product","3":"status-publish","4":"has-post-thumbnail","6":"product_cat-diy-proionta","7":"product_cat-nordic-chic","8":"product_cat-pinela-ergaleia","10":"first","11":"instock","12":"sold-individually","13":"taxable","14":"shipping-taxable","15":"purchasable","16":"product-type-simple"},"ct_brands":[],"_links":{"self":[{"href":"https:\/\/past-perfect.gr\/fr\/wp-json\/wp\/v2\/product\/1545","targetHints":{"allow":["GET"]}}],"collection":[{"href":"https:\/\/past-perfect.gr\/fr\/wp-json\/wp\/v2\/product"}],"about":[{"href":"https:\/\/past-perfect.gr\/fr\/wp-json\/wp\/v2\/types\/product"}],"replies":[{"embeddable":true,"href":"https:\/\/past-perfect.gr\/fr\/wp-json\/wp\/v2\/comments?post=1545"}],"wp:featuredmedia":[{"embeddable":true,"href":"https:\/\/past-perfect.gr\/fr\/wp-json\/wp\/v2\/media\/1546"}],"wp:attachment":[{"href":"https:\/\/past-perfect.gr\/fr\/wp-json\/wp\/v2\/media?parent=1545"}],"wp:term":[{"taxonomy":"product_brand","embeddable":true,"href":"https:\/\/past-perfect.gr\/fr\/wp-json\/wp\/v2\/product_brand?post=1545"},{"taxonomy":"product_cat","embeddable":true,"href":"https:\/\/past-perfect.gr\/fr\/wp-json\/wp\/v2\/product_cat?post=1545"},{"taxonomy":"product_tag","embeddable":true,"href":"https:\/\/past-perfect.gr\/fr\/wp-json\/wp\/v2\/product_tag?post=1545"}],"curies":[{"name":"wp","href":"https:\/\/api.w.org\/{rel}","templated":true}]}}