{"id":1553,"date":"2020-03-30T16:35:03","date_gmt":"2020-03-30T13:35:03","guid":{"rendered":"https:\/\/past-perfect.gr\/product\/nordic-chic-clear-wax-%ce%b4%ce%b9%ce%ac%cf%86%ce%b1%ce%bd%ce%bf-%ce%ba%ce%b5%cf%81%ce%af\/"},"modified":"2025-06-06T13:42:55","modified_gmt":"2025-06-06T10:42:55","slug":"nordic-chic-clear-wax-cire-transparente","status":"publish","type":"product","link":"https:\/\/past-perfect.gr\/fr\/katastima\/diy-proionta\/nordic-chic\/keria-vernikia\/nordic-chic-clear-wax-%ce%b4%ce%b9%ce%ac%cf%86%ce%b1%ce%bd%ce%bf-%ce%ba%ce%b5%cf%81%ce%af\/","title":{"rendered":"Nordic Chic Clear Wax - Cire transparente"},"content":{"rendered":"<p>Une cire transparente et soyeuse pour la protection et l'imperm\u00e9abilisation de vos surfaces peintes.  Les cires Nordic Chic sont bas\u00e9es sur 100% d'ingr\u00e9dients naturels purs, principalement de la cire d'abeille. Elles sont les seules sur le march\u00e9 grec \u00e0 \u00eatre certifi\u00e9es \u00e9cologiques et \u00e0 ne pas avoir d'odeur d\u00e9sagr\u00e9able.<\/p>","protected":false},"excerpt":{"rendered":"<p>Une cire transparente et soyeuse pour la protection et l'imperm\u00e9abilisation de vos surfaces peintes.  Les cires Nordic Chic sont bas\u00e9es sur 100% d'ingr\u00e9dients naturels purs, principalement de la cire d'abeille. Elles sont les seules sur le march\u00e9 grec \u00e0 \u00eatre certifi\u00e9es \u00e9cologiques et \u00e0 ne pas avoir d'odeur d\u00e9sagr\u00e9able.<\/p>","protected":false},"featured_media":1554,"comment_status":"closed","ping_status":"open","template":"","meta":{"_gspb_post_css":""},"product_brand":[],"product_cat":[87,88,92],"product_tag":[],"class_list":{"0":"post-1553","1":"product","2":"type-product","3":"status-publish","4":"has-post-thumbnail","6":"product_cat-diy-proionta","7":"product_cat-nordic-chic","8":"product_cat-keria-vernikia","9":"pa_-400ml","11":"first","12":"instock","13":"taxable","14":"shipping-taxable","15":"purchasable","16":"product-type-variable"},"ct_brands":[],"_links":{"self":[{"href":"https:\/\/past-perfect.gr\/fr\/wp-json\/wp\/v2\/product\/1553","targetHints":{"allow":["GET"]}}],"collection":[{"href":"https:\/\/past-perfect.gr\/fr\/wp-json\/wp\/v2\/product"}],"about":[{"href":"https:\/\/past-perfect.gr\/fr\/wp-json\/wp\/v2\/types\/product"}],"replies":[{"embeddable":true,"href":"https:\/\/past-perfect.gr\/fr\/wp-json\/wp\/v2\/comments?post=1553"}],"wp:featuredmedia":[{"embeddable":true,"href":"https:\/\/past-perfect.gr\/fr\/wp-json\/wp\/v2\/media\/1554"}],"wp:attachment":[{"href":"https:\/\/past-perfect.gr\/fr\/wp-json\/wp\/v2\/media?parent=1553"}],"wp:term":[{"taxonomy":"product_brand","embeddable":true,"href":"https:\/\/past-perfect.gr\/fr\/wp-json\/wp\/v2\/product_brand?post=1553"},{"taxonomy":"product_cat","embeddable":true,"href":"https:\/\/past-perfect.gr\/fr\/wp-json\/wp\/v2\/product_cat?post=1553"},{"taxonomy":"product_tag","embeddable":true,"href":"https:\/\/past-perfect.gr\/fr\/wp-json\/wp\/v2\/product_tag?post=1553"}],"curies":[{"name":"wp","href":"https:\/\/api.w.org\/{rel}","templated":true}]}}