{"id":1559,"date":"2020-04-08T11:33:11","date_gmt":"2020-04-08T08:33:11","guid":{"rendered":"https:\/\/past-perfect.gr\/product\/polyvine-heavy-duty-lacquer\/"},"modified":"2025-06-06T13:42:55","modified_gmt":"2025-06-06T10:42:55","slug":"polyvine-heavy-duty-lacquer","status":"publish","type":"product","link":"https:\/\/past-perfect.gr\/fr\/katastima\/diy-proionta\/nordic-chic\/keria-vernikia\/polyvine-heavy-duty-lacquer\/","title":{"rendered":"Laque Polyvine Heavy Duty"},"content":{"rendered":"<p>Vernis \u00e0 l'eau id\u00e9al pour les sols et les cuisines de haute durabilit\u00e9. Application facile au pinceau ou au rouleau.<\/p>","protected":false},"excerpt":{"rendered":"<p>Vernis \u00e0 l'eau id\u00e9al pour les sols et les cuisines de haute durabilit\u00e9. Application facile au pinceau ou au rouleau.<\/p>","protected":false},"featured_media":1560,"comment_status":"closed","ping_status":"open","template":"","meta":{"_gspb_post_css":""},"product_brand":[],"product_cat":[87,88,92],"product_tag":[],"class_list":{"0":"post-1559","1":"product","2":"type-product","3":"status-publish","4":"has-post-thumbnail","6":"product_cat-diy-proionta","7":"product_cat-nordic-chic","8":"product_cat-keria-vernikia","9":"pa_-1000ml","11":"first","12":"instock","13":"taxable","14":"shipping-taxable","15":"purchasable","16":"product-type-variable"},"ct_brands":[],"_links":{"self":[{"href":"https:\/\/past-perfect.gr\/fr\/wp-json\/wp\/v2\/product\/1559","targetHints":{"allow":["GET"]}}],"collection":[{"href":"https:\/\/past-perfect.gr\/fr\/wp-json\/wp\/v2\/product"}],"about":[{"href":"https:\/\/past-perfect.gr\/fr\/wp-json\/wp\/v2\/types\/product"}],"replies":[{"embeddable":true,"href":"https:\/\/past-perfect.gr\/fr\/wp-json\/wp\/v2\/comments?post=1559"}],"wp:featuredmedia":[{"embeddable":true,"href":"https:\/\/past-perfect.gr\/fr\/wp-json\/wp\/v2\/media\/1560"}],"wp:attachment":[{"href":"https:\/\/past-perfect.gr\/fr\/wp-json\/wp\/v2\/media?parent=1559"}],"wp:term":[{"taxonomy":"product_brand","embeddable":true,"href":"https:\/\/past-perfect.gr\/fr\/wp-json\/wp\/v2\/product_brand?post=1559"},{"taxonomy":"product_cat","embeddable":true,"href":"https:\/\/past-perfect.gr\/fr\/wp-json\/wp\/v2\/product_cat?post=1559"},{"taxonomy":"product_tag","embeddable":true,"href":"https:\/\/past-perfect.gr\/fr\/wp-json\/wp\/v2\/product_tag?post=1559"}],"curies":[{"name":"wp","href":"https:\/\/api.w.org\/{rel}","templated":true}]}}