{"id":1791,"date":"2020-05-24T11:44:58","date_gmt":"2020-05-24T08:44:58","guid":{"rendered":"https:\/\/past-perfect.gr\/product\/nordic-chic-topcoat\/"},"modified":"2025-06-06T13:44:07","modified_gmt":"2025-06-06T10:44:07","slug":"top-coat-nordique-chic","status":"publish","type":"product","link":"https:\/\/past-perfect.gr\/fr\/katastima\/diy-proionta\/nordic-chic\/keria-vernikia\/nordic-chic-topcoat\/","title":{"rendered":"Top-coat chic nordique"},"content":{"rendered":"<p>Vernis \u00e0 l'eau unique et absolument \u00e9cologique qui respecte notre sant\u00e9 et l'environnement comme tous les produits Nordic Chic. Facile \u00e0 appliquer au pinceau ou au rouleau, il est tr\u00e8s r\u00e9sistant et id\u00e9al pour toutes les surfaces (int\u00e9rieures et ext\u00e9rieures).<\/p>\n<p>Il laisse un fini mat et ne jaunit pas avec le temps.<\/p>","protected":false},"excerpt":{"rendered":"<p>Vernis \u00e0 l'eau unique et absolument \u00e9cologique qui respecte notre sant\u00e9 et l'environnement comme tous les produits Nordic Chic. Facile \u00e0 appliquer au pinceau ou au rouleau, il est tr\u00e8s r\u00e9sistant et id\u00e9al pour toutes les surfaces (int\u00e9rieures et ext\u00e9rieures). Il laisse un fini mat et ne jaunit pas avec le temps.<\/p>","protected":false},"featured_media":1792,"comment_status":"closed","ping_status":"open","template":"","meta":{"_gspb_post_css":""},"product_brand":[],"product_cat":[87,88,92],"product_tag":[],"class_list":{"0":"post-1791","1":"product","2":"type-product","3":"status-publish","4":"has-post-thumbnail","6":"product_cat-diy-proionta","7":"product_cat-nordic-chic","8":"product_cat-keria-vernikia","10":"first","11":"instock","12":"taxable","13":"shipping-taxable","14":"purchasable","15":"product-type-variable"},"ct_brands":[],"_links":{"self":[{"href":"https:\/\/past-perfect.gr\/fr\/wp-json\/wp\/v2\/product\/1791","targetHints":{"allow":["GET"]}}],"collection":[{"href":"https:\/\/past-perfect.gr\/fr\/wp-json\/wp\/v2\/product"}],"about":[{"href":"https:\/\/past-perfect.gr\/fr\/wp-json\/wp\/v2\/types\/product"}],"replies":[{"embeddable":true,"href":"https:\/\/past-perfect.gr\/fr\/wp-json\/wp\/v2\/comments?post=1791"}],"wp:featuredmedia":[{"embeddable":true,"href":"https:\/\/past-perfect.gr\/fr\/wp-json\/wp\/v2\/media\/1792"}],"wp:attachment":[{"href":"https:\/\/past-perfect.gr\/fr\/wp-json\/wp\/v2\/media?parent=1791"}],"wp:term":[{"taxonomy":"product_brand","embeddable":true,"href":"https:\/\/past-perfect.gr\/fr\/wp-json\/wp\/v2\/product_brand?post=1791"},{"taxonomy":"product_cat","embeddable":true,"href":"https:\/\/past-perfect.gr\/fr\/wp-json\/wp\/v2\/product_cat?post=1791"},{"taxonomy":"product_tag","embeddable":true,"href":"https:\/\/past-perfect.gr\/fr\/wp-json\/wp\/v2\/product_tag?post=1791"}],"curies":[{"name":"wp","href":"https:\/\/api.w.org\/{rel}","templated":true}]}}