{"id":1795,"date":"2020-05-24T19:19:05","date_gmt":"2020-05-24T16:19:05","guid":{"rendered":"https:\/\/past-perfect.gr\/product\/nordic-chic-grey-wax\/"},"modified":"2025-06-06T13:44:34","modified_gmt":"2025-06-06T10:44:34","slug":"nordic-chic-grey-wax","status":"publish","type":"product","link":"https:\/\/past-perfect.gr\/fr\/katastima\/diy-proionta\/nordic-chic\/keria-vernikia\/nordic-chic-grey-wax\/","title":{"rendered":"Cire grise Nordic Chic"},"content":{"rendered":"<p>C'est une cire de soie que l'on utilise pour cr\u00e9er des patines et des ombres sur les surfaces peintes. Les bougies Nordic Chic sont \u00e0 base de 100% ingr\u00e9dients naturels purs, principalement de la cire d'abeille. Elles sont les seules sur le march\u00e9 grec \u00e0 \u00eatre certifi\u00e9es \u00e9cologiques et \u00e0 ne pas avoir d'odeur g\u00eanante.<\/p>","protected":false},"excerpt":{"rendered":"<p>C'est une cire de soie que l'on utilise pour cr\u00e9er des patines et des ombres sur les surfaces peintes. Les bougies Nordic Chic sont \u00e0 base de 100% ingr\u00e9dients naturels purs, principalement de la cire d'abeille. Elles sont les seules sur le march\u00e9 grec \u00e0 \u00eatre certifi\u00e9es \u00e9cologiques et \u00e0 ne pas avoir d'odeur g\u00eanante.<\/p>","protected":false},"featured_media":1796,"comment_status":"closed","ping_status":"open","template":"","meta":{"_gspb_post_css":""},"product_brand":[],"product_cat":[87,88,92],"product_tag":[],"class_list":{"0":"post-1795","1":"product","2":"type-product","3":"status-publish","4":"has-post-thumbnail","6":"product_cat-diy-proionta","7":"product_cat-nordic-chic","8":"product_cat-keria-vernikia","9":"pa_-200ml","10":"pa_-400ml","12":"first","13":"instock","14":"taxable","15":"shipping-taxable","16":"purchasable","17":"product-type-variable"},"ct_brands":[],"_links":{"self":[{"href":"https:\/\/past-perfect.gr\/fr\/wp-json\/wp\/v2\/product\/1795","targetHints":{"allow":["GET"]}}],"collection":[{"href":"https:\/\/past-perfect.gr\/fr\/wp-json\/wp\/v2\/product"}],"about":[{"href":"https:\/\/past-perfect.gr\/fr\/wp-json\/wp\/v2\/types\/product"}],"replies":[{"embeddable":true,"href":"https:\/\/past-perfect.gr\/fr\/wp-json\/wp\/v2\/comments?post=1795"}],"wp:featuredmedia":[{"embeddable":true,"href":"https:\/\/past-perfect.gr\/fr\/wp-json\/wp\/v2\/media\/1796"}],"wp:attachment":[{"href":"https:\/\/past-perfect.gr\/fr\/wp-json\/wp\/v2\/media?parent=1795"}],"wp:term":[{"taxonomy":"product_brand","embeddable":true,"href":"https:\/\/past-perfect.gr\/fr\/wp-json\/wp\/v2\/product_brand?post=1795"},{"taxonomy":"product_cat","embeddable":true,"href":"https:\/\/past-perfect.gr\/fr\/wp-json\/wp\/v2\/product_cat?post=1795"},{"taxonomy":"product_tag","embeddable":true,"href":"https:\/\/past-perfect.gr\/fr\/wp-json\/wp\/v2\/product_tag?post=1795"}],"curies":[{"name":"wp","href":"https:\/\/api.w.org\/{rel}","templated":true}]}}