{"id":1798,"date":"2020-05-24T19:32:10","date_gmt":"2020-05-24T16:32:10","guid":{"rendered":"https:\/\/past-perfect.gr\/product\/nordic-chic-fairy-dust\/"},"modified":"2025-06-06T13:44:34","modified_gmt":"2025-06-06T10:44:34","slug":"poudre-de-fee-chic-et-nordique","status":"publish","type":"product","link":"https:\/\/past-perfect.gr\/fr\/katastima\/diy-proionta\/nordic-chic\/ylika-technotropion\/nordic-chic-fairy-dust\/","title":{"rendered":"Poussi\u00e8re de f\u00e9e chic nordique"},"content":{"rendered":"<p>La poussi\u00e8re de f\u00e9e est une poudre merveilleuse qui peut \u00eatre utilis\u00e9e pour donner un aspect m\u00e9tallique ou une patine aux meubles peints.<\/p>\n<p>Il se d\u00e9cline en cinq teintes m\u00e9talliques sp\u00e9ciales.<\/p>\n<p>Elle peut \u00eatre m\u00e9lang\u00e9e \u00e0 la cire claire Nordic Chic's pour obtenir une cire m\u00e9tallique ou m\u00e9lang\u00e9e \u00e0 la laque Nordic Chic's pour obtenir une finition m\u00e9tallique sur n'importe quelle surface telle que le bois, le plastique, le m\u00e9tal, etc. Elle peut \u00e9galement \u00eatre appliqu\u00e9e directement au pinceau ou m\u00eame \u00e0 la main, puis scell\u00e9e.<\/p>\n<p>Fairy Dust ne contient ni toxines ni ingr\u00e9dients dangereux et est respectueux de l'environnement.<\/p>","protected":false},"excerpt":{"rendered":"<p>\u03a4\u03bf Fairy Dust \u03b5\u03af\u03bd\u03b1\u03b9 \u03bc\u03b9\u03b1 \u03c5\u03c0\u03ad\u03c1\u03bf\u03c7\u03b7 \u03c3\u03ba\u03cc\u03bd\u03b7 \u03c0\u03bf\u03c5 \u03bc\u03c0\u03bf\u03c1\u03b5\u03af \u03bd\u03b1 \u03c7\u03c1\u03b7\u03c3\u03b9\u03bc\u03bf\u03c0\u03bf\u03b9\u03b7\u03b8\u03b5\u03af \u03b3\u03b9\u03b1 \u03bd\u03b1 \u03b4\u03ce\u03c3\u03b5\u03b9 \u03bc\u03b9\u03b1 \u03bc\u03b5\u03c4\u03b1\u03bb\u03bb\u03b9\u03ba\u03ae \u03cc\u03c8\u03b7 \u03ae \u03c0\u03b1\u03c4\u03af\u03bd\u03b1 \u03c3\u03c4\u03b1 \u03b2\u03b1\u03bc\u03bc\u03ad\u03bd\u03b1 \u03ad\u03c0\u03b9\u03c0\u03bb\u03b1. \u0392\u03b3\u03b1\u03af\u03bd\u03b5\u03b9 \u03c3\u03b5 \u03c0\u03ad\u03bd\u03c4\u03b5 \u03b9\u03b4\u03b9\u03b1\u03af\u03c4\u03b5\u03c1\u03b5\u03c2 \u03bc\u03b5\u03c4\u03b1\u03bb\u03bb\u03b9\u03ba\u03ad\u03c2 \u03b1\u03c0\u03bf\u03c7\u03c1\u03ce\u03c3\u03b5\u03b9\u03c2. \u0388\u03c7\u03b5\u03b9 \u03c0\u03bf\u03bb\u03bb\u03b1\u03c0\u03bb\u03ad\u03c2 \u03c7\u03c1\u03ae\u03c3\u03b5\u03b9\u03c2,\u00a0 \u039c\u03c0\u03bf\u03c1\u03b5\u03af \u03bd\u03b1 \u03b1\u03bd\u03b1\u03bc\u03b9\u03c7\u03b8\u03b5\u03af \u03bc\u03b5 \u03c4\u03bf \u03b4\u03b9\u03ac\u03c6\u03b1\u03bd\u03bf \u03ba\u03b5\u03c1\u03af \u03c4\u03b7\u03c2 Nordic Chic \u03ba\u03b1\u03b9 \u03bd\u03b1 \u03b4\u03ce\u03c3\u03b5\u03b9 \u03ad\u03bd\u03b1 \u03bc\u03b5\u03c4\u03b1\u03bb\u03bb\u03b9\u03ba\u03cc \u03ba\u03b5\u03c1\u03af \u03ae \u03bd\u03b1 \u03b1\u03bd\u03b1\u03bc\u03b9\u03c7\u03b8\u03b5\u03af \u03bc\u03b5 \u03c4\u03bf \u03b2\u03b5\u03c1\u03bd\u03af\u03ba\u03b9 \u03c4\u03b7\u03c2 Nordic [&hellip;]<\/p>\n","protected":false},"featured_media":1799,"comment_status":"closed","ping_status":"open","template":"","meta":{"_gspb_post_css":""},"product_brand":[],"product_cat":[87,88,107],"product_tag":[],"class_list":{"0":"post-1798","1":"product","2":"type-product","3":"status-publish","4":"has-post-thumbnail","6":"product_cat-diy-proionta","7":"product_cat-nordic-chic","8":"product_cat-ylika-technotropion","10":"first","11":"instock","12":"sold-individually","13":"taxable","14":"shipping-taxable","15":"purchasable","16":"product-type-variable"},"ct_brands":[],"_links":{"self":[{"href":"https:\/\/past-perfect.gr\/fr\/wp-json\/wp\/v2\/product\/1798","targetHints":{"allow":["GET"]}}],"collection":[{"href":"https:\/\/past-perfect.gr\/fr\/wp-json\/wp\/v2\/product"}],"about":[{"href":"https:\/\/past-perfect.gr\/fr\/wp-json\/wp\/v2\/types\/product"}],"replies":[{"embeddable":true,"href":"https:\/\/past-perfect.gr\/fr\/wp-json\/wp\/v2\/comments?post=1798"}],"wp:featuredmedia":[{"embeddable":true,"href":"https:\/\/past-perfect.gr\/fr\/wp-json\/wp\/v2\/media\/1799"}],"wp:attachment":[{"href":"https:\/\/past-perfect.gr\/fr\/wp-json\/wp\/v2\/media?parent=1798"}],"wp:term":[{"taxonomy":"product_brand","embeddable":true,"href":"https:\/\/past-perfect.gr\/fr\/wp-json\/wp\/v2\/product_brand?post=1798"},{"taxonomy":"product_cat","embeddable":true,"href":"https:\/\/past-perfect.gr\/fr\/wp-json\/wp\/v2\/product_cat?post=1798"},{"taxonomy":"product_tag","embeddable":true,"href":"https:\/\/past-perfect.gr\/fr\/wp-json\/wp\/v2\/product_tag?post=1798"}],"curies":[{"name":"wp","href":"https:\/\/api.w.org\/{rel}","templated":true}]}}