{"id":1806,"date":"2020-05-30T11:00:41","date_gmt":"2020-05-30T08:00:41","guid":{"rendered":"https:\/\/past-perfect.gr\/product\/nordic-chic-stencil-brush\/"},"modified":"2025-06-06T13:44:07","modified_gmt":"2025-06-06T10:44:07","slug":"brosse-a-pochoir-nordic-chic","status":"publish","type":"product","link":"https:\/\/past-perfect.gr\/fr\/katastima\/diy-proionta\/nordic-chic\/pinela-ergaleia\/nordic-chic-stencil-brush\/","title":{"rendered":"Pinceau \u00e0 pochoir Nordic Chic"},"content":{"rendered":"<p>Pinceaux ronds en poils naturels avec manche en bois, sp\u00e9cialement con\u00e7us pour les pochoirs.<\/p>","protected":false},"excerpt":{"rendered":"<p>Les brosses en poils naturels Nordic Chic sont con\u00e7ues pour \u00eatre confortables, durables et faciles \u00e0 prendre en main. Elles sont dot\u00e9es d'un connecteur en acier inoxydable et sont faciles \u00e0 nettoyer.<\/p>\n<p>&nbsp;<\/p>","protected":false},"featured_media":1354,"comment_status":"closed","ping_status":"open","template":"","meta":{"_gspb_post_css":""},"product_brand":[],"product_cat":[87,88,91],"product_tag":[],"class_list":{"0":"post-1806","1":"product","2":"type-product","3":"status-publish","4":"has-post-thumbnail","6":"product_cat-diy-proionta","7":"product_cat-nordic-chic","8":"product_cat-pinela-ergaleia","10":"first","11":"instock","12":"sold-individually","13":"taxable","14":"shipping-taxable","15":"purchasable","16":"product-type-variable"},"ct_brands":[],"_links":{"self":[{"href":"https:\/\/past-perfect.gr\/fr\/wp-json\/wp\/v2\/product\/1806","targetHints":{"allow":["GET"]}}],"collection":[{"href":"https:\/\/past-perfect.gr\/fr\/wp-json\/wp\/v2\/product"}],"about":[{"href":"https:\/\/past-perfect.gr\/fr\/wp-json\/wp\/v2\/types\/product"}],"replies":[{"embeddable":true,"href":"https:\/\/past-perfect.gr\/fr\/wp-json\/wp\/v2\/comments?post=1806"}],"wp:featuredmedia":[{"embeddable":true,"href":"https:\/\/past-perfect.gr\/fr\/wp-json\/wp\/v2\/media\/1354"}],"wp:attachment":[{"href":"https:\/\/past-perfect.gr\/fr\/wp-json\/wp\/v2\/media?parent=1806"}],"wp:term":[{"taxonomy":"product_brand","embeddable":true,"href":"https:\/\/past-perfect.gr\/fr\/wp-json\/wp\/v2\/product_brand?post=1806"},{"taxonomy":"product_cat","embeddable":true,"href":"https:\/\/past-perfect.gr\/fr\/wp-json\/wp\/v2\/product_cat?post=1806"},{"taxonomy":"product_tag","embeddable":true,"href":"https:\/\/past-perfect.gr\/fr\/wp-json\/wp\/v2\/product_tag?post=1806"}],"curies":[{"name":"wp","href":"https:\/\/api.w.org\/{rel}","templated":true}]}}