{"id":1812,"date":"2020-05-30T11:21:23","date_gmt":"2020-05-30T08:21:23","guid":{"rendered":"https:\/\/past-perfect.gr\/product\/%cf%80%ce%b9%ce%bd%ce%ad%ce%bb%ce%bf-easyclean-harris\/"},"modified":"2025-06-06T13:44:24","modified_gmt":"2025-06-06T10:44:24","slug":"easyclean-harris-brush","status":"publish","type":"product","link":"https:\/\/past-perfect.gr\/fr\/katastima\/diy-proionta\/nordic-chic\/pinela-ergaleia\/%cf%80%ce%b9%ce%bd%ce%ad%ce%bb%ce%bf-easyclean-harris\/","title":{"rendered":"Brosses EasyClean Harris"},"content":{"rendered":"<p>Brosses plates, avec un poil synth\u00e9tique innovant qui permet un nettoyage facile \u00e0 l'eau.<\/p>\n<p>Id\u00e9al pour une utilisation avec de la peinture \u00e0 la craie ou d'autres peintures et vernis \u00e0 base d'eau.<\/p>","protected":false},"excerpt":{"rendered":"<p>Pinceau plat en poils synth\u00e9tiques d'une grande durabilit\u00e9 et dot\u00e9 d'une disposition sp\u00e9ciale qui le rend tr\u00e8s facile \u00e0 nettoyer.  Id\u00e9al pour les peintures \u00e0 la craie ou autres et les vernis \u00e0 l'eau.<\/p>","protected":false},"featured_media":1813,"comment_status":"closed","ping_status":"open","template":"","meta":{"_gspb_post_css":""},"product_brand":[],"product_cat":[87,88,91],"product_tag":[],"class_list":{"0":"post-1812","1":"product","2":"type-product","3":"status-publish","4":"has-post-thumbnail","6":"product_cat-diy-proionta","7":"product_cat-nordic-chic","8":"product_cat-pinela-ergaleia","10":"first","11":"instock","12":"sold-individually","13":"taxable","14":"shipping-taxable","15":"purchasable","16":"product-type-variable"},"ct_brands":[],"_links":{"self":[{"href":"https:\/\/past-perfect.gr\/fr\/wp-json\/wp\/v2\/product\/1812","targetHints":{"allow":["GET"]}}],"collection":[{"href":"https:\/\/past-perfect.gr\/fr\/wp-json\/wp\/v2\/product"}],"about":[{"href":"https:\/\/past-perfect.gr\/fr\/wp-json\/wp\/v2\/types\/product"}],"replies":[{"embeddable":true,"href":"https:\/\/past-perfect.gr\/fr\/wp-json\/wp\/v2\/comments?post=1812"}],"wp:featuredmedia":[{"embeddable":true,"href":"https:\/\/past-perfect.gr\/fr\/wp-json\/wp\/v2\/media\/1813"}],"wp:attachment":[{"href":"https:\/\/past-perfect.gr\/fr\/wp-json\/wp\/v2\/media?parent=1812"}],"wp:term":[{"taxonomy":"product_brand","embeddable":true,"href":"https:\/\/past-perfect.gr\/fr\/wp-json\/wp\/v2\/product_brand?post=1812"},{"taxonomy":"product_cat","embeddable":true,"href":"https:\/\/past-perfect.gr\/fr\/wp-json\/wp\/v2\/product_cat?post=1812"},{"taxonomy":"product_tag","embeddable":true,"href":"https:\/\/past-perfect.gr\/fr\/wp-json\/wp\/v2\/product_tag?post=1812"}],"curies":[{"name":"wp","href":"https:\/\/api.w.org\/{rel}","templated":true}]}}