{"id":1822,"date":"2020-10-19T12:24:10","date_gmt":"2020-10-19T09:24:10","guid":{"rendered":"https:\/\/past-perfect.gr\/product\/north-sea-texture\/"},"modified":"2025-06-06T13:44:24","modified_gmt":"2025-06-06T10:44:24","slug":"texture-de-la-mer-du-nord","status":"publish","type":"product","link":"https:\/\/past-perfect.gr\/fr\/katastima\/diy-proionta\/nordic-chic\/ylika-technotropion\/north-sea-texture\/","title":{"rendered":"Texture de la mer du Nord"},"content":{"rendered":"<p id=\"tw-target-text\" class=\"tw-data-text tw-text-large XcVN5d tw-ta\" data-placeholder=\"\u039c\u03b5\u03c4\u03ac\u03c6\u03c1\u03b1\u03c3\u03b7\"><span lang=\"el\">North Sea Texture est un mat\u00e9riau (poudre) qui se m\u00e9lange \u00e0 la peinture \u00e0 la craie et conf\u00e8re une texture de mousse de mer \u00e0 une surface peinte, lui donnant un aspect us\u00e9 et rustique.<br \/>\nIl peut \u00e9galement \u00eatre utilis\u00e9 pour gaufrer des pochoirs de style pierre ou ciment et ajouter une patine ancienne \u00e0 vos meubles. En fonction de la combinaison et de la mani\u00e8re dont elle est appliqu\u00e9e, vous pouvez obtenir des r\u00e9sultats diff\u00e9rents. <\/span><\/p>\n<p class=\"tw-data-text tw-text-large XcVN5d tw-ta\" data-placeholder=\"\u039c\u03b5\u03c4\u03ac\u03c6\u03c1\u03b1\u03c3\u03b7\"><span lang=\"el\">La texture Nordic Chic\u00ae North Sea est 100% naturelle et ne contient pas de COV volatils.<br \/>\n<\/span><\/p>\n<p>&nbsp;<\/p>","protected":false},"excerpt":{"rendered":"<p>T\u03bf North Sea Texture \u03b5\u03af\u03bd\u03b1\u03b9 \u03ad\u03bd\u03b1 \u03c5\u03bb\u03b9\u03ba\u03cc (\u03c3\u03ba\u03cc\u03bd\u03b7) \u03c0\u03bf\u03c5 \u03b1\u03bd\u03b1\u03ba\u03b1\u03c4\u03b5\u03cd\u03b5\u03c4\u03b1\u03b9 \u03bc\u03b5 \u03c4\u03bf \u03c7\u03c1\u03ce\u03bc\u03b1 \u03ba\u03b9\u03bc\u03c9\u03bb\u03af\u03b1\u03c2 \u03ba\u03b1\u03b9 \u03c0\u03c1\u03bf\u03c3\u03b4\u03af\u03b4\u03b5\u03b9 \u03c5\u03c6\u03ae \u03b8\u03b1\u03bb\u03b1\u03c3\u03c3\u03bf\u03b4\u03b1\u03c1\u03bc\u03ad\u03bd\u03bf\u03c5 \u03c3\u03b5 \u03bc\u03b9\u03b1 \u03b2\u03b1\u03bc\u03bc\u03ad\u03bd\u03b7 \u03b5\u03c0\u03b9\u03c6\u03ac\u03bd\u03b5\u03b9\u03b1, \u03ba\u03ac\u03bd\u03bf\u03bd\u03c4\u03b1\u03c2 \u03c4\u03b7\u03bd \u03bd\u03b1 \u03c6\u03b1\u03af\u03bd\u03b5\u03c4\u03b1\u03b9 \u03c6\u03b8\u03b1\u03c1\u03bc\u03ad\u03bd\u03b7 \u03ba\u03b1\u03b9 \u03c1\u03bf\u03c5\u03c3\u03c4\u03af\u03ba. \u039c\u03c0\u03bf\u03c1\u03b5\u03af \u03b5\u03c0\u03af\u03c3\u03b7\u03c2 \u03bd\u03b1 \u03c7\u03c1\u03b7\u03c3\u03b9\u03bc\u03bf\u03c0\u03bf\u03b9\u03b7\u03b8\u03b5\u03af \u03b3\u03b9\u03b1 \u03b1\u03bd\u03ac\u03b3\u03bb\u03c5\u03c6\u03b1 \u03c3\u03c4\u03b5\u03bd\u03c3\u03b9\u03bb \u03c3\u03b5 \u03cd\u03c6\u03bf\u03c2 \u03c0\u03ad\u03c4\u03c1\u03b1 \u03ae \u03c4\u03c3\u03b9\u03bc\u03ad\u03bd\u03c4\u03bf\u03c5 \u03ba\u03b1\u03b9 \u03bd\u03b1 \u03c0\u03c1\u03bf\u03c3\u03b8\u03ad\u03c3\u03b5\u03b9 \u03c0\u03b1\u03bb\u03b9\u03ac \u03c0\u03b1\u03c4\u03af\u03bd\u03b1 \u03c3\u03c4\u03b1 \u03ad\u03c0\u03b9\u03c0\u03bb\u03b1 \u03c3\u03b1\u03c2. \u0391\u03bd\u03ac\u03bb\u03bf\u03b3\u03b1 \u03bc\u03b5 \u03c4\u03bf\u03bd \u03c3\u03c5\u03bd\u03b4\u03c5\u03b1\u03c3\u03bc\u03cc \u03ba\u03b1\u03b9 \u03c4\u03bf\u03bd [&hellip;]<\/p>\n","protected":false},"featured_media":1823,"comment_status":"closed","ping_status":"open","template":"","meta":{"_gspb_post_css":""},"product_brand":[],"product_cat":[87,88,107],"product_tag":[],"class_list":{"0":"post-1822","1":"product","2":"type-product","3":"status-publish","4":"has-post-thumbnail","6":"product_cat-diy-proionta","7":"product_cat-nordic-chic","8":"product_cat-ylika-technotropion","9":"pa_-1000ml","10":"pa_-300ml","12":"first","13":"instock","14":"taxable","15":"shipping-taxable","16":"purchasable","17":"product-type-variable"},"ct_brands":[],"_links":{"self":[{"href":"https:\/\/past-perfect.gr\/fr\/wp-json\/wp\/v2\/product\/1822","targetHints":{"allow":["GET"]}}],"collection":[{"href":"https:\/\/past-perfect.gr\/fr\/wp-json\/wp\/v2\/product"}],"about":[{"href":"https:\/\/past-perfect.gr\/fr\/wp-json\/wp\/v2\/types\/product"}],"replies":[{"embeddable":true,"href":"https:\/\/past-perfect.gr\/fr\/wp-json\/wp\/v2\/comments?post=1822"}],"wp:featuredmedia":[{"embeddable":true,"href":"https:\/\/past-perfect.gr\/fr\/wp-json\/wp\/v2\/media\/1823"}],"wp:attachment":[{"href":"https:\/\/past-perfect.gr\/fr\/wp-json\/wp\/v2\/media?parent=1822"}],"wp:term":[{"taxonomy":"product_brand","embeddable":true,"href":"https:\/\/past-perfect.gr\/fr\/wp-json\/wp\/v2\/product_brand?post=1822"},{"taxonomy":"product_cat","embeddable":true,"href":"https:\/\/past-perfect.gr\/fr\/wp-json\/wp\/v2\/product_cat?post=1822"},{"taxonomy":"product_tag","embeddable":true,"href":"https:\/\/past-perfect.gr\/fr\/wp-json\/wp\/v2\/product_tag?post=1822"}],"curies":[{"name":"wp","href":"https:\/\/api.w.org\/{rel}","templated":true}]}}