{"id":1860,"date":"2022-01-26T08:43:53","date_gmt":"2022-01-26T06:43:53","guid":{"rendered":"https:\/\/past-perfect.gr\/product\/nordic-chic-glaze\/"},"modified":"2025-06-06T13:44:34","modified_gmt":"2025-06-06T10:44:34","slug":"glacage-chic-nordique","status":"publish","type":"product","link":"https:\/\/past-perfect.gr\/fr\/katastima\/diy-proionta\/nordic-chic\/ylika-technotropion\/nordic-chic-glaze\/","title":{"rendered":"Nordic Chic Glaze - Patine liquide"},"content":{"rendered":"<p>La version transparente est m\u00e9lang\u00e9e \u00e0 l'une des teintes de la peinture pour meubles Nordic Chic ou \u00e0 l'une des poudres m\u00e9talliques Fairydust avec un peu d'eau pour obtenir des teintes translucides pour les patines et les styles.<br \/>\nAu contraire, le Pearl Glaze peut \u00eatre utilis\u00e9 tel quel (c'est-\u00e0-dire sans couleur) sur la surface peinte, pour donner une finition iris\u00e9e et brillante \u00e0 nos meubles.<br \/>\nEnfin, Nordic Chic Glaze peut \u00e9galement \u00eatre utilis\u00e9 pour embellir les surfaces en bois brut et poreux.<\/p>\n<p>La lasure seule suffit \u00e0 sceller les meubles d\u00e9coratifs d'int\u00e9rieur. Toutefois, dans le cas de surfaces tr\u00e8s utilis\u00e9es ou \u00e0 l'ext\u00e9rieur, il convient d'appliquer la couche de finition Nordic Chic.<br \/>\nDisponible en emballage de 400 ml<\/p>","protected":false},"excerpt":{"rendered":"<p>Patine liquide transparente et perl\u00e9e.<\/p>","protected":false},"featured_media":1861,"comment_status":"closed","ping_status":"open","template":"","meta":{"_gspb_post_css":""},"product_brand":[],"product_cat":[87,88,107],"product_tag":[],"class_list":{"0":"post-1860","1":"product","2":"type-product","3":"status-publish","4":"has-post-thumbnail","6":"product_cat-diy-proionta","7":"product_cat-nordic-chic","8":"product_cat-ylika-technotropion","10":"first","11":"instock","12":"taxable","13":"shipping-taxable","14":"purchasable","15":"product-type-variable"},"ct_brands":[],"_links":{"self":[{"href":"https:\/\/past-perfect.gr\/fr\/wp-json\/wp\/v2\/product\/1860","targetHints":{"allow":["GET"]}}],"collection":[{"href":"https:\/\/past-perfect.gr\/fr\/wp-json\/wp\/v2\/product"}],"about":[{"href":"https:\/\/past-perfect.gr\/fr\/wp-json\/wp\/v2\/types\/product"}],"replies":[{"embeddable":true,"href":"https:\/\/past-perfect.gr\/fr\/wp-json\/wp\/v2\/comments?post=1860"}],"wp:featuredmedia":[{"embeddable":true,"href":"https:\/\/past-perfect.gr\/fr\/wp-json\/wp\/v2\/media\/1861"}],"wp:attachment":[{"href":"https:\/\/past-perfect.gr\/fr\/wp-json\/wp\/v2\/media?parent=1860"}],"wp:term":[{"taxonomy":"product_brand","embeddable":true,"href":"https:\/\/past-perfect.gr\/fr\/wp-json\/wp\/v2\/product_brand?post=1860"},{"taxonomy":"product_cat","embeddable":true,"href":"https:\/\/past-perfect.gr\/fr\/wp-json\/wp\/v2\/product_cat?post=1860"},{"taxonomy":"product_tag","embeddable":true,"href":"https:\/\/past-perfect.gr\/fr\/wp-json\/wp\/v2\/product_tag?post=1860"}],"curies":[{"name":"wp","href":"https:\/\/api.w.org\/{rel}","templated":true}]}}