{"id":1875,"date":"2022-01-26T10:26:56","date_gmt":"2022-01-26T08:26:56","guid":{"rendered":"https:\/\/past-perfect.gr\/product\/nordic-chic-woody-stain\/"},"modified":"2025-06-06T13:44:51","modified_gmt":"2025-06-06T10:44:51","slug":"teinture-boisee-nordic-chic","status":"publish","type":"product","link":"https:\/\/past-perfect.gr\/fr\/katastima\/diy-proionta\/nordic-chic\/ylika-technotropion\/nordic-chic-woody-stain\/","title":{"rendered":"Bois chic nordique (teinture)"},"content":{"rendered":"<p>Woody est un mat\u00e9riau \u00e9cologiquement biod\u00e9gradable (teinture) pour l'int\u00e9rieur et l'ext\u00e9rieur. Il peut \u00eatre utilis\u00e9 soit sur des surfaces de bois brut pour colorer l'eau du bois, soit comme patine liquide color\u00e9e pr\u00eate \u00e0 l'emploi sur des surfaces d\u00e9j\u00e0 peintes, si vous souhaitez les recouvrir d'un vernis. Il convient aussi bien \u00e0 l'int\u00e9rieur qu'\u00e0 l'ext\u00e9rieur.<\/p>","protected":false},"excerpt":{"rendered":"<p>Woody est un mat\u00e9riau \u00e9cologiquement biod\u00e9gradable (teinture) pour l'int\u00e9rieur et l'ext\u00e9rieur. Il peut \u00eatre utilis\u00e9 soit sur des surfaces de bois brut pour colorer l'eau du bois, soit comme patine liquide color\u00e9e pr\u00eate \u00e0 l'emploi sur des surfaces d\u00e9j\u00e0 peintes, si vous souhaitez les recouvrir d'un vernis. Il convient aussi bien \u00e0 l'int\u00e9rieur qu'\u00e0 l'ext\u00e9rieur.<\/p>","protected":false},"featured_media":1876,"comment_status":"closed","ping_status":"open","template":"","meta":{"_gspb_post_css":""},"product_brand":[],"product_cat":[87,88,107],"product_tag":[],"class_list":{"0":"post-1875","1":"product","2":"type-product","3":"status-publish","4":"has-post-thumbnail","6":"product_cat-diy-proionta","7":"product_cat-nordic-chic","8":"product_cat-ylika-technotropion","10":"first","11":"instock","12":"taxable","13":"shipping-taxable","14":"purchasable","15":"product-type-variable"},"ct_brands":[],"_links":{"self":[{"href":"https:\/\/past-perfect.gr\/fr\/wp-json\/wp\/v2\/product\/1875","targetHints":{"allow":["GET"]}}],"collection":[{"href":"https:\/\/past-perfect.gr\/fr\/wp-json\/wp\/v2\/product"}],"about":[{"href":"https:\/\/past-perfect.gr\/fr\/wp-json\/wp\/v2\/types\/product"}],"replies":[{"embeddable":true,"href":"https:\/\/past-perfect.gr\/fr\/wp-json\/wp\/v2\/comments?post=1875"}],"wp:featuredmedia":[{"embeddable":true,"href":"https:\/\/past-perfect.gr\/fr\/wp-json\/wp\/v2\/media\/1876"}],"wp:attachment":[{"href":"https:\/\/past-perfect.gr\/fr\/wp-json\/wp\/v2\/media?parent=1875"}],"wp:term":[{"taxonomy":"product_brand","embeddable":true,"href":"https:\/\/past-perfect.gr\/fr\/wp-json\/wp\/v2\/product_brand?post=1875"},{"taxonomy":"product_cat","embeddable":true,"href":"https:\/\/past-perfect.gr\/fr\/wp-json\/wp\/v2\/product_cat?post=1875"},{"taxonomy":"product_tag","embeddable":true,"href":"https:\/\/past-perfect.gr\/fr\/wp-json\/wp\/v2\/product_tag?post=1875"}],"curies":[{"name":"wp","href":"https:\/\/api.w.org\/{rel}","templated":true}]}}