{"id":1967,"date":"2024-01-22T09:18:52","date_gmt":"2024-01-22T07:18:52","guid":{"rendered":"https:\/\/past-perfect.gr\/product\/chalk-paint-for-beginners-%ce%b2%ce%b1%cf%83%ce%b9%ce%ba%ce%ad%cf%82-%cf%84%ce%b5%cf%87%ce%bd%ce%b9%ce%ba%ce%ad%cf%82-%cf%87%cf%81%cf%89%ce%bc%ce%ac%cf%84%cf%89%ce%bd-%ce%ba%ce%b9%ce%bc%cf%89%ce%bb\/"},"modified":"2025-09-11T01:53:11","modified_gmt":"2025-09-10T22:53:11","slug":"peinture-a-la-craie-pour-debutants-techniques-de-base-de-la-peinture-a-la-craie","status":"publish","type":"product","link":"https:\/\/past-perfect.gr\/fr\/katastima\/seminaria-anapalaiosis\/chalk-paint-for-beginners\/chalk-paint-for-beginners-%ce%b2%ce%b1%cf%83%ce%b9%ce%ba%ce%ad%cf%82-%cf%84%ce%b5%cf%87%ce%bd%ce%b9%ce%ba%ce%ad%cf%82-%cf%87%cf%81%cf%89%ce%bc%ce%ac%cf%84%cf%89%ce%bd-%ce%ba%ce%b9%ce%bc%cf%89%ce%bb\/","title":{"rendered":"19\/9\/25- (17.00-20.00) Peinture \u00e0 la craie pour les d\u00e9butants - Techniques de base de la peinture \u00e0 la craie"},"content":{"rendered":"","protected":false},"excerpt":{"rendered":"<blockquote><p>S\u00e9minaire sur les techniques de base de la peinture \u00e0 la craie et de la restauration de meubles. Ce s\u00e9minaire s'adresse \u00e0 toutes les personnes cr\u00e9atives qui (sans avoir jamais travaill\u00e9 avec des peintures \u00e0 la craie auparavant) veulent apprendre comment nous pouvons - facilement et \u00e9conomiquement - transformer nos vieux meubles ou objets, en changeant compl\u00e8tement leur image et en renouvelant notre espace et notre humeur ! !!<\/p><\/blockquote>\n<p>Au cours d'une session autonome et amusante de 3 heures, nous apprenons en pratique les techniques de base d'application de la peinture \u00e0 la craie, les techniques de vieillissement et de superposition, les patines et les effets sp\u00e9ciaux, l'utilisation de pochoirs, l'utilisation de bougies color\u00e9es, l'imperm\u00e9abilisation\/la protection de la peinture et tous les secrets pour commencer votre merveilleux voyage dans le monde magique de la peinture \u00e0 la craie !<br \/>\nOpportunit\u00e9 de d\u00e9couvrir ce hobby \u00e9tonnant et psychoth\u00e9rapeutique qui a \u00e9t\u00e9 aim\u00e9 dans le monde entier ! !!<\/p>","protected":false},"featured_media":1906,"comment_status":"closed","ping_status":"closed","template":"","meta":{"_gspb_post_css":""},"product_brand":[],"product_cat":[102,90],"product_tag":[],"class_list":{"0":"post-1967","1":"product","2":"type-product","3":"status-publish","4":"has-post-thumbnail","6":"product_cat-chalk-paint-for-beginners","7":"product_cat-seminaria-anapalaiosis","9":"first","10":"instock","11":"sold-individually","12":"taxable","13":"shipping-taxable","14":"purchasable","15":"product-type-variable"},"ct_brands":[],"_links":{"self":[{"href":"https:\/\/past-perfect.gr\/fr\/wp-json\/wp\/v2\/product\/1967","targetHints":{"allow":["GET"]}}],"collection":[{"href":"https:\/\/past-perfect.gr\/fr\/wp-json\/wp\/v2\/product"}],"about":[{"href":"https:\/\/past-perfect.gr\/fr\/wp-json\/wp\/v2\/types\/product"}],"replies":[{"embeddable":true,"href":"https:\/\/past-perfect.gr\/fr\/wp-json\/wp\/v2\/comments?post=1967"}],"wp:featuredmedia":[{"embeddable":true,"href":"https:\/\/past-perfect.gr\/fr\/wp-json\/wp\/v2\/media\/1906"}],"wp:attachment":[{"href":"https:\/\/past-perfect.gr\/fr\/wp-json\/wp\/v2\/media?parent=1967"}],"wp:term":[{"taxonomy":"product_brand","embeddable":true,"href":"https:\/\/past-perfect.gr\/fr\/wp-json\/wp\/v2\/product_brand?post=1967"},{"taxonomy":"product_cat","embeddable":true,"href":"https:\/\/past-perfect.gr\/fr\/wp-json\/wp\/v2\/product_cat?post=1967"},{"taxonomy":"product_tag","embeddable":true,"href":"https:\/\/past-perfect.gr\/fr\/wp-json\/wp\/v2\/product_tag?post=1967"}],"curies":[{"name":"wp","href":"https:\/\/api.w.org\/{rel}","templated":true}]}}