{"id":1975,"date":"2024-06-01T11:59:47","date_gmt":"2024-06-01T08:59:47","guid":{"rendered":"https:\/\/past-perfect.gr\/product\/0-workshop-%cf%84%ce%b5%cf%87%ce%bd%ce%bf%cf%84%cf%81%ce%bf%cf%80%ce%b9%cf%8e%ce%bd-faux-finishes-with-chalk-paint-%cf%80%cf%81%ce%bf%cf%87%cf%89%cf%81%ce%b7%ce%bc%ce%ad%ce%bd\/"},"modified":"2025-09-11T01:53:10","modified_gmt":"2025-09-10T22:53:10","slug":"0-atelier-fausses-finitions-avec-la-peinture-a-la-craie-techniques-avancees","status":"publish","type":"product","link":"https:\/\/past-perfect.gr\/fr\/katastima\/seminaria-anapalaiosis\/faux-finishes-with-chalk-paint\/0-workshop-%cf%84%ce%b5%cf%87%ce%bd%ce%bf%cf%84%cf%81%ce%bf%cf%80%ce%b9%cf%8e%ce%bd-faux-finishes-with-chalk-paint-%cf%80%cf%81%ce%bf%cf%87%cf%89%cf%81%ce%b7%ce%bc%ce%ad%ce%bd\/","title":{"rendered":"7\/11\/24 (17.00-20.00) - Atelier de techniques. Faux-finis avec la peinture \u00e0 la craie - Techniques avanc\u00e9es"},"content":{"rendered":"<p>.<\/p>","protected":false},"excerpt":{"rendered":"<p>SEMINAIRE sur les techniques avanc\u00e9es de Faux Finish - peinture artistique et traitement des meubles et des murs.<\/p>\n<p>Nous apprenons des techniques telles que l'effet d'\u00e9caillage, le craquel\u00e9, les pochoirs et textures en relief, la patine humide, etc. qui peuvent \u00eatre utilis\u00e9es individuellement ou en combinaison sur des meubles, des objets d\u00e9coratifs, des toiles ou des murs.<br \/>\n\u00c0 votre d\u00e9part, vous aurez entre les mains votre propre \u0153uvre d'art sur toile et des connaissances pour de merveilleuses cr\u00e9ations et transformations.<br \/>\nAvec l'aide et l'utilisation de produits absolument \u00e9cologiques Nordic Chic !<\/p>","protected":false},"featured_media":1976,"comment_status":"closed","ping_status":"open","template":"","meta":{"_gspb_post_css":""},"product_brand":[],"product_cat":[106,90],"product_tag":[],"class_list":{"0":"post-1975","1":"product","2":"type-product","3":"status-publish","4":"has-post-thumbnail","6":"product_cat-faux-finishes-with-chalk-paint","7":"product_cat-seminaria-anapalaiosis","9":"first","10":"outofstock","11":"sold-individually","12":"taxable","13":"shipping-taxable","14":"purchasable","15":"product-type-variable"},"ct_brands":[],"_links":{"self":[{"href":"https:\/\/past-perfect.gr\/fr\/wp-json\/wp\/v2\/product\/1975","targetHints":{"allow":["GET"]}}],"collection":[{"href":"https:\/\/past-perfect.gr\/fr\/wp-json\/wp\/v2\/product"}],"about":[{"href":"https:\/\/past-perfect.gr\/fr\/wp-json\/wp\/v2\/types\/product"}],"replies":[{"embeddable":true,"href":"https:\/\/past-perfect.gr\/fr\/wp-json\/wp\/v2\/comments?post=1975"}],"wp:featuredmedia":[{"embeddable":true,"href":"https:\/\/past-perfect.gr\/fr\/wp-json\/wp\/v2\/media\/1976"}],"wp:attachment":[{"href":"https:\/\/past-perfect.gr\/fr\/wp-json\/wp\/v2\/media?parent=1975"}],"wp:term":[{"taxonomy":"product_brand","embeddable":true,"href":"https:\/\/past-perfect.gr\/fr\/wp-json\/wp\/v2\/product_brand?post=1975"},{"taxonomy":"product_cat","embeddable":true,"href":"https:\/\/past-perfect.gr\/fr\/wp-json\/wp\/v2\/product_cat?post=1975"},{"taxonomy":"product_tag","embeddable":true,"href":"https:\/\/past-perfect.gr\/fr\/wp-json\/wp\/v2\/product_tag?post=1975"}],"curies":[{"name":"wp","href":"https:\/\/api.w.org\/{rel}","templated":true}]}}