{"id":6309,"date":"2020-05-08T19:34:18","date_gmt":"2020-05-08T16:34:18","guid":{"rendered":"https:\/\/past-perfect.gr\/product\/concrete-jungle\/"},"modified":"2026-02-27T16:06:31","modified_gmt":"2026-02-27T14:06:31","slug":"jungle-de-beton","status":"publish","type":"product","link":"https:\/\/past-perfect.gr\/fr\/katastima\/diy-proionta\/nordic-chic\/chromata-kimolias-nordic-chic\/concrete-jungle\/","title":{"rendered":"Couleur craie Nordic Chic Concrete Jungle"},"content":{"rendered":"<p>Les peintures \u00e0 la craie Nordic Chic sont des peintures d\u00e9coratives \u00e0 base d'eau \u00e9cologiques, inodores et respectueuses de l'environnement.<br \/>\nIls s'appliquent facilement sur n'importe quelle surface (bois, m\u00e9lamine, mdf, m\u00e9tal, marbre, carrelage, etc.), laissant un effet mat parfait, romantique, presque velout\u00e9.<br \/>\nIl s'agit de couleurs tout \u00e0 fait uniques pour les meubles et les espaces d\u00e9coratifs qui se distinguent des produits similaires du march\u00e9 tout d'abord par leur caract\u00e8re \u00e9cologique absolu, leur opacit\u00e9 et leur durabilit\u00e9, mais aussi par la combinaison de ces caract\u00e9ristiques avec la facilit\u00e9 d'utilisation absolue !<br \/>\nIls sont con\u00e7us pour assurer un r\u00e9sultat professionnel parfait dans le (re)vieillissement des meubles, m\u00eame par des non-professionnels !<\/p>\n<p>Ils peuvent \u00eatre utilis\u00e9s dans des meubles utilitaires ou d\u00e9coratifs, des armoires, des meubles de cuisine ou de salle de bain, des meubles d'int\u00e9rieur ou d'ext\u00e9rieur, des portes, des murs, des chemin\u00e9es et partout o\u00f9 vous r\u00eavez d'ajouter de la couleur.<\/p>","protected":false},"excerpt":{"rendered":"<p>Un gris clair d'intensit\u00e9 moyenne qui s'int\u00e8gre facilement dans n'importe quel espace, qu'il s'agisse d'un style plus moderne ou plus classique.<\/p>","protected":false},"featured_media":6310,"comment_status":"closed","ping_status":"closed","template":"","meta":{"_gspb_post_css":""},"product_brand":[],"product_cat":[175],"product_tag":[],"class_list":{"0":"post-6309","1":"product","2":"type-product","3":"status-publish","4":"has-post-thumbnail","6":"product_cat-chromata-kimolias-nordic-chic","7":"pa_-150ml","8":"pa_-750ml","10":"first","11":"instock","12":"taxable","13":"shipping-taxable","14":"purchasable","15":"product-type-variable"},"ct_brands":[],"_links":{"self":[{"href":"https:\/\/past-perfect.gr\/fr\/wp-json\/wp\/v2\/product\/6309","targetHints":{"allow":["GET"]}}],"collection":[{"href":"https:\/\/past-perfect.gr\/fr\/wp-json\/wp\/v2\/product"}],"about":[{"href":"https:\/\/past-perfect.gr\/fr\/wp-json\/wp\/v2\/types\/product"}],"replies":[{"embeddable":true,"href":"https:\/\/past-perfect.gr\/fr\/wp-json\/wp\/v2\/comments?post=6309"}],"wp:featuredmedia":[{"embeddable":true,"href":"https:\/\/past-perfect.gr\/fr\/wp-json\/wp\/v2\/media\/6310"}],"wp:attachment":[{"href":"https:\/\/past-perfect.gr\/fr\/wp-json\/wp\/v2\/media?parent=6309"}],"wp:term":[{"taxonomy":"product_brand","embeddable":true,"href":"https:\/\/past-perfect.gr\/fr\/wp-json\/wp\/v2\/product_brand?post=6309"},{"taxonomy":"product_cat","embeddable":true,"href":"https:\/\/past-perfect.gr\/fr\/wp-json\/wp\/v2\/product_cat?post=6309"},{"taxonomy":"product_tag","embeddable":true,"href":"https:\/\/past-perfect.gr\/fr\/wp-json\/wp\/v2\/product_tag?post=6309"}],"curies":[{"name":"wp","href":"https:\/\/api.w.org\/{rel}","templated":true}]}}