{"id":6375,"date":"2020-05-08T21:21:51","date_gmt":"2020-05-08T18:21:51","guid":{"rendered":"https:\/\/past-perfect.gr\/product\/moroccan-green\/"},"modified":"2026-04-17T19:57:54","modified_gmt":"2026-04-17T16:57:54","slug":"vert-marocain","status":"publish","type":"product","link":"https:\/\/past-perfect.gr\/fr\/katastima\/diy-proionta\/nordic-chic\/chromata-kimolias-nordic-chic\/moroccan-green\/","title":{"rendered":"Couleur craie Nordic Chic Moroccan Green"},"content":{"rendered":"<p>Les peintures \u00e0 la craie Nordic Chic sont des peintures d\u00e9coratives \u00e0 base d'eau \u00e9cologiques, inodores et respectueuses de l'environnement.<br \/>\nIls s'appliquent facilement sur n'importe quelle surface (bois, m\u00e9lamine, mdf, m\u00e9tal, marbre, carrelage, etc.), laissant un effet mat parfait, romantique, presque velout\u00e9.<br \/>\nIl s'agit de couleurs tout \u00e0 fait uniques pour les meubles et les espaces d\u00e9coratifs qui se distinguent des produits similaires du march\u00e9 tout d'abord par leur caract\u00e8re \u00e9cologique absolu, leur opacit\u00e9 et leur durabilit\u00e9, mais aussi par la combinaison de ces caract\u00e9ristiques avec la facilit\u00e9 d'utilisation absolue !<\/p>","protected":false},"excerpt":{"rendered":"<p>Un vert cypr\u00e8s profond et aristocratique. Il conf\u00e8re prestige et gravit\u00e9 aux meubles et se combine \u00e0 merveille avec des couleurs m\u00e9talliques telles que Fairydust Gold Twinkle.<\/p>","protected":false},"featured_media":6376,"comment_status":"closed","ping_status":"closed","template":"","meta":{"_gspb_post_css":""},"product_brand":[],"product_cat":[175],"product_tag":[],"class_list":{"0":"post-6375","1":"product","2":"type-product","3":"status-publish","4":"has-post-thumbnail","6":"product_cat-chromata-kimolias-nordic-chic","7":"pa_-150ml","8":"pa_-750ml","10":"first","11":"instock","12":"taxable","13":"shipping-taxable","14":"purchasable","15":"product-type-variable"},"ct_brands":[],"_links":{"self":[{"href":"https:\/\/past-perfect.gr\/fr\/wp-json\/wp\/v2\/product\/6375","targetHints":{"allow":["GET"]}}],"collection":[{"href":"https:\/\/past-perfect.gr\/fr\/wp-json\/wp\/v2\/product"}],"about":[{"href":"https:\/\/past-perfect.gr\/fr\/wp-json\/wp\/v2\/types\/product"}],"replies":[{"embeddable":true,"href":"https:\/\/past-perfect.gr\/fr\/wp-json\/wp\/v2\/comments?post=6375"}],"wp:featuredmedia":[{"embeddable":true,"href":"https:\/\/past-perfect.gr\/fr\/wp-json\/wp\/v2\/media\/6376"}],"wp:attachment":[{"href":"https:\/\/past-perfect.gr\/fr\/wp-json\/wp\/v2\/media?parent=6375"}],"wp:term":[{"taxonomy":"product_brand","embeddable":true,"href":"https:\/\/past-perfect.gr\/fr\/wp-json\/wp\/v2\/product_brand?post=6375"},{"taxonomy":"product_cat","embeddable":true,"href":"https:\/\/past-perfect.gr\/fr\/wp-json\/wp\/v2\/product_cat?post=6375"},{"taxonomy":"product_tag","embeddable":true,"href":"https:\/\/past-perfect.gr\/fr\/wp-json\/wp\/v2\/product_tag?post=6375"}],"curies":[{"name":"wp","href":"https:\/\/api.w.org\/{rel}","templated":true}]}}