{"id":6382,"date":"2020-05-08T21:27:17","date_gmt":"2020-05-08T18:27:17","guid":{"rendered":"https:\/\/past-perfect.gr\/product\/mums-lipstick\/"},"modified":"2026-04-17T19:52:53","modified_gmt":"2026-04-17T16:52:53","slug":"le-rouge-a-levres-de-maman","status":"publish","type":"product","link":"https:\/\/past-perfect.gr\/fr\/katastima\/diy-proionta\/nordic-chic\/chromata-kimolias-nordic-chic\/mums-lipstick\/","title":{"rendered":"Rouge \u00e0 l\u00e8vres Nordic Chic Mum's Couleur craie Rouge \u00e0 l\u00e8vres Nordic Chic Mum's"},"content":{"rendered":"<p>Les peintures \u00e0 la craie Nordic Chic sont des peintures d\u00e9coratives \u00e0 base d'eau \u00e9cologiques, inodores et respectueuses de l'environnement.<br \/>\nIls s'appliquent facilement sur n'importe quelle surface (bois, m\u00e9lamine, mdf, m\u00e9tal, marbre, carrelage, etc.), laissant un effet mat parfait, romantique, presque velout\u00e9.<br \/>\nIl s'agit de couleurs tout \u00e0 fait uniques pour les meubles et les espaces d\u00e9coratifs qui se distinguent des produits similaires du march\u00e9 tout d'abord par leur caract\u00e8re \u00e9cologique absolu, leur opacit\u00e9 et leur durabilit\u00e9, mais aussi par la combinaison de ces caract\u00e9ristiques avec la facilit\u00e9 d'utilisation absolue !<br \/>\nIls sont con\u00e7us pour assurer un r\u00e9sultat professionnel parfait dans le (re)vieillissement des meubles, m\u00eame par des non-professionnels !<\/p>\n<p>Elles peuvent \u00eatre utilis\u00e9es pour les meubles utilitaires ou d\u00e9coratifs, les armoires, les meubles de cuisine ou de salle de bain, le mobilier d'int\u00e9rieur ou d'ext\u00e9rieur, les portes, les murs, les chemin\u00e9es et partout o\u00f9 vous r\u00eavez de mettre de la peinture.<\/p>","protected":false},"excerpt":{"rendered":"<p>Un fuchsia profond, audacieux et l\u00e9g\u00e8rement provocateur. Il ne manquera pas de monopoliser l'attention dans la pi\u00e8ce et d'impressionner tous les visiteurs.<\/p>","protected":false},"featured_media":6383,"comment_status":"closed","ping_status":"closed","template":"","meta":{"_gspb_post_css":""},"product_brand":[],"product_cat":[175],"product_tag":[],"class_list":{"0":"post-6382","1":"product","2":"type-product","3":"status-publish","4":"has-post-thumbnail","6":"product_cat-chromata-kimolias-nordic-chic","7":"pa_-150ml","8":"pa_-750ml","10":"first","11":"instock","12":"taxable","13":"shipping-taxable","14":"purchasable","15":"product-type-variable"},"ct_brands":[],"_links":{"self":[{"href":"https:\/\/past-perfect.gr\/fr\/wp-json\/wp\/v2\/product\/6382","targetHints":{"allow":["GET"]}}],"collection":[{"href":"https:\/\/past-perfect.gr\/fr\/wp-json\/wp\/v2\/product"}],"about":[{"href":"https:\/\/past-perfect.gr\/fr\/wp-json\/wp\/v2\/types\/product"}],"replies":[{"embeddable":true,"href":"https:\/\/past-perfect.gr\/fr\/wp-json\/wp\/v2\/comments?post=6382"}],"wp:featuredmedia":[{"embeddable":true,"href":"https:\/\/past-perfect.gr\/fr\/wp-json\/wp\/v2\/media\/6383"}],"wp:attachment":[{"href":"https:\/\/past-perfect.gr\/fr\/wp-json\/wp\/v2\/media?parent=6382"}],"wp:term":[{"taxonomy":"product_brand","embeddable":true,"href":"https:\/\/past-perfect.gr\/fr\/wp-json\/wp\/v2\/product_brand?post=6382"},{"taxonomy":"product_cat","embeddable":true,"href":"https:\/\/past-perfect.gr\/fr\/wp-json\/wp\/v2\/product_cat?post=6382"},{"taxonomy":"product_tag","embeddable":true,"href":"https:\/\/past-perfect.gr\/fr\/wp-json\/wp\/v2\/product_tag?post=6382"}],"curies":[{"name":"wp","href":"https:\/\/api.w.org\/{rel}","templated":true}]}}