{"id":7076,"date":"2025-10-03T17:31:25","date_gmt":"2025-10-03T14:31:25","guid":{"rendered":"https:\/\/past-perfect.gr\/product\/soup-bowl-selma-blue-greengate\/"},"modified":"2026-01-02T20:08:41","modified_gmt":"2026-01-02T18:08:41","slug":"bol-a-soupe-selma-blue-greengate","status":"publish","type":"product","link":"https:\/\/past-perfect.gr\/fr\/katastima\/home-decor\/greengate-home-decor\/porselanes\/soup-bowl-selma-blue-greengate\/","title":{"rendered":"Assiette creuse Selma bleu - Greengate"},"content":{"rendered":"<p>Un bol qui allie tradition et modernit\u00e9. Le design bleu vif de Selma apporte de la vie \u00e0 la table, que ce soit pour les soupes ou les c\u00e9r\u00e9ales. Chaque d\u00e9tail rappelle une touche artisanale, ce qui le rend sp\u00e9cial \u00e0 chaque utilisation.<\/p>\n<p>Le <strong data-start=\"100\" data-end=\"136\">GreenGate Selma Blue bol \u00e0 soupe<\/strong> indispensable pour tous les amateurs de soupe. Fabriqu\u00e9 en porcelaine r\u00e9sistante, il vous accompagnera pendant de nombreuses saisons. Le motif <strong data-start=\"266\" data-end=\"280\">Selma Blue<\/strong> Avec ses d\u00e9licates fleurs de cerisier dans des tons bleus, il ajoute une touche de beaut\u00e9 et d'\u00e9l\u00e9gance \u00e0 votre table, cr\u00e9ant une atmosph\u00e8re calme et sereine dans votre int\u00e9rieur.<br \/>\nCombinez-le avec des services de table <strong data-start=\"479\" data-end=\"491\">Tous les jours<\/strong> en bleu fonc\u00e9 et blanc pour un r\u00e9sultat harmonieux et intemporel qui met en valeur l'esth\u00e9tique raffin\u00e9e de Selma Blue.<\/p>\n<p><strong>Mat\u00e9riau : <\/strong>Gr\u00e8s<br \/>\n<strong>Couleur :<\/strong> bleu<br \/>\n<strong>Hauteur :<\/strong> 8,5 cm<br \/>\n<strong>Diam\u00e8tre\/Largeur : <\/strong>15 cm<br \/>\n<strong>Capacit\u00e9 :<\/strong> 0,5 L<br \/>\n<strong>Collection : <\/strong><strong>GreenGate<\/strong><br \/>\n<strong>Conception : <\/strong>Selma<\/p>\n<p>Adapt\u00e9 au micro-ondes<\/p>","protected":false},"excerpt":{"rendered":"<p>\u0388\u03bd\u03b1 \u03bc\u03c0\u03bf\u03bb \u03c0\u03bf\u03c5 \u03c0\u03b1\u03bd\u03c4\u03c1\u03b5\u03cd\u03b5\u03b9 \u03c4\u03b7\u03bd \u03c0\u03b1\u03c1\u03ac\u03b4\u03bf\u03c3\u03b7 \u03bc\u03b5 \u03c4\u03bf \u03bc\u03bf\u03bd\u03c4\u03ad\u03c1\u03bd\u03bf. \u03a4\u03bf \u03ad\u03bd\u03c4\u03bf\u03bd\u03bf \u03bc\u03c0\u03bb\u03b5 \u03c3\u03c7\u03ad\u03b4\u03b9\u03bf \u03c4\u03bf\u03c5 Selma \u03b4\u03af\u03bd\u03b5\u03b9 \u03b6\u03c9\u03bd\u03c4\u03ac\u03bd\u03b9\u03b1 \u03c3\u03c4\u03bf \u03c4\u03c1\u03b1\u03c0\u03ad\u03b6\u03b9, \u03b5\u03af\u03c4\u03b5 \u03b3\u03b9\u03b1 \u03c3\u03bf\u03cd\u03c0\u03b5\u03c2 \u03b5\u03af\u03c4\u03b5 \u03b3\u03b9\u03b1 \u03b4\u03b7\u03bc\u03b7\u03c4\u03c1\u03b9\u03b1\u03ba\u03ac. \u039a\u03ac\u03b8\u03b5 \u03c4\u03bf\u03c5 \u03bb\u03b5\u03c0\u03c4\u03bf\u03bc\u03ad\u03c1\u03b5\u03b9\u03b1 \u03b8\u03c5\u03bc\u03af\u03b6\u03b5\u03b9 \u03c7\u03b5\u03b9\u03c1\u03bf\u03c0\u03bf\u03af\u03b7\u03c4\u03b7 \u03c0\u03b9\u03bd\u03b5\u03bb\u03b9\u03ac, \u03ba\u03ac\u03bd\u03bf\u03bd\u03c4\u03ac\u03c2 \u03c4\u03bf \u03be\u03b5\u03c7\u03c9\u03c1\u03b9\u03c3\u03c4\u03cc \u03c3\u03b5 \u03ba\u03ac\u03b8\u03b5 \u03c7\u03c1\u03ae\u03c3\u03b7. \u03a4\u03bf GreenGate Selma Blue \u03bc\u03c0\u03bf\u03bb \u03c3\u03bf\u03cd\u03c0\u03b1\u03c2 \u03b5\u03af\u03bd\u03b1\u03b9 \u03b1\u03c0\u03b1\u03c1\u03b1\u03af\u03c4\u03b7\u03c4\u03bf \u03b3\u03b9\u03b1 \u03ba\u03ac\u03b8\u03b5 \u03bb\u03ac\u03c4\u03c1\u03b7 \u03c4\u03b7\u03c2 \u03c3\u03bf\u03cd\u03c0\u03b1\u03c2. \u039a\u03b1\u03c4\u03b1\u03c3\u03ba\u03b5\u03c5\u03b1\u03c3\u03bc\u03ad\u03bd\u03bf \u03b1\u03c0\u03cc \u03b1\u03bd\u03b8\u03b5\u03ba\u03c4\u03b9\u03ba\u03ae \u03c0\u03bf\u03c1\u03c3\u03b5\u03bb\u03ac\u03bd\u03b7, \u03b8\u03b1 [&hellip;]<\/p>\n","protected":false},"featured_media":7179,"comment_status":"closed","ping_status":"closed","template":"","meta":{"_gspb_post_css":""},"product_brand":[],"product_cat":[99,97,96],"product_tag":[101,189,193,194,195,190,191,192],"class_list":{"0":"post-7076","1":"product","2":"type-product","3":"status-publish","4":"has-post-thumbnail","6":"product_cat-porselanes","7":"product_cat-greengate-home-decor","8":"product_cat-home-decor","9":"product_tag-greengate","10":"product_tag-inp031025","11":"product_tag-mpol-poselanis","12":"product_tag-mpol-soupas","13":"product_tag-servitsio-poselanis","14":"product_tag-190","15":"product_tag-191","16":"product_tag-192","18":"first","19":"instock","20":"purchasable","21":"product-type-simple"},"ct_brands":[],"_links":{"self":[{"href":"https:\/\/past-perfect.gr\/fr\/wp-json\/wp\/v2\/product\/7076","targetHints":{"allow":["GET"]}}],"collection":[{"href":"https:\/\/past-perfect.gr\/fr\/wp-json\/wp\/v2\/product"}],"about":[{"href":"https:\/\/past-perfect.gr\/fr\/wp-json\/wp\/v2\/types\/product"}],"replies":[{"embeddable":true,"href":"https:\/\/past-perfect.gr\/fr\/wp-json\/wp\/v2\/comments?post=7076"}],"wp:featuredmedia":[{"embeddable":true,"href":"https:\/\/past-perfect.gr\/fr\/wp-json\/wp\/v2\/media\/7179"}],"wp:attachment":[{"href":"https:\/\/past-perfect.gr\/fr\/wp-json\/wp\/v2\/media?parent=7076"}],"wp:term":[{"taxonomy":"product_brand","embeddable":true,"href":"https:\/\/past-perfect.gr\/fr\/wp-json\/wp\/v2\/product_brand?post=7076"},{"taxonomy":"product_cat","embeddable":true,"href":"https:\/\/past-perfect.gr\/fr\/wp-json\/wp\/v2\/product_cat?post=7076"},{"taxonomy":"product_tag","embeddable":true,"href":"https:\/\/past-perfect.gr\/fr\/wp-json\/wp\/v2\/product_tag?post=7076"}],"curies":[{"name":"wp","href":"https:\/\/api.w.org\/{rel}","templated":true}]}}