{"id":7078,"date":"2025-10-03T17:31:25","date_gmt":"2025-10-03T14:31:25","guid":{"rendered":"https:\/\/past-perfect.gr\/product\/soup-bowl-selma-grey-greengate\/"},"modified":"2026-01-02T20:09:43","modified_gmt":"2026-01-02T18:09:43","slug":"bol-a-soupe-selma-grey-greengate","status":"publish","type":"product","link":"https:\/\/past-perfect.gr\/fr\/katastima\/home-decor\/greengate-home-decor\/porselanes\/soup-bowl-selma-grey-greengate\/","title":{"rendered":"Assiette creuse Selma grey- Greengate"},"content":{"rendered":"<p>Avec son motif gris doux et son design \u00e9l\u00e9gant, le bol Selma aux tons neutres sera du plus bel effet sur n'importe quelle table. Un \u00e9quilibre entre subtilit\u00e9 et caract\u00e8re, pour une vaisselle de tous les jours mais sp\u00e9ciale.<\/p>\n<p data-start=\"100\" data-end=\"750\">Le <strong data-start=\"103\" data-end=\"139\">GreenGate Selma Grey bol \u00e0 soupe<\/strong> est un accessoire indispensable pour les amateurs de soupe. Fabriqu\u00e9 en porcelaine r\u00e9sistante, il vous accompagnera pendant de nombreuses saisons.<\/p>\n<p data-start=\"100\" data-end=\"750\">Le motif raffin\u00e9 <strong data-start=\"296\" data-end=\"310\">Selma Grey<\/strong> Avec ses cerisiers en fleurs d\u00e9licats dans des tons gris, il ajoute une beaut\u00e9 naturelle et une \u00e9l\u00e9gance discr\u00e8te \u00e0 votre table. Ses nuances de gris fra\u00eeches et polyvalentes lui permettent de s'int\u00e9grer facilement \u00e0 tous les styles de d\u00e9coration, du traditionnel au moderne.<\/p>\n<p data-start=\"100\" data-end=\"750\">Combinez-le avec des services de table <strong data-start=\"584\" data-end=\"596\">Tous les jours<\/strong> \u00e0 Vulcano et White pour un r\u00e9sultat contemporain et harmonieux, o\u00f9 les nuances douces de gris de Selma Grey compl\u00e8tent les tons neutres de Vulcano et White.<\/p>\n<p data-start=\"100\" data-end=\"750\"><strong>Mat\u00e9riau : <\/strong>Gr\u00e8s<br \/>\n<strong>Couleur :<\/strong> gris<br \/>\n<strong>Hauteur :<\/strong> 8,5 cm<br \/>\n<strong>Diam\u00e8tre\/Largeur : <\/strong>15 cm<br \/>\n<strong>Capacit\u00e9 :<\/strong> 0,5 L<br \/>\n<strong>Collection : <\/strong><strong>GreenGate<\/strong><br \/>\n<strong>Conception : <\/strong>Selma<\/p>\n<p>Adapt\u00e9 au micro-ondes<\/p>\n<p data-start=\"100\" data-end=\"750\">","protected":false},"excerpt":{"rendered":"<p>\u039c\u03b5 \u03b1\u03c0\u03b1\u03bb\u03cc \u03b3\u03ba\u03c1\u03b9 \u03bc\u03bf\u03c4\u03af\u03b2\u03bf \u03ba\u03b1\u03b9 \u03ba\u03bf\u03bc\u03c8\u03cc \u03c3\u03c7\u03ad\u03b4\u03b9\u03bf, \u03c4\u03bf \u03bc\u03c0\u03bf\u03bb Selma \u03c3\u03b5 \u03bf\u03c5\u03b4\u03ad\u03c4\u03b5\u03c1\u03bf\u03c5\u03c2 \u03c4\u03cc\u03bd\u03bf\u03c5\u03c2 \u03c4\u03b1\u03b9\u03c1\u03b9\u03ac\u03b6\u03b5\u03b9 \u03bc\u03b5 \u03ba\u03ac\u03b8\u03b5 \u03c4\u03c1\u03b1\u03c0\u03ad\u03b6\u03b9. \u0399\u03c3\u03bf\u03c1\u03c1\u03bf\u03c0\u03b5\u03af \u03b4\u03b9\u03b1\u03ba\u03c1\u03b9\u03c4\u03b9\u03ba\u03cc\u03c4\u03b7\u03c4\u03b1 \u03ba\u03b1\u03b9 \u03c7\u03b1\u03c1\u03b1\u03ba\u03c4\u03ae\u03c1\u03b1, \u03b3\u03b9\u03b1 \u03ad\u03bd\u03b1 \u03ba\u03b1\u03b8\u03b7\u03bc\u03b5\u03c1\u03b9\u03bd\u03cc \u03b1\u03bb\u03bb\u03ac \u03b9\u03b4\u03b9\u03b1\u03af\u03c4\u03b5\u03c1\u03bf \u03c3\u03b5\u03c1\u03b2\u03af\u03c4\u03c3\u03b9\u03bf \u03a4\u03bf GreenGate Selma Grey \u03bc\u03c0\u03bf\u03bb \u03c3\u03bf\u03cd\u03c0\u03b1\u03c2 \u03b5\u03af\u03bd\u03b1\u03b9 \u03ad\u03bd\u03b1 \u03b1\u03c0\u03b1\u03c1\u03b1\u03af\u03c4\u03b7\u03c4\u03bf \u03ba\u03bf\u03bc\u03bc\u03ac\u03c4\u03b9 \u03b3\u03b9\u03b1 \u03c4\u03bf\u03c5\u03c2 \u03bb\u03ac\u03c4\u03c1\u03b5\u03b9\u03c2 \u03c4\u03b7\u03c2 \u03c3\u03bf\u03cd\u03c0\u03b1\u03c2. \u039a\u03b1\u03c4\u03b1\u03c3\u03ba\u03b5\u03c5\u03b1\u03c3\u03bc\u03ad\u03bd\u03bf \u03b1\u03c0\u03cc \u03b1\u03bd\u03b8\u03b5\u03ba\u03c4\u03b9\u03ba\u03ae \u03c0\u03bf\u03c1\u03c3\u03b5\u03bb\u03ac\u03bd\u03b7, \u03b8\u03b1 \u03c3\u03b1\u03c2 \u03c3\u03c5\u03bd\u03bf\u03b4\u03b5\u03cd\u03b5\u03b9 \u03b3\u03b9\u03b1 \u03c0\u03bf\u03bb\u03bb\u03ad\u03c2 \u03c3\u03b5\u03b6\u03cc\u03bd. \u03a4\u03bf \u03b5\u03ba\u03bb\u03b5\u03c0\u03c4\u03c5\u03c3\u03bc\u03ad\u03bd\u03bf \u03bc\u03bf\u03c4\u03af\u03b2\u03bf [&hellip;]<\/p>\n","protected":false},"featured_media":7178,"comment_status":"closed","ping_status":"closed","template":"","meta":{"_gspb_post_css":""},"product_brand":[],"product_cat":[99,97,96],"product_tag":[101,189,193,194,195,190,191,192],"class_list":{"0":"post-7078","1":"product","2":"type-product","3":"status-publish","4":"has-post-thumbnail","6":"product_cat-porselanes","7":"product_cat-greengate-home-decor","8":"product_cat-home-decor","9":"product_tag-greengate","10":"product_tag-inp031025","11":"product_tag-mpol-poselanis","12":"product_tag-mpol-soupas","13":"product_tag-servitsio-poselanis","14":"product_tag-190","15":"product_tag-191","16":"product_tag-192","18":"first","19":"instock","20":"purchasable","21":"product-type-simple"},"ct_brands":[],"_links":{"self":[{"href":"https:\/\/past-perfect.gr\/fr\/wp-json\/wp\/v2\/product\/7078","targetHints":{"allow":["GET"]}}],"collection":[{"href":"https:\/\/past-perfect.gr\/fr\/wp-json\/wp\/v2\/product"}],"about":[{"href":"https:\/\/past-perfect.gr\/fr\/wp-json\/wp\/v2\/types\/product"}],"replies":[{"embeddable":true,"href":"https:\/\/past-perfect.gr\/fr\/wp-json\/wp\/v2\/comments?post=7078"}],"wp:featuredmedia":[{"embeddable":true,"href":"https:\/\/past-perfect.gr\/fr\/wp-json\/wp\/v2\/media\/7178"}],"wp:attachment":[{"href":"https:\/\/past-perfect.gr\/fr\/wp-json\/wp\/v2\/media?parent=7078"}],"wp:term":[{"taxonomy":"product_brand","embeddable":true,"href":"https:\/\/past-perfect.gr\/fr\/wp-json\/wp\/v2\/product_brand?post=7078"},{"taxonomy":"product_cat","embeddable":true,"href":"https:\/\/past-perfect.gr\/fr\/wp-json\/wp\/v2\/product_cat?post=7078"},{"taxonomy":"product_tag","embeddable":true,"href":"https:\/\/past-perfect.gr\/fr\/wp-json\/wp\/v2\/product_tag?post=7078"}],"curies":[{"name":"wp","href":"https:\/\/api.w.org\/{rel}","templated":true}]}}