{"id":7079,"date":"2025-10-03T17:31:25","date_gmt":"2025-10-03T14:31:25","guid":{"rendered":"https:\/\/past-perfect.gr\/product\/mug-grace-grey-greengate\/"},"modified":"2026-01-02T19:09:48","modified_gmt":"2026-01-02T17:09:48","slug":"mug-grace-grey-greengate","status":"publish","type":"product","link":"https:\/\/past-perfect.gr\/fr\/katastima\/inp-porselanes\/mug-grace-grey-greengate\/","title":{"rendered":"Mug Grace grey- Greengate"},"content":{"rendered":"<p>\u0397 <strong data-start=\"94\" data-end=\"112\">Tasse Grace Grey<\/strong> Elle se distingue par son design minimaliste et contemporain, id\u00e9al pour vos moments caf\u00e9 quotidiens. Grace est la tasse qui vous accompagne du premier caf\u00e9 du matin jusqu'\u00e0 la boisson du soir. Avec ses motifs discrets et son \u00e9l\u00e9gance l\u00e9g\u00e8re, elle deviendra rapidement votre tasse pr\u00e9f\u00e9r\u00e9e \u00e0 tout moment de la journ\u00e9e.<br \/>\nFabriqu\u00e9e en porcelaine, elle apporte une touche moderne et \u00e9l\u00e9gante \u00e0 votre table. Un objet intemporel qui allie simplicit\u00e9 et raffinement.<\/p>","protected":false},"excerpt":{"rendered":"<p>\u0397 Grace Grey Mug \u03be\u03b5\u03c7\u03c9\u03c1\u03af\u03b6\u03b5\u03b9 \u03b3\u03b9\u03b1 \u03c4\u03bf\u03bd \u03bc\u03b9\u03bd\u03b9\u03bc\u03b1\u03bb\u03b9\u03c3\u03c4\u03b9\u03ba\u03cc \u03ba\u03b1\u03b9 \u03c3\u03cd\u03b3\u03c7\u03c1\u03bf\u03bd\u03bf \u03c3\u03c7\u03b5\u03b4\u03b9\u03b1\u03c3\u03bc\u03cc \u03c4\u03b7\u03c2, \u03b9\u03b4\u03b1\u03bd\u03b9\u03ba\u03cc \u03b3\u03b9\u03b1 \u03c4\u03b9\u03c2 \u03ba\u03b1\u03b8\u03b7\u03bc\u03b5\u03c1\u03b9\u03bd\u03ad\u03c2 \u03c3\u03b1\u03c2 \u03c3\u03c4\u03b9\u03b3\u03bc\u03ad\u03c2 \u03ba\u03b1\u03c6\u03ad. \u0397 Grace \u03b5\u03af\u03bd\u03b1\u03b9 \u03b7 \u03ba\u03bf\u03cd\u03c0\u03b1 \u03c0\u03bf\u03c5 \u03c3\u03b5 \u03c3\u03c5\u03bd\u03bf\u03b4\u03b5\u03cd\u03b5\u03b9 \u03b1\u03c0\u03cc \u03c4\u03bf \u03c0\u03c1\u03ce\u03c4\u03bf \u03c0\u03c1\u03c9\u03b9\u03bd\u03cc \u03ba\u03b1\u03c6\u03ad \u03bc\u03ad\u03c7\u03c1\u03b9 \u03c4\u03bf \u03b2\u03c1\u03b1\u03b4\u03b9\u03bd\u03cc \u03c1\u03cc\u03c6\u03b7\u03bc\u03b1. \u039c\u03b5 \u03b4\u03b9\u03b1\u03ba\u03c1\u03b9\u03c4\u03b9\u03ba\u03ac \u00a0\u03c3\u03c7\u03ad\u03b4\u03b9\u03b1 \u03ba\u03b1\u03b9 \u03b1\u03bd\u03ac\u03bb\u03b1\u03c6\u03c1\u03b7 \u03ba\u03bf\u03bc\u03c8\u03cc\u03c4\u03b7\u03c4\u03b1, \u03b3\u03af\u03bd\u03b5\u03c4\u03b1\u03b9 \u03b3\u03c1\u03ae\u03b3\u03bf\u03c1\u03b1 \u03b7 \u03b1\u03b3\u03b1\u03c0\u03b7\u03bc\u03ad\u03bd\u03b7 \u03c3\u03bf\u03c5 \u03ba\u03bf\u03cd\u03c0\u03b1 \u03b3\u03b9\u03b1 \u03cc\u03bb\u03b5\u03c2 \u03c4\u03b9\u03c2 \u03ce\u03c1\u03b5\u03c2. \u039a\u03b1\u03c4\u03b1\u03c3\u03ba\u03b5\u03c5\u03b1\u03c3\u03bc\u03ad\u03bd\u03b7 \u03b1\u03c0\u03cc \u03c0\u03bf\u03c1\u03c3\u03b5\u03bb\u03ac\u03bd\u03b7, [&hellip;]<\/p>\n","protected":false},"featured_media":7162,"comment_status":"closed","ping_status":"closed","template":"","meta":{"_gspb_post_css":""},"product_brand":[],"product_cat":[188],"product_tag":[101,189,199,200,201,196,197,198],"class_list":{"0":"post-7079","1":"product","2":"type-product","3":"status-publish","4":"has-post-thumbnail","6":"product_cat-inp-porselanes","7":"product_tag-greengate","8":"product_tag-inp031025","9":"product_tag-koupa-kafe","10":"product_tag-koupa-poselanis","11":"product_tag-koupa-tsagiou","12":"product_tag-196","13":"product_tag-197","14":"product_tag-198","16":"first","17":"instock","18":"purchasable","19":"product-type-simple"},"ct_brands":[],"_links":{"self":[{"href":"https:\/\/past-perfect.gr\/fr\/wp-json\/wp\/v2\/product\/7079","targetHints":{"allow":["GET"]}}],"collection":[{"href":"https:\/\/past-perfect.gr\/fr\/wp-json\/wp\/v2\/product"}],"about":[{"href":"https:\/\/past-perfect.gr\/fr\/wp-json\/wp\/v2\/types\/product"}],"replies":[{"embeddable":true,"href":"https:\/\/past-perfect.gr\/fr\/wp-json\/wp\/v2\/comments?post=7079"}],"wp:featuredmedia":[{"embeddable":true,"href":"https:\/\/past-perfect.gr\/fr\/wp-json\/wp\/v2\/media\/7162"}],"wp:attachment":[{"href":"https:\/\/past-perfect.gr\/fr\/wp-json\/wp\/v2\/media?parent=7079"}],"wp:term":[{"taxonomy":"product_brand","embeddable":true,"href":"https:\/\/past-perfect.gr\/fr\/wp-json\/wp\/v2\/product_brand?post=7079"},{"taxonomy":"product_cat","embeddable":true,"href":"https:\/\/past-perfect.gr\/fr\/wp-json\/wp\/v2\/product_cat?post=7079"},{"taxonomy":"product_tag","embeddable":true,"href":"https:\/\/past-perfect.gr\/fr\/wp-json\/wp\/v2\/product_tag?post=7079"}],"curies":[{"name":"wp","href":"https:\/\/api.w.org\/{rel}","templated":true}]}}