{"id":7080,"date":"2025-10-03T17:31:25","date_gmt":"2025-10-03T14:31:25","guid":{"rendered":"https:\/\/past-perfect.gr\/product\/oval-serving-plate-aslaug-dark-grey-greengate\/"},"modified":"2026-01-02T19:43:57","modified_gmt":"2026-01-02T17:43:57","slug":"assiette-de-service-ovale-aslaug-gris-fonce-greengate","status":"publish","type":"product","link":"https:\/\/past-perfect.gr\/fr\/katastima\/home-decor\/greengate-home-decor\/porselanes\/oval-serving-plate-aslaug-dark-grey-greengate\/","title":{"rendered":"Assiette de service ovale Aslaug gris fonc\u00e9- Greengate"},"content":{"rendered":"<p>\u0397 <strong data-start=\"122\" data-end=\"165\">GreenGate Plat de service ovale Aslaug gris fonc\u00e9<\/strong> apporte la chaleur de la lumi\u00e8re des bougies \u00e0 chaque service. Les fleurs aux tons gris avec de l\u00e9g\u00e8res touches dor\u00e9es brillent sur la porcelaine, rappelant la magie de l'hiver scandinave.<\/p>\n<p>Id\u00e9al pour accompagner les services de table <strong data-start=\"392\" data-end=\"404\">Tous les jours<\/strong> Dans des tons blancs ou Aslaug, elle ajoute une touche discr\u00e8te et raffin\u00e9e \u00e0 votre table, rendant chaque moment unique.<\/p>\n<p><strong>Mat\u00e9riau : <\/strong>Gr\u00e8s<br \/>\n<strong>Couleur :<\/strong> gris fonc\u00e9<br \/>\n<strong>Hauteur :<\/strong> cm<br \/>\n<strong>Diam\u00e8tre\/Largeur : <\/strong>25,5 cm<br \/>\n<strong>Capacit\u00e9 :<\/strong> L<br \/>\n<strong>Collection : <\/strong><strong>Premium<\/strong><br \/>\n<strong>Conception : <\/strong>Aslaug<\/p>\n<p>Lavage \u00e0 la main<\/p>","protected":false},"excerpt":{"rendered":"<p>\u0397 GreenGate Oval serving plate Aslaug dark grey \u03c6\u03ad\u03c1\u03bd\u03b5\u03b9 \u03c4\u03b7 \u03b6\u03b5\u03c3\u03c4\u03b1\u03c3\u03b9\u03ac \u03c4\u03bf\u03c5 \u03c6\u03c9\u03c4\u03cc\u03c2 \u03c4\u03c9\u03bd \u03ba\u03b5\u03c1\u03b9\u03ce\u03bd \u03c3\u03b5 \u03ba\u03ac\u03b8\u03b5 \u03c3\u03b5\u03c1\u03b2\u03af\u03c1\u03b9\u03c3\u03bc\u03b1. \u03a4\u03b1 \u03bb\u03bf\u03c5\u03bb\u03bf\u03cd\u03b4\u03b9\u03b1 \u03c3\u03b5 \u03b3\u03ba\u03c1\u03b9 \u03c4\u03cc\u03bd\u03bf\u03c5\u03c2 \u03bc\u03b5 \u03b1\u03c0\u03b1\u03bb\u03ac \u03c7\u03c1\u03c5\u03c3\u03ac \u03c3\u03b7\u03bc\u03b5\u03af\u03b1 \u03bb\u03ac\u03bc\u03c0\u03bf\u03c5\u03bd \u03c0\u03ac\u03bd\u03c9 \u03c3\u03c4\u03b7\u03bd \u03c0\u03bf\u03c1\u03c3\u03b5\u03bb\u03ac\u03bd\u03b7, \u03b8\u03c5\u03bc\u03af\u03b6\u03bf\u03bd\u03c4\u03b1\u03c2 \u03c4\u03b7 \u03bc\u03b1\u03b3\u03b5\u03af\u03b1 \u03c4\u03bf\u03c5 \u03c3\u03ba\u03b1\u03bd\u03b4\u03b9\u03bd\u03b1\u03b2\u03b9\u03ba\u03bf\u03cd \u03c7\u03b5\u03b9\u03bc\u03ce\u03bd\u03b1. \u0399\u03b4\u03b1\u03bd\u03b9\u03ba\u03ae \u03b3\u03b9\u03b1 \u03bd\u03b1 \u03c3\u03c5\u03bd\u03b4\u03c5\u03b1\u03c3\u03c4\u03b5\u03af \u03bc\u03b5 \u03c3\u03b5\u03c1\u03b2\u03af\u03c4\u03c3\u03b9\u03b1 Everyday \u03c3\u03b5 \u03bb\u03b5\u03c5\u03ba\u03ad\u03c2 \u03ae Aslaug \u03b1\u03c0\u03bf\u03c7\u03c1\u03ce\u03c3\u03b5\u03b9\u03c2, \u03c0\u03c1\u03bf\u03c3\u03b8\u03ad\u03c4\u03b5\u03b9 \u03bc\u03b9\u03b1 \u03b4\u03b9\u03b1\u03ba\u03c1\u03b9\u03c4\u03b9\u03ba\u03ae, \u03b5\u03ba\u03bb\u03b5\u03c0\u03c4\u03c5\u03c3\u03bc\u03ad\u03bd\u03b7 \u03bd\u03cc\u03c4\u03b1 \u03c3\u03c4\u03bf [&hellip;]<\/p>\n","protected":false},"featured_media":7174,"comment_status":"closed","ping_status":"closed","template":"","meta":{"_gspb_post_css":""},"product_brand":[],"product_cat":[97,96,99],"product_tag":[101,189,207,205,206,204,202,203],"class_list":{"0":"post-7080","1":"product","2":"type-product","3":"status-publish","4":"has-post-thumbnail","6":"product_cat-greengate-home-decor","7":"product_cat-home-decor","8":"product_cat-porselanes","9":"product_tag-greengate","10":"product_tag-inp031025","11":"product_tag-piatela-servirismatos","12":"product_tag-piato-poselanis","13":"product_tag-servitsio-trapeziou","14":"product_tag-204","15":"product_tag-202","16":"product_tag-203","18":"first","19":"instock","20":"purchasable","21":"product-type-simple"},"ct_brands":[],"_links":{"self":[{"href":"https:\/\/past-perfect.gr\/fr\/wp-json\/wp\/v2\/product\/7080","targetHints":{"allow":["GET"]}}],"collection":[{"href":"https:\/\/past-perfect.gr\/fr\/wp-json\/wp\/v2\/product"}],"about":[{"href":"https:\/\/past-perfect.gr\/fr\/wp-json\/wp\/v2\/types\/product"}],"replies":[{"embeddable":true,"href":"https:\/\/past-perfect.gr\/fr\/wp-json\/wp\/v2\/comments?post=7080"}],"wp:featuredmedia":[{"embeddable":true,"href":"https:\/\/past-perfect.gr\/fr\/wp-json\/wp\/v2\/media\/7174"}],"wp:attachment":[{"href":"https:\/\/past-perfect.gr\/fr\/wp-json\/wp\/v2\/media?parent=7080"}],"wp:term":[{"taxonomy":"product_brand","embeddable":true,"href":"https:\/\/past-perfect.gr\/fr\/wp-json\/wp\/v2\/product_brand?post=7080"},{"taxonomy":"product_cat","embeddable":true,"href":"https:\/\/past-perfect.gr\/fr\/wp-json\/wp\/v2\/product_cat?post=7080"},{"taxonomy":"product_tag","embeddable":true,"href":"https:\/\/past-perfect.gr\/fr\/wp-json\/wp\/v2\/product_tag?post=7080"}],"curies":[{"name":"wp","href":"https:\/\/api.w.org\/{rel}","templated":true}]}}