{"id":7085,"date":"2025-10-03T17:31:25","date_gmt":"2025-10-03T14:31:25","guid":{"rendered":"https:\/\/past-perfect.gr\/product\/wine-glass-dark-blue-greengate\/"},"modified":"2026-01-10T13:29:20","modified_gmt":"2026-01-10T11:29:20","slug":"verre-a-vin-bleu-fonce-greengate","status":"publish","type":"product","link":"https:\/\/past-perfect.gr\/fr\/katastima\/home-decor\/greengate-home-decor\/wine-glass-dark-blue-greengate\/","title":{"rendered":"Verre \u00e0 vin bleu fonc\u00e9- Greengate"},"content":{"rendered":"<p>\u00c9l\u00e9gant verre \u00e0 vin bleu fonc\u00e9 qui allie style et praticit\u00e9 pour toutes les occasions. Les verres \u00e0 vin GreenGate allient \u00e9l\u00e9gance et raffinement, mettant en valeur le go\u00fbt de vos vins pr\u00e9f\u00e9r\u00e9s. Avec leur souci du d\u00e9tail, ces verres rendent chaque moment sp\u00e9cial, qu'il s'agisse d'un d\u00eener chic ou d'une soir\u00e9e chaleureuse au coin du feu.<\/p>\n<p><strong>Mat\u00e9riau : <\/strong>Verre<br \/>\n<strong>Couleur :<\/strong> bleu fonc\u00e9<br \/>\n<strong>Hauteur :<\/strong> 17 cm<br \/>\n<strong>Diam\u00e8tre\/Largeur : <\/strong>8,5 cm<br \/>\n<strong>Capacit\u00e9 :<\/strong> L<br \/>\n<strong>Collection : <\/strong><strong>GreenGate<\/strong><\/p>\n<p>Lavable au lave-vaisselle<\/p>","protected":false},"excerpt":{"rendered":"<p>\u039a\u03bf\u03bc\u03c8\u03cc \u03c0\u03bf\u03c4\u03ae\u03c1\u03b9 Wine Glass dark blue \u03c0\u03bf\u03c5 \u03c3\u03c5\u03bd\u03b4\u03c5\u03ac\u03b6\u03b5\u03b9 \u03c3\u03c4\u03c5\u03bb \u03ba\u03b1\u03b9 \u03c0\u03c1\u03b1\u03ba\u03c4\u03b9\u03ba\u03cc\u03c4\u03b7\u03c4\u03b1 \u03b3\u03b9\u03b1 \u03ba\u03ac\u03b8\u03b5 \u03c0\u03b5\u03c1\u03af\u03c3\u03c4\u03b1\u03c3\u03b7. \u03a4\u03b1 \u03c0\u03bf\u03c4\u03ae\u03c1\u03b9\u03b1 \u03ba\u03c1\u03b1\u03c3\u03b9\u03bf\u03cd \u03c4\u03b7\u03c2 GreenGate \u03c3\u03c5\u03bd\u03b4\u03c5\u03ac\u03b6\u03bf\u03c5\u03bd \u03ba\u03bf\u03bc\u03c8\u03cc\u03c4\u03b7\u03c4\u03b1 \u03ba\u03b1\u03b9 \u03c6\u03b9\u03bd\u03ad\u03c4\u03c3\u03b1, \u03b1\u03bd\u03b1\u03b4\u03b5\u03b9\u03ba\u03bd\u03cd\u03bf\u03bd\u03c4\u03b1\u03c2 \u03c4\u03b7 \u03b3\u03b5\u03cd\u03c3\u03b7 \u03c4\u03c9\u03bd \u03b1\u03b3\u03b1\u03c0\u03b7\u03bc\u03ad\u03bd\u03c9\u03bd \u03c3\u03b1\u03c2 \u03ba\u03c1\u03b1\u03c3\u03b9\u03ce\u03bd. \u039c\u03b5 \u03c0\u03c1\u03bf\u03c3\u03bf\u03c7\u03ae \u03c3\u03c4\u03b7 \u03bb\u03b5\u03c0\u03c4\u03bf\u03bc\u03ad\u03c1\u03b5\u03b9\u03b1, \u03b1\u03c5\u03c4\u03ac \u03c4\u03b1 \u03c0\u03bf\u03c4\u03ae\u03c1\u03b9\u03b1 \u03ba\u03ac\u03bd\u03bf\u03c5\u03bd \u03ba\u03ac\u03b8\u03b5 \u03c3\u03c4\u03b9\u03b3\u03bc\u03ae \u03be\u03b5\u03c7\u03c9\u03c1\u03b9\u03c3\u03c4\u03ae, \u03b5\u03af\u03c4\u03b5 \u03c0\u03c1\u03cc\u03ba\u03b5\u03b9\u03c4\u03b1\u03b9 \u03b3\u03b9\u03b1 \u03ad\u03bd\u03b1 \u03c3\u03b9\u03ba\u03ac\u03c4\u03bf \u03b4\u03b5\u03af\u03c0\u03bd\u03bf \u03b5\u03af\u03c4\u03b5 \u03b3\u03b9\u03b1 \u03bc\u03b9\u03b1 \u03b6\u03b5\u03c3\u03c4\u03ae \u03b2\u03c1\u03b1\u03b4\u03b9\u03ac \u03b4\u03af\u03c0\u03bb\u03b1 \u03c3\u03c4\u03bf \u03c4\u03b6\u03ac\u03ba\u03b9. [&hellip;]<\/p>\n","protected":false},"featured_media":7195,"comment_status":"closed","ping_status":"closed","template":"","meta":{"_gspb_post_css":""},"product_brand":[],"product_cat":[97,96],"product_tag":[101,189,221,222,219,220],"class_list":{"0":"post-7085","1":"product","2":"type-product","3":"status-publish","4":"has-post-thumbnail","6":"product_cat-greengate-home-decor","7":"product_cat-home-decor","8":"product_tag-greengate","9":"product_tag-inp031025","10":"product_tag-potiri","11":"product_tag-potiri-servirimatos","12":"product_tag-219","13":"product_tag-220","15":"first","16":"instock","17":"purchasable","18":"product-type-simple"},"ct_brands":[],"_links":{"self":[{"href":"https:\/\/past-perfect.gr\/fr\/wp-json\/wp\/v2\/product\/7085","targetHints":{"allow":["GET"]}}],"collection":[{"href":"https:\/\/past-perfect.gr\/fr\/wp-json\/wp\/v2\/product"}],"about":[{"href":"https:\/\/past-perfect.gr\/fr\/wp-json\/wp\/v2\/types\/product"}],"replies":[{"embeddable":true,"href":"https:\/\/past-perfect.gr\/fr\/wp-json\/wp\/v2\/comments?post=7085"}],"wp:featuredmedia":[{"embeddable":true,"href":"https:\/\/past-perfect.gr\/fr\/wp-json\/wp\/v2\/media\/7195"}],"wp:attachment":[{"href":"https:\/\/past-perfect.gr\/fr\/wp-json\/wp\/v2\/media?parent=7085"}],"wp:term":[{"taxonomy":"product_brand","embeddable":true,"href":"https:\/\/past-perfect.gr\/fr\/wp-json\/wp\/v2\/product_brand?post=7085"},{"taxonomy":"product_cat","embeddable":true,"href":"https:\/\/past-perfect.gr\/fr\/wp-json\/wp\/v2\/product_cat?post=7085"},{"taxonomy":"product_tag","embeddable":true,"href":"https:\/\/past-perfect.gr\/fr\/wp-json\/wp\/v2\/product_tag?post=7085"}],"curies":[{"name":"wp","href":"https:\/\/api.w.org\/{rel}","templated":true}]}}