{"id":7087,"date":"2025-10-03T17:31:25","date_gmt":"2025-10-03T14:31:25","guid":{"rendered":"https:\/\/past-perfect.gr\/product\/water-alice-grey-greengate\/"},"modified":"2026-01-02T20:44:00","modified_gmt":"2026-01-02T18:44:00","slug":"eau-alice-greengate","status":"publish","type":"product","link":"https:\/\/past-perfect.gr\/fr\/katastima\/home-decor\/greengate-home-decor\/water-alice-greengate\/","title":{"rendered":"Verre \u00e0 eau Water Alice \u2013 Greengate"},"content":{"rendered":"<p>\u00c9l\u00e9gant verre \u00e0 eau Water Alice qui s'adapte \u00e0 toutes les occasions.<\/p>\n<p><strong>Mat\u00e9riau : <\/strong>Verre<br \/>\n<strong>Couleur :<\/strong> rose p\u00e2le, vert p\u00e2le, gris ou bleu<br \/>\n<strong>Hauteur :<\/strong> 9,5 cm<br \/>\n<strong>Diam\u00e8tre\/Largeur : <\/strong>8,5 cm<br \/>\n<strong>Capacit\u00e9 :<\/strong> 0,35 L<br \/>\n<strong>Collection : <\/strong><strong>Tous les jours<\/strong><br \/>\n<strong>Conception : <\/strong>Alice<\/p>\n<p>Lavable au lave-vaisselle<\/p>","protected":false},"excerpt":{"rendered":"<p>Les produits GreenGate sont fabriqu\u00e9s avec amour et soin, en mettant l'accent sur le design et les couleurs. Ils combinent les techniques traditionnelles fran\u00e7aises avec l'esth\u00e9tique scandinave, cr\u00e9ant des moments de beaut\u00e9 et de s\u00e9r\u00e9nit\u00e9 dans la vie quotidienne.<\/p>","protected":false},"featured_media":7185,"comment_status":"closed","ping_status":"closed","template":"","meta":{"_gspb_post_css":""},"product_brand":[],"product_cat":[97,96,99],"product_tag":[101,189,230,222,219,229,220],"class_list":{"0":"post-7087","1":"product","2":"type-product","3":"status-publish","4":"has-post-thumbnail","6":"product_cat-greengate-home-decor","7":"product_cat-home-decor","8":"product_cat-porselanes","9":"product_tag-greengate","10":"product_tag-inp031025","11":"product_tag-potiri-nerou","12":"product_tag-potiri-servirimatos","13":"product_tag-219","14":"product_tag-229","15":"product_tag-220","17":"first","18":"instock","19":"purchasable","20":"product-type-variable"},"ct_brands":[],"_links":{"self":[{"href":"https:\/\/past-perfect.gr\/fr\/wp-json\/wp\/v2\/product\/7087","targetHints":{"allow":["GET"]}}],"collection":[{"href":"https:\/\/past-perfect.gr\/fr\/wp-json\/wp\/v2\/product"}],"about":[{"href":"https:\/\/past-perfect.gr\/fr\/wp-json\/wp\/v2\/types\/product"}],"replies":[{"embeddable":true,"href":"https:\/\/past-perfect.gr\/fr\/wp-json\/wp\/v2\/comments?post=7087"}],"wp:featuredmedia":[{"embeddable":true,"href":"https:\/\/past-perfect.gr\/fr\/wp-json\/wp\/v2\/media\/7185"}],"wp:attachment":[{"href":"https:\/\/past-perfect.gr\/fr\/wp-json\/wp\/v2\/media?parent=7087"}],"wp:term":[{"taxonomy":"product_brand","embeddable":true,"href":"https:\/\/past-perfect.gr\/fr\/wp-json\/wp\/v2\/product_brand?post=7087"},{"taxonomy":"product_cat","embeddable":true,"href":"https:\/\/past-perfect.gr\/fr\/wp-json\/wp\/v2\/product_cat?post=7087"},{"taxonomy":"product_tag","embeddable":true,"href":"https:\/\/past-perfect.gr\/fr\/wp-json\/wp\/v2\/product_tag?post=7087"}],"curies":[{"name":"wp","href":"https:\/\/api.w.org\/{rel}","templated":true}]}}