{"id":7090,"date":"2025-10-03T17:31:25","date_gmt":"2025-10-03T14:31:25","guid":{"rendered":"https:\/\/past-perfect.gr\/product\/cup-saucer-alice-red-greengate\/"},"modified":"2026-04-01T20:49:07","modified_gmt":"2026-04-01T17:49:07","slug":"soucoupe-alice-red-greengate","status":"publish","type":"product","link":"https:\/\/past-perfect.gr\/fr\/katastima\/home-decor\/cup-saucer-alice-red-greengate\/","title":{"rendered":"Tasse et soucoupe Alice rouge - Greengate"},"content":{"rendered":"<p data-start=\"99\" data-end=\"524\">Le <strong data-start=\"102\" data-end=\"145\">GreenGate Alice Red tasse avec soucoupe<\/strong> est un ensemble classique d'une \u00e9l\u00e9gance unique. Les d\u00e9tails du motif ajoutent de la profondeur et du caract\u00e8re, tandis que la teinte rouge chaleureuse apporte une touche de vivacit\u00e9 \u00e0 votre table.<\/p>\n<p data-start=\"99\" data-end=\"524\">Id\u00e9al pour ceux qui aiment les couleurs et les objets quotidiens originaux, il peut facilement \u00eatre combin\u00e9 avec d'autres produits de la gamme. <strong data-start=\"453\" data-end=\"465\">Tous les jours<\/strong>, cr\u00e9ant ainsi un r\u00e9sultat harmonieux et raffin\u00e9.<\/p>\n<p data-start=\"99\" data-end=\"524\">\n<strong>Mat\u00e9riau : Gr\u00e8s<br \/>\nCouleur : rouge<br \/>\nHauteur : 8 cm<br \/>\nDiam\u00e8tre\/Largeur : 9 cm<br \/>\nCapacit\u00e9 : 0,2 L<br \/>\nCollection : EveryDay<br \/>\nConception : AliceConception : <\/strong>Alice<strong><br \/>\n<\/strong><\/p>\n<p data-start=\"99\" data-end=\"524\">Adapt\u00e9 au micro-ondes<\/p>","protected":false},"excerpt":{"rendered":"<p>\u03a4\u03bf GreenGate Alice Red \u03c6\u03bb\u03b9\u03c4\u03b6\u03ac\u03bd\u03b9 \u03bc\u03b5 \u03c0\u03b9\u03b1\u03c4\u03ac\u03ba\u03b9 \u03b5\u03af\u03bd\u03b1\u03b9 \u03ad\u03bd\u03b1 \u03ba\u03bb\u03b1\u03c3\u03b9\u03ba\u03cc \u03c3\u03b5\u03c4 \u03bc\u03b5 \u03bc\u03bf\u03bd\u03b1\u03b4\u03b9\u03ba\u03ae \u03ba\u03bf\u03bc\u03c8\u03cc\u03c4\u03b7\u03c4\u03b1. \u039f\u03b9 \u03bb\u03b5\u03c0\u03c4\u03bf\u03bc\u03ad\u03c1\u03b5\u03b9\u03b5\u03c2 \u03c4\u03bf\u03c5 \u03c3\u03c7\u03b5\u03b4\u03af\u03bf\u03c5 \u03c0\u03c1\u03bf\u03c3\u03b8\u03ad\u03c4\u03bf\u03c5\u03bd \u03b2\u03ac\u03b8\u03bf\u03c2 \u03ba\u03b1\u03b9 \u03c7\u03b1\u03c1\u03b1\u03ba\u03c4\u03ae\u03c1\u03b1, \u03b5\u03bd\u03ce \u03b7 \u03b6\u03b5\u03c3\u03c4\u03ae \u03ba\u03cc\u03ba\u03ba\u03b9\u03bd\u03b7 \u03b1\u03c0\u03cc\u03c7\u03c1\u03c9\u03c3\u03b7 \u03c6\u03ad\u03c1\u03bd\u03b5\u03b9 \u03bc\u03b9\u03b1 \u03b6\u03c9\u03b7\u03c1\u03ae \u03bd\u03cc\u03c4\u03b1 \u03c3\u03c4\u03bf \u03c4\u03c1\u03b1\u03c0\u03ad\u03b6\u03b9 \u03c3\u03b1\u03c2. \u0399\u03b4\u03b1\u03bd\u03b9\u03ba\u03cc \u03b3\u03b9\u03b1 \u03cc\u03c3\u03bf\u03c5\u03c2 \u03b1\u03b3\u03b1\u03c0\u03bf\u03cd\u03bd \u03c4\u03b1 \u03c7\u03c1\u03ce\u03bc\u03b1\u03c4\u03b1 \u03ba\u03b1\u03b9 \u03c4\u03b1 \u03be\u03b5\u03c7\u03c9\u03c1\u03b9\u03c3\u03c4\u03ac \u03ba\u03b1\u03b8\u03b7\u03bc\u03b5\u03c1\u03b9\u03bd\u03ac \u03b1\u03bd\u03c4\u03b9\u03ba\u03b5\u03af\u03bc\u03b5\u03bd\u03b1, \u03bc\u03c0\u03bf\u03c1\u03b5\u03af \u03b5\u03cd\u03ba\u03bf\u03bb\u03b1 \u03bd\u03b1 \u03c3\u03c5\u03bd\u03b4\u03c5\u03b1\u03c3\u03c4\u03b5\u03af \u03bc\u03b5 \u03ac\u03bb\u03bb\u03b1 \u03c0\u03c1\u03bf\u03ca\u03cc\u03bd\u03c4\u03b1 \u03c4\u03b7\u03c2 \u03c3\u03b5\u03b9\u03c1\u03ac\u03c2 Everyday, [&hellip;]<\/p>\n","protected":false},"featured_media":7180,"comment_status":"closed","ping_status":"closed","template":"","meta":{"_gspb_post_css":""},"product_brand":[],"product_cat":[96,185,97,298,99],"product_tag":[101,189,199,247,248,198,238],"class_list":{"0":"post-7090","1":"product","2":"type-product","3":"status-publish","4":"has-post-thumbnail","6":"product_cat-home-decor","7":"product_cat-greengate-everyday-collection","8":"product_cat-greengate-home-decor","9":"product_cat-koupes","10":"product_cat-porselanes","11":"product_tag-greengate","12":"product_tag-inp031025","13":"product_tag-koupa-kafe","14":"product_tag-koupa-porselanis","15":"product_tag-248","16":"product_tag-198","17":"product_tag-238","19":"first","20":"instock","21":"purchasable","22":"product-type-simple"},"ct_brands":[],"_links":{"self":[{"href":"https:\/\/past-perfect.gr\/fr\/wp-json\/wp\/v2\/product\/7090","targetHints":{"allow":["GET"]}}],"collection":[{"href":"https:\/\/past-perfect.gr\/fr\/wp-json\/wp\/v2\/product"}],"about":[{"href":"https:\/\/past-perfect.gr\/fr\/wp-json\/wp\/v2\/types\/product"}],"replies":[{"embeddable":true,"href":"https:\/\/past-perfect.gr\/fr\/wp-json\/wp\/v2\/comments?post=7090"}],"wp:featuredmedia":[{"embeddable":true,"href":"https:\/\/past-perfect.gr\/fr\/wp-json\/wp\/v2\/media\/7180"}],"wp:attachment":[{"href":"https:\/\/past-perfect.gr\/fr\/wp-json\/wp\/v2\/media?parent=7090"}],"wp:term":[{"taxonomy":"product_brand","embeddable":true,"href":"https:\/\/past-perfect.gr\/fr\/wp-json\/wp\/v2\/product_brand?post=7090"},{"taxonomy":"product_cat","embeddable":true,"href":"https:\/\/past-perfect.gr\/fr\/wp-json\/wp\/v2\/product_cat?post=7090"},{"taxonomy":"product_tag","embeddable":true,"href":"https:\/\/past-perfect.gr\/fr\/wp-json\/wp\/v2\/product_tag?post=7090"}],"curies":[{"name":"wp","href":"https:\/\/api.w.org\/{rel}","templated":true}]}}