{"id":7093,"date":"2025-10-03T17:31:25","date_gmt":"2025-10-03T14:31:25","guid":{"rendered":"https:\/\/past-perfect.gr\/product\/latte-cup-aslaug-dark-grey-greengate\/"},"modified":"2026-04-01T20:49:07","modified_gmt":"2026-04-01T17:49:07","slug":"tasse-a-cafe-aslaug-gris-fonce-greengate","status":"publish","type":"product","link":"https:\/\/past-perfect.gr\/fr\/katastima\/home-decor\/greengate-home-decor\/porselanes\/latte-cup-aslaug-dark-grey-greengate\/","title":{"rendered":"Tasse \u00e0 caf\u00e9 Aslaug gris fonc\u00e9 - Greengate"},"content":{"rendered":"<p data-start=\"106\" data-end=\"515\">\u0397 <strong data-start=\"108\" data-end=\"148\">Tasse \u00e0 caf\u00e9 GreenGate Aslaug gris fonc\u00e9<\/strong> Il s'agit d'une tasse \u00e0 caf\u00e9 d\u00e9corative en porcelaine de haute qualit\u00e9. Les fleurs \u00e9l\u00e9gantes dans des tons de gris avec des d\u00e9tails dor\u00e9s discrets rappellent la chaleur de la lumi\u00e8re des bougies qui contraste avec l'obscurit\u00e9 froide de l'hiver scandinave.<\/p>\n<p data-start=\"106\" data-end=\"515\">Associez-la \u00e0 des services de table de la s\u00e9rie <strong data-start=\"423\" data-end=\"435\">Tous les jours<\/strong> dans des tons blancs ou Aslaug pour mettre en valeur sa beaut\u00e9 raffin\u00e9e.<\/p>\n<p><strong>Mat\u00e9riau : <\/strong>Gr\u00e8s<\/p>\n<p><strong>Couleur :<\/strong> gris fonc\u00e9<br \/>\n<strong>Hauteur :<\/strong> 9 cm<br \/>\n<strong>Diam\u00e8tre\/Largeur : <\/strong>10 cm<br \/>\n<strong>Capacit\u00e9 :<\/strong> 0,35 L<br \/>\n<strong>Collection : <\/strong><strong>Premium<\/strong><br \/>\n<strong>Conception : <\/strong>Aslaug<\/p>\n<p>Lavage \u00e0 la main<\/p>","protected":false},"excerpt":{"rendered":"<p>\u0397 GreenGate Latte cup Aslaug dark grey \u03b5\u03af\u03bd\u03b1\u03b9 \u03bc\u03b9\u03b1 \u03b4\u03b9\u03b1\u03ba\u03bf\u03c3\u03bc\u03b7\u03c4\u03b9\u03ba\u03ae \u03ba\u03bf\u03cd\u03c0\u03b1 \u03ba\u03b1\u03c6\u03ad \u03b1\u03c0\u03cc \u03c0\u03bf\u03c1\u03c3\u03b5\u03bb\u03ac\u03bd\u03b7 \u03c5\u03c8\u03b7\u03bb\u03ae\u03c2 \u03c0\u03bf\u03b9\u03cc\u03c4\u03b7\u03c4\u03b1\u03c2. \u03a4\u03b1 \u03ba\u03bf\u03bc\u03c8\u03ac \u03bb\u03bf\u03c5\u03bb\u03bf\u03cd\u03b4\u03b9\u03b1 \u03c3\u03b5 \u03b1\u03c0\u03bf\u03c7\u03c1\u03ce\u03c3\u03b5\u03b9\u03c2 \u03c4\u03bf\u03c5 \u03b3\u03ba\u03c1\u03b9 \u03bc\u03b5 \u03b4\u03b9\u03b1\u03ba\u03c1\u03b9\u03c4\u03b9\u03ba\u03ad\u03c2 \u03c7\u03c1\u03c5\u03c3\u03ad\u03c2 \u03bb\u03b5\u03c0\u03c4\u03bf\u03bc\u03ad\u03c1\u03b5\u03b9\u03b5\u03c2 \u03b8\u03c5\u03bc\u03af\u03b6\u03bf\u03c5\u03bd \u03c4\u03b7 \u03b6\u03b5\u03c3\u03c4\u03b1\u03c3\u03b9\u03ac \u03c4\u03bf\u03c5 \u03c6\u03c9\u03c2 \u03ba\u03b5\u03c1\u03b9\u03bf\u03cd \u03c0\u03bf\u03c5 \u03b1\u03bd\u03c4\u03b9\u03c0\u03b1\u03c1\u03b1\u03b2\u03ac\u03bb\u03bb\u03b5\u03c4\u03b1\u03b9 \u03bc\u03b5 \u03c4\u03bf \u03c8\u03c5\u03c7\u03c1\u03cc \u03c3\u03ba\u03bf\u03c4\u03ac\u03b4\u03b9 \u03c4\u03bf\u03c5 \u03c3\u03ba\u03b1\u03bd\u03b4\u03b9\u03bd\u03b1\u03b2\u03b9\u03ba\u03bf\u03cd \u03c7\u03b5\u03b9\u03bc\u03ce\u03bd\u03b1. \u03a3\u03c5\u03bd\u03b4\u03c5\u03ac\u03c3\u03c4\u03b5 \u03c4\u03b7\u03bd \u03bc\u03b5 \u03c3\u03b5\u03c1\u03b2\u03af\u03c4\u03c3\u03b9\u03b1 \u03b1\u03c0\u03cc \u03c4\u03b7 \u03c3\u03b5\u03b9\u03c1\u03ac Everyday \u03c3\u03b5 \u03bb\u03b5\u03c5\u03ba\u03ad\u03c2 \u03ae Aslaug \u03b1\u03c0\u03bf\u03c7\u03c1\u03ce\u03c3\u03b5\u03b9\u03c2 [&hellip;]<\/p>\n","protected":false},"featured_media":7172,"comment_status":"closed","ping_status":"closed","template":"","meta":{"_gspb_post_css":""},"product_brand":[],"product_cat":[99,97,96,298],"product_tag":[101,189,234,196,197,238],"class_list":{"0":"post-7093","1":"product","2":"type-product","3":"status-publish","4":"has-post-thumbnail","6":"product_cat-porselanes","7":"product_cat-greengate-home-decor","8":"product_cat-home-decor","9":"product_cat-koupes","10":"product_tag-greengate","11":"product_tag-inp031025","12":"product_tag-234","13":"product_tag-196","14":"product_tag-197","15":"product_tag-238","17":"first","18":"instock","19":"purchasable","20":"product-type-simple"},"ct_brands":[],"_links":{"self":[{"href":"https:\/\/past-perfect.gr\/fr\/wp-json\/wp\/v2\/product\/7093","targetHints":{"allow":["GET"]}}],"collection":[{"href":"https:\/\/past-perfect.gr\/fr\/wp-json\/wp\/v2\/product"}],"about":[{"href":"https:\/\/past-perfect.gr\/fr\/wp-json\/wp\/v2\/types\/product"}],"replies":[{"embeddable":true,"href":"https:\/\/past-perfect.gr\/fr\/wp-json\/wp\/v2\/comments?post=7093"}],"wp:featuredmedia":[{"embeddable":true,"href":"https:\/\/past-perfect.gr\/fr\/wp-json\/wp\/v2\/media\/7172"}],"wp:attachment":[{"href":"https:\/\/past-perfect.gr\/fr\/wp-json\/wp\/v2\/media?parent=7093"}],"wp:term":[{"taxonomy":"product_brand","embeddable":true,"href":"https:\/\/past-perfect.gr\/fr\/wp-json\/wp\/v2\/product_brand?post=7093"},{"taxonomy":"product_cat","embeddable":true,"href":"https:\/\/past-perfect.gr\/fr\/wp-json\/wp\/v2\/product_cat?post=7093"},{"taxonomy":"product_tag","embeddable":true,"href":"https:\/\/past-perfect.gr\/fr\/wp-json\/wp\/v2\/product_tag?post=7093"}],"curies":[{"name":"wp","href":"https:\/\/api.w.org\/{rel}","templated":true}]}}