{"id":7096,"date":"2025-10-03T17:31:30","date_gmt":"2025-10-03T14:31:30","guid":{"rendered":"https:\/\/past-perfect.gr\/product\/oval-serving-plate-juana-white-small-greengate\/"},"modified":"2026-01-02T19:02:51","modified_gmt":"2026-01-02T17:02:51","slug":"assiette-de-service-ovale-juana-white-small-greengate","status":"publish","type":"product","link":"https:\/\/past-perfect.gr\/fr\/katastima\/home-decor\/oval-serving-plate-juana-white-small-greengate\/","title":{"rendered":"Assiette de service ovale Juana blanc petit- Greengate"},"content":{"rendered":"<p>Traditionnel et d\u00e9coratif, le <strong data-start=\"130\" data-end=\"162\">Petite assiette ovale Juana White<\/strong> apporte des motifs scandinaves \u00e0 votre table gr\u00e2ce \u00e0 son design \u00e9l\u00e9gant et intemporel. Sa petite forme ovale le rend id\u00e9al pour les desserts, les collations ou les accompagnements festifs. Inspir\u00e9 par la tradition et con\u00e7u pour un usage quotidien, il ajoute une touche saisonni\u00e8re discr\u00e8te \u00e0 chaque service.<strong>Mat\u00e9riau : <\/strong>Gr\u00e8s<br \/>\n<strong><br \/>\nCouleur :<\/strong> blanc<br \/>\n<strong>Diam\u00e8tre\/Largeur : <\/strong>15 cm<br \/>\n<strong>Capacit\u00e9 :<\/strong> L<br \/>\n<strong>Collection : <\/strong><strong>Premium<\/strong><br \/>\n<strong>Conception : <\/strong>Juana<\/p>","protected":false},"excerpt":{"rendered":"<p>\u03a0\u03b1\u03c1\u03b1\u03b4\u03bf\u03c3\u03b9\u03b1\u03ba\u03cc \u03ba\u03b1\u03b9 \u03b4\u03b9\u03b1\u03ba\u03bf\u03c3\u03bc\u03b7\u03c4\u03b9\u03ba\u03cc, \u03c4\u03bf Juana White Small Oval Plate \u03c6\u03ad\u03c1\u03bd\u03b5\u03b9 \u03c3\u03ba\u03b1\u03bd\u03b4\u03b9\u03bd\u03b1\u03b2\u03b9\u03ba\u03ac \u03bc\u03bf\u03c4\u03af\u03b2\u03b1 \u03c3\u03c4\u03bf \u03c4\u03c1\u03b1\u03c0\u03ad\u03b6\u03b9 \u03c3\u03b1\u03c2 \u03bc\u03ad\u03c3\u03b1 \u03b1\u03c0\u03cc \u03ad\u03bd\u03b1\u03bd \u03ba\u03bf\u03bc\u03c8\u03cc, \u03b4\u03b9\u03b1\u03c7\u03c1\u03bf\u03bd\u03b9\u03ba\u03cc \u03c3\u03c7\u03b5\u03b4\u03b9\u03b1\u03c3\u03bc\u03cc. \u03a4\u03bf \u03bc\u03b9\u03ba\u03c1\u03cc \u03bf\u03b2\u03ac\u03bb \u03c3\u03c7\u03ae\u03bc\u03b1 \u03c4\u03bf\u03c5 \u03c4\u03bf \u03ba\u03b1\u03b8\u03b9\u03c3\u03c4\u03ac \u03b9\u03b4\u03b1\u03bd\u03b9\u03ba\u03cc \u03b3\u03b9\u03b1 \u03b3\u03bb\u03c5\u03ba\u03af\u03c3\u03bc\u03b1\u03c4\u03b1, snacks \u03ae \u03b3\u03b9\u03bf\u03c1\u03c4\u03b9\u03bd\u03ad\u03c2 \u03c3\u03c5\u03bd\u03bf\u03b4\u03b5\u03c5\u03c4\u03b9\u03ba\u03ad\u03c2 \u03c0\u03c1\u03bf\u03c4\u03ac\u03c3\u03b5\u03b9\u03c2. \u0395\u03bc\u03c0\u03bd\u03b5\u03c5\u03c3\u03bc\u03ad\u03bd\u03bf \u03b1\u03c0\u03cc \u03c4\u03b7\u03bd \u03c0\u03b1\u03c1\u03ac\u03b4\u03bf\u03c3\u03b7 \u03ba\u03b1\u03b9 \u03c3\u03c7\u03b5\u03b4\u03b9\u03b1\u03c3\u03bc\u03ad\u03bd\u03bf \u03b3\u03b9\u03b1 \u03ba\u03b1\u03b8\u03b7\u03bc\u03b5\u03c1\u03b9\u03bd\u03ae \u03c7\u03c1\u03ae\u03c3\u03b7, \u03c0\u03c1\u03bf\u03c3\u03b8\u03ad\u03c4\u03b5\u03b9 \u03bc\u03b9\u03b1 \u03b4\u03b9\u03b1\u03ba\u03c1\u03b9\u03c4\u03b9\u03ba\u03ae \u03b5\u03c0\u03bf\u03c7\u03b9\u03ba\u03ae \u03c0\u03b9\u03bd\u03b5\u03bb\u03b9\u03ac \u03c3\u03b5 \u03ba\u03ac\u03b8\u03b5 \u03c3\u03b5\u03c1\u03b2\u03af\u03c1\u03b9\u03c3\u03bc\u03b1.Material: Stoneware Color: [&hellip;]<\/p>\n","protected":false},"featured_media":7159,"comment_status":"closed","ping_status":"closed","template":"","meta":{"_gspb_post_css":""},"product_brand":[],"product_cat":[96,97,186,99],"product_tag":[101,189,238],"class_list":{"0":"post-7096","1":"product","2":"type-product","3":"status-publish","4":"has-post-thumbnail","6":"product_cat-home-decor","7":"product_cat-greengate-home-decor","8":"product_cat-greengate-juana-collection","9":"product_cat-porselanes","10":"product_tag-greengate","11":"product_tag-inp031025","12":"product_tag-238","14":"first","15":"instock","16":"purchasable","17":"product-type-simple"},"ct_brands":[],"_links":{"self":[{"href":"https:\/\/past-perfect.gr\/fr\/wp-json\/wp\/v2\/product\/7096","targetHints":{"allow":["GET"]}}],"collection":[{"href":"https:\/\/past-perfect.gr\/fr\/wp-json\/wp\/v2\/product"}],"about":[{"href":"https:\/\/past-perfect.gr\/fr\/wp-json\/wp\/v2\/types\/product"}],"replies":[{"embeddable":true,"href":"https:\/\/past-perfect.gr\/fr\/wp-json\/wp\/v2\/comments?post=7096"}],"wp:featuredmedia":[{"embeddable":true,"href":"https:\/\/past-perfect.gr\/fr\/wp-json\/wp\/v2\/media\/7159"}],"wp:attachment":[{"href":"https:\/\/past-perfect.gr\/fr\/wp-json\/wp\/v2\/media?parent=7096"}],"wp:term":[{"taxonomy":"product_brand","embeddable":true,"href":"https:\/\/past-perfect.gr\/fr\/wp-json\/wp\/v2\/product_brand?post=7096"},{"taxonomy":"product_cat","embeddable":true,"href":"https:\/\/past-perfect.gr\/fr\/wp-json\/wp\/v2\/product_cat?post=7096"},{"taxonomy":"product_tag","embeddable":true,"href":"https:\/\/past-perfect.gr\/fr\/wp-json\/wp\/v2\/product_tag?post=7096"}],"curies":[{"name":"wp","href":"https:\/\/api.w.org\/{rel}","templated":true}]}}