{"id":7097,"date":"2025-10-03T17:31:30","date_gmt":"2025-10-03T14:31:30","guid":{"rendered":"https:\/\/past-perfect.gr\/product\/tea-cosy-luana-grey-w-embroidery-greengate\/"},"modified":"2026-01-10T13:20:37","modified_gmt":"2026-01-10T11:20:37","slug":"tea-cosy-luana-grey-w-embroidery-greengate","status":"publish","type":"product","link":"https:\/\/past-perfect.gr\/fr\/katastima\/home-decor\/greengate-home-decor\/yfasmatina-eidi\/tea-cosy-luana-grey-w-embroidery-greengate\/","title":{"rendered":"Couvre-th\u00e9i\u00e8re Luana gris avec broderie \u2013 Greengate"},"content":{"rendered":"<p>Le couvercle gris brod\u00e9 pour th\u00e9i\u00e8re Luana apporte une touche douce et \u00e9l\u00e9gante \u00e0 votre cuisine, alliant esth\u00e9tique et praticit\u00e9. Fabriqu\u00e9 en coton, il s'adapte \u00e0 la th\u00e9i\u00e8re et aide \u00e0 maintenir la temp\u00e9rature du th\u00e9 plus longtemps, pour que vous puissiez toujours le d\u00e9guster chaud. En m\u00eame temps, son design discret ajoute une touche raffin\u00e9e et \u00e9l\u00e9gante \u00e0 votre service \u00e0 th\u00e9.<\/p>","protected":false},"excerpt":{"rendered":"<p>Le couvercle gris brod\u00e9 pour th\u00e9i\u00e8re Luana apporte une touche douce et \u00e9l\u00e9gante \u00e0 votre cuisine, alliant esth\u00e9tique et praticit\u00e9. Fabriqu\u00e9 en coton, il s'adapte \u00e0 la th\u00e9i\u00e8re et aide \u00e0 maintenir la temp\u00e9rature du th\u00e9 plus longtemps, pour que vous puissiez toujours le d\u00e9guster chaud. En m\u00eame temps, son design discret ajoute une touche raffin\u00e9e et \u00e9l\u00e9gante \u00e0 votre service \u00e0 th\u00e9.<\/p>","protected":false},"featured_media":7199,"comment_status":"closed","ping_status":"closed","template":"","meta":{"_gspb_post_css":""},"product_brand":[],"product_cat":[97,96,98],"product_tag":[101,189,265,262,264,269,263,267,268,266],"class_list":{"0":"post-7097","1":"product","2":"type-product","3":"status-publish","4":"has-post-thumbnail","6":"product_cat-greengate-home-decor","7":"product_cat-home-decor","8":"product_cat-yfasmatina-eidi","9":"product_tag-greengate","10":"product_tag-inp031025","11":"product_tag-set-","12":"product_tag-tea","13":"product_tag-tea-cosy","14":"product_tag-teapot","15":"product_tag-263","16":"product_tag-267","17":"product_tag-268","18":"product_tag-266","20":"first","21":"instock","22":"purchasable","23":"product-type-simple"},"ct_brands":[],"_links":{"self":[{"href":"https:\/\/past-perfect.gr\/fr\/wp-json\/wp\/v2\/product\/7097","targetHints":{"allow":["GET"]}}],"collection":[{"href":"https:\/\/past-perfect.gr\/fr\/wp-json\/wp\/v2\/product"}],"about":[{"href":"https:\/\/past-perfect.gr\/fr\/wp-json\/wp\/v2\/types\/product"}],"replies":[{"embeddable":true,"href":"https:\/\/past-perfect.gr\/fr\/wp-json\/wp\/v2\/comments?post=7097"}],"wp:featuredmedia":[{"embeddable":true,"href":"https:\/\/past-perfect.gr\/fr\/wp-json\/wp\/v2\/media\/7199"}],"wp:attachment":[{"href":"https:\/\/past-perfect.gr\/fr\/wp-json\/wp\/v2\/media?parent=7097"}],"wp:term":[{"taxonomy":"product_brand","embeddable":true,"href":"https:\/\/past-perfect.gr\/fr\/wp-json\/wp\/v2\/product_brand?post=7097"},{"taxonomy":"product_cat","embeddable":true,"href":"https:\/\/past-perfect.gr\/fr\/wp-json\/wp\/v2\/product_cat?post=7097"},{"taxonomy":"product_tag","embeddable":true,"href":"https:\/\/past-perfect.gr\/fr\/wp-json\/wp\/v2\/product_tag?post=7097"}],"curies":[{"name":"wp","href":"https:\/\/api.w.org\/{rel}","templated":true}]}}