{"id":7101,"date":"2025-10-03T17:31:30","date_gmt":"2025-10-03T14:31:30","guid":{"rendered":"https:\/\/past-perfect.gr\/product\/mug-alice-claret-red-greengate\/"},"modified":"2026-04-29T16:19:58","modified_gmt":"2026-04-29T13:19:58","slug":"mug-alice-claret-red-greengate","status":"publish","type":"product","link":"https:\/\/past-perfect.gr\/fr\/katastima\/home-decor\/greengate-home-decor\/porselanes\/mug-alice-claret-red-greengate\/","title":{"rendered":"Mug Alice rouge bordeaux - Greengate"},"content":{"rendered":"<p>La tasse <strong data-start=\"200\" data-end=\"209\">Alice<\/strong> De couleur rouge claret, elle est fabriqu\u00e9e en porcelaine r\u00e9sistante et se distingue par son motif intemporel \u00e0 rayures et \u00e0 pois, offrant un style \u00e9l\u00e9gant et reconnaissable.<br \/>\nAssociez-la \u00e0 vos plats <strong data-start=\"402\" data-end=\"414\">Tous les jours<\/strong> en vert pin pour un ensemble complet et \u00e9l\u00e9gant, id\u00e9al pour No\u00ebl mais aussi pour toutes les saisons !<\/p>\n<p><strong>Mat\u00e9riau : <\/strong>Gr\u00e8s<br \/>\n<strong>Couleur :<\/strong> rouge fonc\u00e9<br \/>\n<strong>Hauteur :<\/strong> 10 cm<br \/>\n<strong>Diam\u00e8tre\/Largeur : <\/strong>9 cm<br \/>\n<strong>Capacit\u00e9 :<\/strong> 0,35 L<br \/>\n<strong>Collection : <\/strong><strong>Tous les jours<\/strong><br \/>\n<strong>Conception : <\/strong>Alice<\/p>\n<p>Adapt\u00e9 au micro-ondes<\/p>","protected":false},"excerpt":{"rendered":"<p>\u0397 \u03ba\u03bf\u03cd\u03c0\u03b1 Alice \u03c3\u03b5 \u03b1\u03c0\u03cc\u03c7\u03c1\u03c9\u03c3\u03b7 claret red \u03b5\u03af\u03bd\u03b1\u03b9 \u03c6\u03c4\u03b9\u03b1\u03b3\u03bc\u03ad\u03bd\u03b7 \u03b1\u03c0\u03cc \u03b1\u03bd\u03b8\u03b5\u03ba\u03c4\u03b9\u03ba\u03ae \u03c0\u03bf\u03c1\u03c3\u03b5\u03bb\u03ac\u03bd\u03b7 \u03ba\u03b1\u03b9 \u03be\u03b5\u03c7\u03c9\u03c1\u03af\u03b6\u03b5\u03b9 \u03bc\u03b5 \u03c4\u03bf \u03b4\u03b9\u03b1\u03c7\u03c1\u03bf\u03bd\u03b9\u03ba\u03cc \u03c3\u03c7\u03ad\u03b4\u03b9\u03bf \u03b1\u03c0\u03cc \u03c1\u03af\u03b3\u03b5\u03c2 \u03ba\u03b1\u03b9 \u03c0\u03bf\u03c5\u03ac, \u03c0\u03c1\u03bf\u03c3\u03c6\u03ad\u03c1\u03bf\u03bd\u03c4\u03b1\u03c2 \u03ad\u03bd\u03b1 \u03ba\u03bf\u03bc\u03c8\u03cc \u03ba\u03b1\u03b9 \u03b1\u03bd\u03b1\u03b3\u03bd\u03c9\u03c1\u03af\u03c3\u03b9\u03bc\u03bf \u03c3\u03c4\u03c5\u03bb. \u03a3\u03c5\u03bd\u03b4\u03c5\u03ac\u03c3\u03c4\u03b5 \u03c4\u03b7 \u03bc\u03b5 \u03c4\u03b1 \u03c0\u03b9\u03ac\u03c4\u03b1 Everyday \u03c3\u03b5 pinewood green \u03b3\u03b9\u03b1 \u03ad\u03bd\u03b1 \u03bf\u03bb\u03bf\u03ba\u03bb\u03b7\u03c1\u03c9\u03bc\u03ad\u03bd\u03bf \u03ba\u03b1\u03b9 \u03c3\u03c4\u03c5\u03bb\u03ac\u03c4\u03bf \u03c3\u03b5\u03c4, \u03b9\u03b4\u03b1\u03bd\u03b9\u03ba\u03cc \u03b3\u03b9\u03b1 \u03c4\u03b1 \u03a7\u03c1\u03b9\u03c3\u03c4\u03bf\u03cd\u03b3\u03b5\u03bd\u03bd\u03b1 \u03b1\u03bb\u03bb\u03ac \u03ba\u03b1\u03b9 \u03ba\u03ac\u03b8\u03b5 \u03b5\u03c0\u03bf\u03c7\u03ae! Material: Stoneware Color: dark [&hellip;]<\/p>\n","protected":false},"featured_media":7196,"comment_status":"closed","ping_status":"closed","template":"","meta":{"_gspb_post_css":""},"product_brand":[],"product_cat":[99,185,97,96,298],"product_tag":[261,259,101,189,258,260,262,248,196,238],"class_list":{"0":"post-7101","1":"product","2":"type-product","3":"status-publish","4":"has-post-thumbnail","6":"product_cat-porselanes","7":"product_cat-greengate-everyday-collection","8":"product_cat-greengate-home-decor","9":"product_cat-home-decor","10":"product_cat-koupes","11":"product_tag-coffee","12":"product_tag-cup-2","13":"product_tag-greengate","14":"product_tag-inp031025","15":"product_tag-koupa","16":"product_tag-mug","17":"product_tag-tea","18":"product_tag-248","19":"product_tag-196","20":"product_tag-238","22":"first","23":"instock","24":"purchasable","25":"product-type-simple"},"ct_brands":[],"_links":{"self":[{"href":"https:\/\/past-perfect.gr\/fr\/wp-json\/wp\/v2\/product\/7101","targetHints":{"allow":["GET"]}}],"collection":[{"href":"https:\/\/past-perfect.gr\/fr\/wp-json\/wp\/v2\/product"}],"about":[{"href":"https:\/\/past-perfect.gr\/fr\/wp-json\/wp\/v2\/types\/product"}],"replies":[{"embeddable":true,"href":"https:\/\/past-perfect.gr\/fr\/wp-json\/wp\/v2\/comments?post=7101"}],"wp:featuredmedia":[{"embeddable":true,"href":"https:\/\/past-perfect.gr\/fr\/wp-json\/wp\/v2\/media\/7196"}],"wp:attachment":[{"href":"https:\/\/past-perfect.gr\/fr\/wp-json\/wp\/v2\/media?parent=7101"}],"wp:term":[{"taxonomy":"product_brand","embeddable":true,"href":"https:\/\/past-perfect.gr\/fr\/wp-json\/wp\/v2\/product_brand?post=7101"},{"taxonomy":"product_cat","embeddable":true,"href":"https:\/\/past-perfect.gr\/fr\/wp-json\/wp\/v2\/product_cat?post=7101"},{"taxonomy":"product_tag","embeddable":true,"href":"https:\/\/past-perfect.gr\/fr\/wp-json\/wp\/v2\/product_tag?post=7101"}],"curies":[{"name":"wp","href":"https:\/\/api.w.org\/{rel}","templated":true}]}}